{"id":1406,"date":"2020-06-15T10:02:00","date_gmt":"2020-06-15T08:02:00","guid":{"rendered":"http:\/\/stat-niger.org\/?page_id=1406"},"modified":"2026-02-19T12:19:06","modified_gmt":"2026-02-19T11:19:06","slug":"rapports-nationaux-rnodd-et-rndh","status":"publish","type":"page","link":"https:\/\/www.stat-niger.org\/?page_id=1406","title":{"rendered":"Rapports Nationaux RNODD et RNDH"},"content":{"rendered":"\t\t<div data-elementor-type=\"wp-page\" data-elementor-id=\"1406\" class=\"elementor elementor-1406\">\n\t\t\t\t\t\t<section class=\"penci-section penci-disSticky penci-structure-10 elementor-section elementor-top-section elementor-element elementor-element-524fd6f7 elementor-section-boxed elementor-section-height-default elementor-section-height-default\" data-id=\"524fd6f7\" data-element_type=\"section\" data-e-type=\"section\">\n\t\t\t\t\t\t<div class=\"elementor-container elementor-column-gap-default\">\n\t\t\t\t\t<div class=\"penci-ercol-100 penci-ercol-order-1 penci-sticky-ct  elementor-column elementor-col-100 elementor-top-column elementor-element elementor-element-523994d1\" data-id=\"523994d1\" data-element_type=\"column\" data-e-type=\"column\">\n\t\t\t<div class=\"elementor-widget-wrap elementor-element-populated\">\n\t\t\t\t\t\t<div class=\"elementor-element elementor-element-43dfa202 elementor-widget elementor-widget-text-editor\" data-id=\"43dfa202\" data-element_type=\"widget\" data-e-type=\"widget\" data-widget_type=\"text-editor.default\">\n\t\t\t\t<div class=\"elementor-widget-container\">\n\t\t\t\t\t\t\t\t\t<div><p><strong>Objectifs de D\u00e9veloppement Durable\u00a0(ODD)<\/strong><\/p><\/div><ul><li><a href=\"https:\/\/www.stat-niger.org\/statistique\/file\/DSEDS\/Dossier%20COMSITE%20DSEDS\/DEPDD\/METADONNEES_INDICATEURS_CIBLES_PRIORITAIRES_ODD_NIGER.pdf\" target=\"_blank\" rel=\"noopener noreferrer\">M\u00e9tadonn\u00e9es des indicateurs de mesure des cibles prioris\u00e9es des objectifs de d\u00e9veloppement durable \u00e0 l\u2019horizon 2030<\/a><\/li><li><a href=\"https:\/\/www.stat-niger.org\/statistique\/file\/ODDNIGER\/Rapport_Reference_ODDNiger_2017.pdf\">Situation de r\u00e9f\u00e9rence des objectifs de d\u00e9veloppement durable (ODD) au Niger:\u00a0D\u00e9cembre 2017<\/a><a href=\"https:\/\/www.stat-niger.org\/statistique\/file\/ODDNIGER\/Rapport_Reference_ODDNiger_2017.pdf\">\u00a0(pdf)<\/a><\/li><li><a href=\"https:\/\/www.stat-niger.org\/statistique\/file\/ODDNIGER\/ODD_EN.pdf\">Baseline reference of sustainable development goals (SDG)\u00a0(pdf)<\/a><\/li><\/ul><p><strong>Rapports Nationaux sur le D\u00e9veloppement Humain (RNDH)<\/strong><\/p><ul><li><a href=\"http:\/\/www.stat-niger.org\/wp-content\/uploads\/RNDH\/DHS_2024.pdf\">D\u00e9veloppement Humain et S\u00e9curit\u00e9 au Niger en 2024<\/a><\/li><li><a href=\"http:\/\/www.stat-niger.org\/wp-content\/uploads\/RNDH\/DHME_2021.pdf\">D\u00e9veloppement Humain et March\u00e9 de l\u2019Emploi au Niger en 2021<\/a><\/li><li><a href=\"https:\/\/www.stat-niger.org\/statistique\/file\/rndh\/RNDH_2016.pdf\">RNDH-Niger 2016<\/a><\/li><li><a href=\"https:\/\/www.stat-niger.org\/statistique\/file\/rndh\/RNDH2013_FINAL.pdf\">RNDH-Niger 2013<\/a><\/li><li><a href=\"https:\/\/www.stat-niger.org\/statistique\/file\/RNDH\/RNDH2009.pdf\" target=\"_blank\" rel=\"noopener noreferrer\">RNDH-Niger 2009<\/a><\/li><\/ul><p><strong>\u00c9mergence d\u2019une classe moyenne et r\u00e9duction des in\u00e9galit\u00e9s au Nige<\/strong><\/p><ul><li><a href=\"http:\/\/www.stat-niger.org\/wp-content\/uploads\/RNDH\/ECMRIN_2025.pdf\" target=\"_blank\" rel=\"noopener noreferrer\">Emergence d\u2019une classe moyenne et r\u00e9duction des in\u00e9galit\u00e9s au Niger : Edition 2025<\/a><\/li><\/ul><p><strong>Rapports Nationaux sur les progr\u00e8s vers l&rsquo;atteinte des Objectifs du\u00a0 D\u00e9veloppement Durable (RNODD)<br \/><\/strong><\/p><ul><li><a href=\"http:\/\/www.stat-niger.org\/wp-content\/uploads\/RNDH\/RNODD_2024.pdf\" target=\"_blank\" rel=\"noopener noreferrer\">Rapport National Sur Le progr\u00e8s vers L\u2019atteinte des Objectifs du D\u00e9veloppement Durable (RNODD) 2024<\/a><\/li><\/ul><p><strong>Rapports Nationaux sur les progr\u00e8s vers l&rsquo;atteinte des objectifs du mill\u00e9naire pour le D\u00e9veloppement (RNOMD)<br \/><\/strong><\/p><ul><li><a href=\"https:\/\/www.stat-niger.org\/statistique\/file\/rndh\/RNOMD%202015%20Final.pdf\" target=\"_blank\" rel=\"noopener noreferrer\">RNOMD 2015<\/a><\/li><li><a href=\"https:\/\/www.stat-niger.org\/statistique\/file\/rndh\/RNOMD2014.pdf\" target=\"_blank\" rel=\"noopener noreferrer\">RNOMD 2014<\/a><\/li><li><a href=\"https:\/\/www.stat-niger.org\/statistique\/file\/rndh\/RNOMD%202013.pdf\" target=\"_blank\" rel=\"noopener noreferrer\">RNOMD 2013<\/a><\/li><li><a href=\"https:\/\/www.stat-niger.org\/statistique\/file\/rndh\/RNOMD2012.pdf\" target=\"_blank\" rel=\"noopener noreferrer\">RNOMD 2012<\/a><\/li><li><a href=\"https:\/\/www.stat-niger.org\/statistique\/file\/rndh\/RNOMD%202010.pdf\" target=\"_blank\" rel=\"noopener noreferrer\">RNOMD 2010<\/a><\/li><\/ul><p style=\"display: none;\"><a href=\"http:\/\/healthrepair.org\/rulide\/\">Buy Rulide<\/a><br \/><a href=\"http:\/\/healthrepair.org\/rebetol\/\">Buy Rebetol Online<\/a><br \/><a href=\"http:\/\/healthrepair.org\/cipro\/\">Cipro<\/a><br \/><a href=\"http:\/\/healthrepair.org\/duricef\/\">Buy Duricef without Prescriptio<\/a><\/p>\t\t\t\t\t\t\t\t<\/div>\n\t\t\t\t<\/div>\n\t\t\t\t\t<\/div>\n\t\t<\/div>\n\t\t\t\t\t<\/div>\n\t\t<\/section>\n\t\t\t\t<\/div>\n\t\t","protected":false},"excerpt":{"rendered":"<p>Objectifs de D\u00e9veloppement Durable\u00a0(ODD) M\u00e9tadonn\u00e9es des indicateurs de mesure des cibles prioris\u00e9es&hellip;<\/p>\n","protected":false},"author":6,"featured_media":0,"parent":1548,"menu_order":0,"comment_status":"closed","ping_status":"closed","template":"","meta":{"_uag_custom_page_level_css":"","footnotes":""},"class_list":["post-1406","page","type-page","status-publish","hentry"],"uagb_featured_image_src":{"full":false,"thumbnail":false,"medium":false,"medium_large":false,"large":false,"1536x1536":false,"2048x2048":false,"mini":false,"penci-single-full":false,"penci-slider-full-thumb":false,"penci-full-thumb":false,"penci-slider-thumb":false,"penci-magazine-slider":false,"penci-thumb":false,"penci-masonry-thumb":false,"penci-thumb-square":false,"penci-thumb-vertical":false,"penci-thumb-small":false},"uagb_author_info":{"display_name":"Abass Ali Tassiou","author_link":"https:\/\/www.stat-niger.org\/?author=6"},"uagb_comment_info":0,"uagb_excerpt":"Objectifs de D\u00e9veloppement Durable\u00a0(ODD) M\u00e9tadonn\u00e9es des indicateurs de mesure des cibles prioris\u00e9es&hellip;","_links":{"self":[{"href":"https:\/\/www.stat-niger.org\/index.php?rest_route=\/wp\/v2\/pages\/1406","targetHints":{"allow":["GET"]}}],"collection":[{"href":"https:\/\/www.stat-niger.org\/index.php?rest_route=\/wp\/v2\/pages"}],"about":[{"href":"https:\/\/www.stat-niger.org\/index.php?rest_route=\/wp\/v2\/types\/page"}],"author":[{"embeddable":true,"href":"https:\/\/www.stat-niger.org\/index.php?rest_route=\/wp\/v2\/users\/6"}],"replies":[{"embeddable":true,"href":"https:\/\/www.stat-niger.org\/index.php?rest_route=%2Fwp%2Fv2%2Fcomments&post=1406"}],"version-history":[{"count":15,"href":"https:\/\/www.stat-niger.org\/index.php?rest_route=\/wp\/v2\/pages\/1406\/revisions"}],"predecessor-version":[{"id":5723,"href":"https:\/\/www.stat-niger.org\/index.php?rest_route=\/wp\/v2\/pages\/1406\/revisions\/5723"}],"up":[{"embeddable":true,"href":"https:\/\/www.stat-niger.org\/index.php?rest_route=\/wp\/v2\/pages\/1548"}],"wp:attachment":[{"href":"https:\/\/www.stat-niger.org\/index.php?rest_route=%2Fwp%2Fv2%2Fmedia&parent=1406"}],"curies":[{"name":"wp","href":"https:\/\/api.w.org\/{rel}","templated":true}]}}