{"id":1479,"date":"2020-06-15T11:01:02","date_gmt":"2020-06-15T09:01:02","guid":{"rendered":"http:\/\/stat-niger.org\/?page_id=1479"},"modified":"2026-05-08T08:37:28","modified_gmt":"2026-05-08T07:37:28","slug":"mot-du-directeur-general","status":"publish","type":"page","link":"https:\/\/www.stat-niger.org\/?page_id=1479","title":{"rendered":"Mot du Directeur G\u00e9n\u00e9ral"},"content":{"rendered":"\t\t<div data-elementor-type=\"wp-page\" data-elementor-id=\"1479\" class=\"elementor elementor-1479\">\n\t\t\t\t\t\t<section class=\"penci-section penci-disSticky penci-structure-10 elementor-section elementor-top-section elementor-element elementor-element-579cd22 elementor-section-boxed elementor-section-height-default elementor-section-height-default\" data-id=\"579cd22\" data-element_type=\"section\" data-e-type=\"section\">\n\t\t\t\t\t\t<div class=\"elementor-container elementor-column-gap-default\">\n\t\t\t\t\t<div class=\"penci-ercol-100 penci-ercol-order-1 penci-sticky-ct  elementor-column elementor-col-100 elementor-top-column elementor-element elementor-element-c0f3e1d\" data-id=\"c0f3e1d\" data-element_type=\"column\" data-e-type=\"column\">\n\t\t\t<div class=\"elementor-widget-wrap elementor-element-populated\">\n\t\t\t\t\t\t<div class=\"elementor-element elementor-element-a82665d elementor-widget elementor-widget-text-editor\" data-id=\"a82665d\" data-element_type=\"widget\" data-e-type=\"widget\" data-widget_type=\"text-editor.default\">\n\t\t\t\t<div class=\"elementor-widget-container\">\n\t\t\t\t\t\t\t\t\t<p><img decoding=\"async\" style=\"float: left; margin: 0 15px 10px 0;\" src=\"https:\/\/www.stat-niger.org\/wp-content\/uploads\/2026\/03\/sg_pi_ins.jpeg\" alt=\"\" width=\"45%\" ;=\"\" height:\"auto\"=\"\"><\/p>\n<p>Mesdames et Messieurs,<\/p>\n<p>Chers internautes,<\/p>\n<p>Pour encore mieux vous servir, tenir davantage compte de vos besoins et pr\u00e9occupations en mati\u00e8re de donn\u00e9es statistiques, l\u2019<strong>Institut National de la Statistique <\/strong>(<strong>INS<\/strong>) a r\u00e9nov\u00e9 son site Web. Nous savons que vous \u00eates nombreux, tr\u00e8s nombreux, \u00e0 nous adresser des requ\u00eates, par diff\u00e9rentes voies de communication, pour nous demander de mettre \u00e0 votre disposition des informations statistiques fiables, dans tous les secteurs de la vie socio\u00e9conomique de notre pays, et m\u00eame au del\u00e0.<\/p>\n<p>Je voudrais \u00e0 cette occasion vous exprimer nos remerciements et toute notre gratitude, pour cette marque de confiance renouvel\u00e9e, plac\u00e9e en nous, pour l\u2019int\u00e9r\u00eat que vous portez \u00e0 nos produits, et \u00e0 nos activit\u00e9s de mani\u00e8re g\u00e9n\u00e9rale.<\/p>\n<p>Notre Institut a pour mission principale de mettre \u00e0 votre disposition des donn\u00e9es statistiques fiables, de qualit\u00e9 et \u00e0 jour, tenant compte de vos pr\u00e9occupations essentielles, afin de vous aider \u00e0 mieux connaitre la situation socio\u00e9conomique de notre pays le Niger, et ainsi pouvoir prendre de bonnes d\u00e9cisions, op\u00e9rer des choix qui sont bons pour votre avenir, dans le cadre de vos activit\u00e9s publiques, priv\u00e9es et\/ou familiales.<\/p>\n<p><strong>Les gouvernements, les collectivit\u00e9s territoriales<\/strong> (<strong>r\u00e9gions, d\u00e9partements, communes<\/strong>), <strong>les entreprises, les personnes individuelles, \u00e9tudiants, chercheurs, chefs de m\u00e9nages, citoyen <\/strong>\u2018<strong>tout court<\/strong>\u2019<strong>, tout le monde a besoin de donn\u00e9es statistiques, pour prendre des d\u00e9cisions justes et appropri\u00e9es<\/strong>. Chacun de nous a besoin de bonnes donn\u00e9es statistiques, pour \u00e9valuer les changements importants et les r\u00e9percussions que ces changements ont sur nous et sur notre environnement.<\/p>\n<p>Mesdames et Messieurs, Chers internautes, Chers utilisateurs de donn\u00e9es statistiques publiques du Niger, <strong>nous sommes l\u00e0 pour vous&nbsp;!<\/strong> Aussi, faites-nous part (\u00e0 chaque fois que de besoin) de vos suggestions, de vos remarques, de vos observations, de vos pr\u00e9occupations statistiques quelles qu\u2019elles soient, pour que nous puissions am\u00e9liorer nos produits et satisfaire davantage vos principaux besoins.<\/p>\n<p>Mesdames et Messieurs,<\/p>\n<p>Chers internautes,<\/p>\n<p>Comme vous le savez, notre Institut est \u00e0 pied d\u2019\u0153uvre pour organiser le <strong>5<sup>\u00e8me<\/sup> Recensement G\u00e9n\u00e9ral de la Population et de l\u2019Habitat<\/strong> (<strong>RGPH-5<\/strong>).<\/p>\n<p>De mani\u00e8re g\u00e9n\u00e9rale, le Recensement G\u00e9n\u00e9ral de la Population et de l\u2019Habitat (RGPH) est une <strong>op\u00e9ration de collecte de donn\u00e9es socio-\u00e9conomiques et d\u00e9mographiques <u>exhaustives<\/u><\/strong>. Du reste, au terme des dispositions du D\u00e9cret N\u00b0<strong><u>2021-294<\/u><\/strong>\/PRN\/MP en date du 06 mai 2021 portant organisation du 5<sup>\u00e8me<\/sup> RGPH, ce dernier vise principalement, \u00e0 :<\/p>\n<ul>\n<li><strong>d\u00e9terminer l\u2019effectif, les caract\u00e9ristiques d\u00e9mographiques et la distribution spatiale de la population<\/strong> (objectif ultime de l\u2019op\u00e9ration)&nbsp;;<\/li>\n<li>collecter les donn\u00e9es indispensables \u00e0 la connaissance des mouvements de la population (natalit\u00e9, f\u00e9condit\u00e9, mortalit\u00e9 g\u00e9n\u00e9rale, mortalit\u00e9 maternelle, mortalit\u00e9 des enfants et migration)&nbsp;;<\/li>\n<li>connaitre les caract\u00e9ristiques socio-\u00e9conomiques et culturelles de la population&nbsp;;<\/li>\n<li><strong>\u00e9valuer les changements intervenus depuis le recensement de 2012<\/strong> (<strong>RGPH-4<\/strong>)&nbsp;;<\/li>\n<li>d\u00e9terminer les caract\u00e9ristiques des habitations.<\/li>\n<\/ul>\n<p>C\u2019est le lieu ici pour moi, en tant que premier responsable de l\u2019INS, de mesurer pleinement la responsabilit\u00e9 qui nous incombe d\u00e9sormais mes coll\u00e8gues et moi, dans un contexte o\u00f9 notre Syst\u00e8me Statistique National (SSN) est constamment appel\u00e9 \u00e0 produire des donn\u00e9es statistiques toujours plus fiables, opportunes et pertinentes, au service notamment des politiques publiques (conception\/design, suivi, \u00e9valuation), pour orienter les d\u00e9cisions des autorit\u00e9s \u00e0 tous les niveaux en faveur du d\u00e9veloppement \u00e9conomique et du progr\u00e8s social de notre pays.<\/p>\n<p><em>C\u2019est pourquoi, Mesdames et Messieurs \/ Chers internautes, j\u2019invite chacun\/e de vous \u00e0 consulter \u00e9galement le site Web d\u00e9di\u00e9 sp\u00e9cialement \u00e0 l\u2019organisation de cette grande op\u00e9ration statistique (<\/em><a href=\"http:\/\/www.rgph5.ne\"><em>www.rgph5.ne<\/em><\/a><em>), et \u00e0 nous faire part l\u00e0 \u00e9galement, \u00e0 chaque fois que de besoin, de vos remarques et suggestions (e-mail: <\/em><a href=\"mailto:ins@ins.ne\"><em>ins@ins.ne<\/em><\/a><em>), afin de nous permettre d\u2019am\u00e9liorer continuellement la qualit\u00e9 de nos services.<\/em><\/p>\n<p>Bonne navigation \u00e0 toutes et \u00e0 tous, Cher.e.s internautes, en esp\u00e9rant vous accueillir (j\u2019esp\u00e8re tr\u00e8s prochainement) dans nos locaux \u00e0 notre Si\u00e8ge \u00e0 Niamey ou dans les locaux de nos huit (08) Directions R\u00e9gionales (DR\/INS), et en esp\u00e9rant que vous pousserez vos coll\u00e8gues et proches \u00e0 faire \u00e9galement comme vous.<\/p>\n<p>Merci encore de votre confiance&nbsp;!<\/p>\n<p>A bient\u00f4t&nbsp;!<\/p>\n<p><strong>Moussa MAMAN HASSAN<\/strong>,<\/p>\n<p><strong>Directeur G\u00e9n\u00e9ral<\/strong><\/p>\t\t\t\t\t\t\t\t<\/div>\n\t\t\t\t<\/div>\n\t\t\t\t\t<\/div>\n\t\t<\/div>\n\t\t\t\t\t<\/div>\n\t\t<\/section>\n\t\t\t\t<\/div>\n\t\t","protected":false},"excerpt":{"rendered":"<p>Mesdames et Messieurs, Chers internautes, Pour encore mieux vous servir, tenir davantage&hellip;<\/p>\n","protected":false},"author":6,"featured_media":0,"parent":0,"menu_order":0,"comment_status":"closed","ping_status":"closed","template":"","meta":{"_uag_custom_page_level_css":"","footnotes":""},"class_list":["post-1479","page","type-page","status-publish","hentry"],"uagb_featured_image_src":{"full":false,"thumbnail":false,"medium":false,"medium_large":false,"large":false,"1536x1536":false,"2048x2048":false,"mini":false,"penci-single-full":false,"penci-slider-full-thumb":false,"penci-full-thumb":false,"penci-slider-thumb":false,"penci-magazine-slider":false,"penci-thumb":false,"penci-masonry-thumb":false,"penci-thumb-square":false,"penci-thumb-vertical":false,"penci-thumb-small":false},"uagb_author_info":{"display_name":"Abass Ali Tassiou","author_link":"https:\/\/www.stat-niger.org\/?author=6"},"uagb_comment_info":0,"uagb_excerpt":"Mesdames et Messieurs, Chers internautes, Pour encore mieux vous servir, tenir davantage&hellip;","_links":{"self":[{"href":"https:\/\/www.stat-niger.org\/index.php?rest_route=\/wp\/v2\/pages\/1479","targetHints":{"allow":["GET"]}}],"collection":[{"href":"https:\/\/www.stat-niger.org\/index.php?rest_route=\/wp\/v2\/pages"}],"about":[{"href":"https:\/\/www.stat-niger.org\/index.php?rest_route=\/wp\/v2\/types\/page"}],"author":[{"embeddable":true,"href":"https:\/\/www.stat-niger.org\/index.php?rest_route=\/wp\/v2\/users\/6"}],"replies":[{"embeddable":true,"href":"https:\/\/www.stat-niger.org\/index.php?rest_route=%2Fwp%2Fv2%2Fcomments&post=1479"}],"version-history":[{"count":56,"href":"https:\/\/www.stat-niger.org\/index.php?rest_route=\/wp\/v2\/pages\/1479\/revisions"}],"predecessor-version":[{"id":6019,"href":"https:\/\/www.stat-niger.org\/index.php?rest_route=\/wp\/v2\/pages\/1479\/revisions\/6019"}],"wp:attachment":[{"href":"https:\/\/www.stat-niger.org\/index.php?rest_route=%2Fwp%2Fv2%2Fmedia&parent=1479"}],"curies":[{"name":"wp","href":"https:\/\/api.w.org\/{rel}","templated":true}]}}