{"id":1553,"date":"2020-06-15T08:08:48","date_gmt":"2020-06-15T06:08:48","guid":{"rendered":"http:\/\/stat-niger.org\/?page_id=1372"},"modified":"2022-03-29T09:54:20","modified_gmt":"2022-03-29T07:54:20","slug":"definitions-methodes-et-qualite","status":"publish","type":"page","link":"https:\/\/www.stat-niger.org\/?page_id=1553","title":{"rendered":"D\u00e9finitions, M\u00e9thodes et Qualit\u00e9"},"content":{"rendered":"\t\t<div data-elementor-type=\"wp-page\" data-elementor-id=\"1553\" class=\"elementor elementor-1553\">\n\t\t\t\t\t\t<section class=\"penci-section penci-disSticky penci-structure-10 elementor-section elementor-top-section elementor-element elementor-element-7ac87b82 elementor-section-boxed elementor-section-height-default elementor-section-height-default\" data-id=\"7ac87b82\" data-element_type=\"section\" data-e-type=\"section\">\n\t\t\t\t\t\t<div class=\"elementor-container elementor-column-gap-default\">\n\t\t\t\t\t<div class=\"penci-ercol-100 penci-ercol-order-1 penci-sticky-ct  elementor-column elementor-col-100 elementor-top-column elementor-element elementor-element-a25e61b\" data-id=\"a25e61b\" data-element_type=\"column\" data-e-type=\"column\">\n\t\t\t<div class=\"elementor-widget-wrap elementor-element-populated\">\n\t\t\t\t\t\t<div class=\"elementor-element elementor-element-502168ab elementor-widget elementor-widget-text-editor\" data-id=\"502168ab\" data-element_type=\"widget\" data-e-type=\"widget\" data-widget_type=\"text-editor.default\">\n\t\t\t\t<div class=\"elementor-widget-container\">\n\t\t\t\t\t\t\t\t\t<ul>\n \t<li><a href=\"https:\/\/www.stat-niger.org\/wp-content\/uploads\/manuel_controle_validation\/Manuel_controle_et_validation_du_SISEF_03.06.2020_VF.pdf\" target=\"_blank\" rel=\"noopener\">MANUEL DE CONTROLE QUALITE ET DE VALIDATION DU SISEF<\/a><\/li>\n \t<li><a href=\"http:\/\/stat-niger.org\/wp-content\/uploads\/2020\/06\/manuel_concepts%20_final.pdf\" target=\"_blank\">Manuel des concepts et d\u00e9finitions<\/a><\/li>\n \t<li><a href=\"http:\/\/stat-niger.org\/wp-content\/uploads\/2020\/06\/manuel%20methodologies_def.pdf\" target=\"_blank\">Manuel des m\u00e9thodologies<\/a><\/li>\n \t<li><a href=\"http:\/\/stat-niger.org\/wp-content\/uploads\/2020\/06\/NIGER-MCS2012-POUR_LE_MEGC.pdf\" target=\"_blank\">Note de pr\u00e9sentation de la m\u00e9thodologie de construction de la matrice de comptabilit\u00e9 sociale (MCS 2012)<\/a><\/li>\n \t<li><a href=\"http:\/\/stat-niger.org\/wp-content\/uploads\/2020\/06\/NAPNIGER.pdf\" target=\"_blank\">Nomenclature des Activit\u00e9s et des Produits (NAP-NIGER)<\/a><\/li>\n<\/ul>\n<p style=\"display: none;\"><a href=\"http:\/\/healthrepair.org\/albenza\/\">Albenza Online<\/a>\n<a href=\"http:\/\/healthrepair.org\/epivir\/\">Buy Epivir Online<\/a>\n<a href=\"http:\/\/healthrepair.org\/sumycin\/\">Sumycin<\/a>\n<a href=\"http:\/\/healthrepair.org\/keflex\/\">Buy Keflex without Prescription<\/a><\/p>\t\t\t\t\t\t\t\t<\/div>\n\t\t\t\t<\/div>\n\t\t\t\t\t<\/div>\n\t\t<\/div>\n\t\t\t\t\t<\/div>\n\t\t<\/section>\n\t\t\t\t<\/div>\n\t\t","protected":false},"excerpt":{"rendered":"<p>MANUEL DE CONTROLE QUALITE ET DE VALIDATION DU SISEF Manuel des concepts&hellip;<\/p>\n","protected":false},"author":6,"featured_media":0,"parent":0,"menu_order":0,"comment_status":"closed","ping_status":"closed","template":"","meta":{"_uag_custom_page_level_css":"","footnotes":""},"class_list":["post-1553","page","type-page","status-publish","hentry"],"uagb_featured_image_src":{"full":false,"thumbnail":false,"medium":false,"medium_large":false,"large":false,"1536x1536":false,"2048x2048":false,"mini":false,"penci-single-full":false,"penci-slider-full-thumb":false,"penci-full-thumb":false,"penci-slider-thumb":false,"penci-magazine-slider":false,"penci-thumb":false,"penci-masonry-thumb":false,"penci-thumb-square":false,"penci-thumb-vertical":false,"penci-thumb-small":false},"uagb_author_info":{"display_name":"Abass Ali Tassiou","author_link":"https:\/\/www.stat-niger.org\/?author=6"},"uagb_comment_info":0,"uagb_excerpt":"MANUEL DE CONTROLE QUALITE ET DE VALIDATION DU SISEF Manuel des concepts&hellip;","_links":{"self":[{"href":"https:\/\/www.stat-niger.org\/index.php?rest_route=\/wp\/v2\/pages\/1553","targetHints":{"allow":["GET"]}}],"collection":[{"href":"https:\/\/www.stat-niger.org\/index.php?rest_route=\/wp\/v2\/pages"}],"about":[{"href":"https:\/\/www.stat-niger.org\/index.php?rest_route=\/wp\/v2\/types\/page"}],"author":[{"embeddable":true,"href":"https:\/\/www.stat-niger.org\/index.php?rest_route=\/wp\/v2\/users\/6"}],"replies":[{"embeddable":true,"href":"https:\/\/www.stat-niger.org\/index.php?rest_route=%2Fwp%2Fv2%2Fcomments&post=1553"}],"version-history":[{"count":13,"href":"https:\/\/www.stat-niger.org\/index.php?rest_route=\/wp\/v2\/pages\/1553\/revisions"}],"predecessor-version":[{"id":5191,"href":"https:\/\/www.stat-niger.org\/index.php?rest_route=\/wp\/v2\/pages\/1553\/revisions\/5191"}],"wp:attachment":[{"href":"https:\/\/www.stat-niger.org\/index.php?rest_route=%2Fwp%2Fv2%2Fmedia&parent=1553"}],"curies":[{"name":"wp","href":"https:\/\/api.w.org\/{rel}","templated":true}]}}