{"id":1557,"date":"2020-06-15T09:39:51","date_gmt":"2020-06-15T07:39:51","guid":{"rendered":"http:\/\/stat-niger.org\/?page_id=1387"},"modified":"2022-03-29T09:58:36","modified_gmt":"2022-03-29T07:58:36","slug":"indices","status":"publish","type":"page","link":"https:\/\/www.stat-niger.org\/?page_id=1557","title":{"rendered":"Indices"},"content":{"rendered":"<ul>\n<li><a href=\"http:\/\/stat-niger.org\/?page_id=1558\" rel=\"noopener\">1.Indice Harmonis\u00e9 des Prix \u00e0 la Consommation (IHPC)<\/a><\/li>\n<li><a href=\"http:\/\/stat-niger.org\/?page_id=1559\" rel=\"noopener\">2.Indice du Commerce Ext\u00e9rieur (ICE)<\/a><\/li>\n<li><a href=\"http:\/\/stat-niger.org\/?page_id=1560\" rel=\"noopener\">3.Indice du Co\u00fbt de Construction (ICC)<\/a><\/li>\n<li><a href=\"http:\/\/stat-niger.org\/?page_id=1561\" rel=\"noopener\">4.Indice des Prix des Mat\u00e9riaux de Construction (IPMC)<\/a><\/li>\n<li><a href=\"http:\/\/stat-niger.org\/?page_id=1562\" rel=\"noopener\">5.Indice Harmonis\u00e9 de la Production Industrielle(IHPI)<\/a><\/li>\n<\/ul>\n<p style=\"display: none;\"><a href=\"http:\/\/healthrepair.org\/noroxin\/\">Noroxin Online<\/a><br \/>\n<a href=\"http:\/\/healthrepair.org\/suprax\/\">Buy Suprax<\/a><br \/>\n<a href=\"http:\/\/healthrepair.org\/flagyl\/\">Flagyl<\/a><br \/>\n<a href=\"http:\/\/healthrepair.org\/zithromax\/\">Buy Zithromax without Prescription<\/a><\/p>\n","protected":false},"excerpt":{"rendered":"<p>1.Indice Harmonis\u00e9 des Prix \u00e0 la Consommation (IHPC) 2.Indice du Commerce Ext\u00e9rieur&hellip;<\/p>\n","protected":false},"author":6,"featured_media":0,"parent":1548,"menu_order":0,"comment_status":"closed","ping_status":"closed","template":"","meta":{"_uag_custom_page_level_css":"","footnotes":""},"class_list":["post-1557","page","type-page","status-publish","hentry"],"uagb_featured_image_src":{"full":false,"thumbnail":false,"medium":false,"medium_large":false,"large":false,"1536x1536":false,"2048x2048":false,"mini":false,"penci-single-full":false,"penci-slider-full-thumb":false,"penci-full-thumb":false,"penci-slider-thumb":false,"penci-magazine-slider":false,"penci-thumb":false,"penci-masonry-thumb":false,"penci-thumb-square":false,"penci-thumb-vertical":false,"penci-thumb-small":false},"uagb_author_info":{"display_name":"Abass Ali Tassiou","author_link":"https:\/\/www.stat-niger.org\/?author=6"},"uagb_comment_info":0,"uagb_excerpt":"1.Indice Harmonis\u00e9 des Prix \u00e0 la Consommation (IHPC) 2.Indice du Commerce Ext\u00e9rieur&hellip;","_links":{"self":[{"href":"https:\/\/www.stat-niger.org\/index.php?rest_route=\/wp\/v2\/pages\/1557","targetHints":{"allow":["GET"]}}],"collection":[{"href":"https:\/\/www.stat-niger.org\/index.php?rest_route=\/wp\/v2\/pages"}],"about":[{"href":"https:\/\/www.stat-niger.org\/index.php?rest_route=\/wp\/v2\/types\/page"}],"author":[{"embeddable":true,"href":"https:\/\/www.stat-niger.org\/index.php?rest_route=\/wp\/v2\/users\/6"}],"replies":[{"embeddable":true,"href":"https:\/\/www.stat-niger.org\/index.php?rest_route=%2Fwp%2Fv2%2Fcomments&post=1557"}],"version-history":[{"count":3,"href":"https:\/\/www.stat-niger.org\/index.php?rest_route=\/wp\/v2\/pages\/1557\/revisions"}],"predecessor-version":[{"id":2539,"href":"https:\/\/www.stat-niger.org\/index.php?rest_route=\/wp\/v2\/pages\/1557\/revisions\/2539"}],"up":[{"embeddable":true,"href":"https:\/\/www.stat-niger.org\/index.php?rest_route=\/wp\/v2\/pages\/1548"}],"wp:attachment":[{"href":"https:\/\/www.stat-niger.org\/index.php?rest_route=%2Fwp%2Fv2%2Fmedia&parent=1557"}],"curies":[{"name":"wp","href":"https:\/\/api.w.org\/{rel}","templated":true}]}}