{"id":225,"date":"2020-05-18T18:51:16","date_gmt":"2020-05-18T16:51:16","guid":{"rendered":"http:\/\/stat-niger.org\/?page_id=225"},"modified":"2025-09-03T15:06:53","modified_gmt":"2025-09-03T14:06:53","slug":"dosso","status":"publish","type":"page","link":"https:\/\/www.stat-niger.org\/?page_id=225","title":{"rendered":"Dosso"},"content":{"rendered":"\t\t<div data-elementor-type=\"wp-page\" data-elementor-id=\"225\" class=\"elementor elementor-225\">\n\t\t\t\t\t\t<section class=\"penci-section penci-disSticky penci-structure-10 elementor-section elementor-top-section elementor-element elementor-element-29bb2e2b elementor-section-boxed elementor-section-height-default elementor-section-height-default\" data-id=\"29bb2e2b\" data-element_type=\"section\" data-e-type=\"section\">\n\t\t\t\t\t\t<div class=\"elementor-container elementor-column-gap-default\">\n\t\t\t\t\t<div class=\"penci-ercol-100 penci-ercol-order-1 penci-sticky-ct  elementor-column elementor-col-100 elementor-top-column elementor-element elementor-element-635184df\" data-id=\"635184df\" data-element_type=\"column\" data-e-type=\"column\">\n\t\t\t<div class=\"elementor-widget-wrap elementor-element-populated\">\n\t\t\t\t\t\t<div class=\"elementor-element elementor-element-4e732eb3 elementor-widget elementor-widget-text-editor\" data-id=\"4e732eb3\" data-element_type=\"widget\" data-e-type=\"widget\" data-widget_type=\"text-editor.default\">\n\t\t\t\t<div class=\"elementor-widget-container\">\n\t\t\t\t\t\t\t\t\t<h3 class=\"text-highlight highlight-green\">Dosso en chiffres : \u00e9dition annuelle<\/h3><ul><li><a href=\"http:\/\/stat-niger.org\/wp-content\/uploads\/dosso\/Dosso_en_chiffre_Edition_2023.pdf\">Dosso en chiffres 2023<\/a><\/li><li><a href=\"http:\/\/stat-niger.org\/wp-content\/uploads\/dosso\/Dosso_en_chiffre_Edition_2022.pdf\">Dosso en chiffres 2022<\/a><\/li><li><a href=\"http:\/\/stat-niger.org\/wp-content\/uploads\/dosso\/Dosso_en_chiffre_Edition_2021.pdf\">Dosso en chiffres 2021<\/a><\/li><li><a href=\"http:\/\/stat-niger.org\/wp-content\/uploads\/dosso\/Dosso_en_chiffre_Edition_2020.pdf\">Dosso en chiffres 2020<\/a><\/li><li><a href=\"http:\/\/stat-niger.org\/wp-content\/uploads\/dosso\/Dosso_en_chiffre_Edition_2019.pdf\">Dosso en chiffres 2019<\/a><\/li><li><a href=\"http:\/\/stat-niger.org\/wp-content\/uploads\/2020\/05\/Dosso_Chiffres_2017.pdf\">Dosso en chiffres 2017<\/a><\/li><li><a href=\"http:\/\/stat-niger.org\/wp-content\/uploads\/2020\/05\/Dosso_Chiffres_2016.pdf\">Dosso en chiffres 2016<\/a><\/li><li><a href=\"http:\/\/stat-niger.org\/wp-content\/uploads\/2020\/05\/Dosso_Chiffres_2015.pdf\">Dosso en chiffres 2015<\/a><\/li><li><a href=\"http:\/\/stat-niger.org\/wp-content\/uploads\/2020\/05\/Dosso_Chiffres_2014.pdf\">Dosso en chiffres 2014<\/a><\/li><\/ul><h3 class=\"text-highlight highlight-green\">Affiches Murales : \u00e9dition annuelle<\/h3><ul><li><a href=\"http:\/\/stat-niger.org\/wp-content\/uploads\/dosso\/affiche_murale_2023.pdf\" target=\"_blank\" rel=\"noopener\">Affiche Murale 2023<\/a><\/li><li><a href=\"http:\/\/stat-niger.org\/wp-content\/uploads\/dosso\/affiche_murale_2022.pdf\" target=\"_blank\" rel=\"noopener\">Affiche Murale 2022<\/a><\/li><li><a href=\"http:\/\/stat-niger.org\/wp-content\/uploads\/dosso\/affiche_murale_2017.pdf\" target=\"_blank\" rel=\"noopener\">Affiche Murale 2017<\/a><\/li><\/ul><h3 class=\"text-highlight highlight-green\">Annuaires Statistiques :\u00a0\u00e9dition annuelle<\/h3><ul><li><a href=\"http:\/\/stat-niger.org\/wp-content\/uploads\/dosso\/Annuaire_2023.pdf\">Annuaire Statistique 2018-2022 Edition 2023<\/a><\/li><li><a href=\"http:\/\/stat-niger.org\/wp-content\/uploads\/dosso\/Annuaire_2022.pdf\">Annuaire Statistique 2017-2021 Edition 2022<\/a><\/li><li><a href=\"http:\/\/stat-niger.org\/wp-content\/uploads\/dosso\/Annuaire_2021.pdf\">Annuaire Statistique 2016-2020 Edition 2021<\/a><\/li><li><a href=\"http:\/\/stat-niger.org\/wp-content\/uploads\/dosso\/Annuaire_2020.pdf\">Annuaire Statistique 2015-2019 Edition 2020<\/a><\/li><li><a href=\"http:\/\/stat-niger.org\/wp-content\/uploads\/dosso\/Annuaire_2019.pdf\">Annuaire Statistique 2014-2018 Edition 2019<\/a><\/li><li><a href=\"http:\/\/stat-niger.org\/wp-content\/uploads\/2020\/05\/AS_Dosso_2013_2017.pdf\">Statistique 2013-2017 Edition 2018<\/a><\/li><li><a href=\"http:\/\/stat-niger.org\/wp-content\/uploads\/2020\/05\/ANNUAIRE_DOSSO_2017.pdf\">Statistique 2012-2016 Edition 2017<\/a><\/li><li><a href=\"http:\/\/stat-niger.org\/wp-content\/uploads\/2020\/05\/annuaire-Dosso-2011-2015_VP-27032017_obs-SS.pdf\">Statistique 2011-2015 Edition 2016<\/a><\/li><li><a href=\"http:\/\/stat-niger.org\/wp-content\/uploads\/2020\/05\/Annuaire_Statistique_Dosso_2015.pdf\">Statistique 2010-2014 Edition 2015<\/a><\/li><li><a href=\"http:\/\/stat-niger.org\/wp-content\/uploads\/dosso\/Annuaire_2014.pdf\">Annuaire Statistique 2009-2013 Edition 2014<\/a><\/li><\/ul><h3 class=\"text-highlight highlight-green\"><strong>Bulletins des prix :\u00a0\u00e9dition trimestrielle<\/strong><\/h3><h4>Ann\u00e9e 2025 :<\/h4><ul><li><a href=\"http:\/\/stat-niger.org\/wp-content\/uploads\/dosso\/BTP_DO_2025_1T.pdf\" target=\"_blank\" rel=\"noopener\">1er trimestre 2025<\/a><\/li><\/ul><h4>Ann\u00e9e 2024 :<\/h4><ul><li><a href=\"http:\/\/stat-niger.org\/wp-content\/uploads\/dosso\/BTP_DO_2024_1T.pdf\" target=\"_blank\" rel=\"noopener\">1er trimestre 2024<\/a><\/li><li><a href=\"http:\/\/stat-niger.org\/wp-content\/uploads\/dosso\/BTP_DO_2024_2T.pdf\" target=\"_blank\" rel=\"noopener\">2\u00e8me trimestre 2024<\/a><\/li><li><a href=\"http:\/\/stat-niger.org\/wp-content\/uploads\/dosso\/BTP_DO_2024_3T.pdf\" target=\"_blank\" rel=\"noopener\">3\u00e8me trimestre 2024<\/a><\/li><\/ul><h4>Ann\u00e9e 2023 :<\/h4><ul><li><a href=\"http:\/\/stat-niger.org\/wp-content\/uploads\/dosso\/BTP_DO_2023_1T.pdf\" target=\"_blank\" rel=\"noopener\">1er trimestre 2023<\/a><\/li><li><a href=\"http:\/\/stat-niger.org\/wp-content\/uploads\/dosso\/BTP_DO_2023_2T.pdf\" target=\"_blank\" rel=\"noopener\">2\u00e8me trimestre 2023<\/a><\/li><li><a href=\"http:\/\/stat-niger.org\/wp-content\/uploads\/dosso\/BTP_DO_2023_3T.pdf\" target=\"_blank\" rel=\"noopener\">3\u00e8me trimestre 2023<\/a><\/li><li><a href=\"http:\/\/stat-niger.org\/wp-content\/uploads\/dosso\/BTP_DO_2023_4T.pdf\" target=\"_blank\" rel=\"noopener\">4\u00e8me trimestre 2023<\/a><\/li><li><a href=\"http:\/\/stat-niger.org\/wp-content\/uploads\/dosso\/BTP_DO_2023.pdf\" target=\"_blank\" rel=\"noopener\">Bulletin Annuel des prix 2023<\/a><\/li><\/ul><h4>Ann\u00e9e 2022 :<\/h4><ul><li><a href=\"http:\/\/stat-niger.org\/wp-content\/uploads\/dosso\/BTP_T1_2022_DO.pdf\" target=\"_blank\" rel=\"noopener\">1er trimestre 2022<\/a><\/li><li><a href=\"http:\/\/stat-niger.org\/wp-content\/uploads\/dosso\/BTP_T2_2022_DO.pdf\" target=\"_blank\" rel=\"noopener\">2\u00e8me trimestre 2022<\/a><\/li><\/ul><h4>Ann\u00e9e 2021 :<\/h4><ul><li><a href=\"http:\/\/stat-niger.org\/wp-content\/uploads\/dosso\/BTP_T1_2021_DO.pdf\" target=\"_blank\" rel=\"noopener\">1er trimestre 2021<\/a><\/li><li><a href=\"http:\/\/stat-niger.org\/wp-content\/uploads\/dosso\/BTP_T2_2021_DO.pdf\" target=\"_blank\" rel=\"noopener\">2\u00e8me trimestre 2021<\/a><\/li><li><a href=\"http:\/\/stat-niger.org\/wp-content\/uploads\/dosso\/BTP_T3_2021_DO.pdf\" target=\"_blank\" rel=\"noopener\">3\u00e8me trimestre 2021<\/a><\/li><li><a href=\"http:\/\/stat-niger.org\/wp-content\/uploads\/dosso\/BTP_T4_2021_DO.pdf\" target=\"_blank\" rel=\"noopener\">4\u00e8me trimestre 2021<\/a><\/li><li><a href=\"http:\/\/stat-niger.org\/wp-content\/uploads\/dosso\/BTP_2021_DO.pdf\" target=\"_blank\" rel=\"noopener\">Bulletin annuel des prix 2021<\/a><\/li><\/ul><h4>Ann\u00e9e 2020 :<\/h4><ul><li><a href=\"http:\/\/stat-niger.org\/wp-content\/uploads\/dosso\/BTP_T1_2020_DO.pdf\" target=\"_blank\" rel=\"noopener\">1er trimestre 2020<\/a><\/li><li><a href=\"http:\/\/stat-niger.org\/wp-content\/uploads\/dosso\/BTP_T2_2020_DO.pdf\" target=\"_blank\" rel=\"noopener\">2\u00e8me trimestre 2020<\/a><\/li><li><a href=\"http:\/\/stat-niger.org\/wp-content\/uploads\/dosso\/BTP_T3_2020_DO.pdf\" target=\"_blank\" rel=\"noopener\">3\u00e8me trimestre 2020<\/a><\/li><li><a href=\"http:\/\/stat-niger.org\/wp-content\/uploads\/dosso\/BTP_2020_DO.pdf\" target=\"_blank\" rel=\"noopener\">Bulletin annuel des prix 2020<\/a><\/li><\/ul><h4>Ann\u00e9e 2019 :<\/h4><ul><li><a href=\"http:\/\/stat-niger.org\/wp-content\/uploads\/dosso\/BTP_T1_2019_DO.pdf\" target=\"_blank\" rel=\"noopener\">1er trimestre 2019<\/a><\/li><li><a href=\"http:\/\/stat-niger.org\/wp-content\/uploads\/dosso\/BTP_T2_2019_DO.pdf\" target=\"_blank\" rel=\"noopener\">2\u00e8me trimestre 2019<\/a><\/li><li><a href=\"http:\/\/stat-niger.org\/wp-content\/uploads\/dosso\/BTP_T3_2019_DO.pdf\" target=\"_blank\" rel=\"noopener\">3\u00e8me trimestre 2019<\/a><\/li><li><a href=\"http:\/\/stat-niger.org\/wp-content\/uploads\/dosso\/BTP_T4_2019_DO.pdf\" target=\"_blank\" rel=\"noopener\">4\u00e8me trimestre 2019<\/a><\/li><li><a href=\"http:\/\/stat-niger.org\/wp-content\/uploads\/dosso\/BTP_2019_DO.pdf\" target=\"_blank\" rel=\"noopener\">Bulletin annuel des prix 2019<\/a><\/li><\/ul><h4>Ann\u00e9e 2018 :<\/h4><ul><li><a href=\"http:\/\/stat-niger.org\/wp-content\/uploads\/dosso\/BTP_T1_2018_DO.pdf\" target=\"_blank\" rel=\"noopener\">1er trimestre 2018<\/a><\/li><li><a href=\"http:\/\/stat-niger.org\/wp-content\/uploads\/dosso\/BTP_T2_2018_DO.pdf\" target=\"_blank\" rel=\"noopener\">2\u00e8me trimestre 2018<\/a><\/li><li><a href=\"http:\/\/stat-niger.org\/wp-content\/uploads\/dosso\/BTP_T3_2018_DO.pdf\" target=\"_blank\" rel=\"noopener\">3\u00e8me trimestre 2018<\/a><\/li><li><a href=\"http:\/\/stat-niger.org\/wp-content\/uploads\/dosso\/BTP_T4_2018_DO.pdf\" target=\"_blank\" rel=\"noopener\">4\u00e8me trimestre 2018<\/a><\/li><li><a href=\"http:\/\/stat-niger.org\/wp-content\/uploads\/dosso\/BTP_2018_DO.pdf\" target=\"_blank\" rel=\"noopener\">Bulletin annuel des prix 2018<\/a><\/li><\/ul><h4>BTP 2017 :<\/h4><ul><li><a href=\"http:\/\/stat-niger.org\/wp-content\/uploads\/2020\/05\/BTP_1T_2017_Dosso.pdf\">1er trimestre 2017<\/a><\/li><li><a href=\"http:\/\/stat-niger.org\/wp-content\/uploads\/2020\/05\/BTP_2T_2017_Dosso.pdf\">2\u00e8me trimestre 2017<\/a><\/li><li><a href=\"http:\/\/stat-niger.org\/wp-content\/uploads\/2020\/05\/BTP_3T_2017_Dosso.pdf\">3\u00e8me trimestre 2017<\/a><\/li><li><a href=\"http:\/\/stat-niger.org\/wp-content\/uploads\/2020\/05\/BTP_4T_2017_Dosso.pdf\">4\u00e8me trimestre 2017<\/a><\/li><li><a href=\"http:\/\/stat-niger.org\/wp-content\/uploads\/2020\/05\/bulletin_annuel_2017_Dosso.pdf\">Bulletin annuel des prix 2017<\/a><\/li><\/ul><h4>BTP 2016 :<\/h4><ul><li><a href=\"http:\/\/stat-niger.org\/wp-content\/uploads\/2020\/05\/Bulletin_1er_trimestre_2016__Dosso.pdf\">1er trimestre 2016<\/a><\/li><li>2\u00e8me trimestre 2016<\/li><li><a href=\"http:\/\/stat-niger.org\/wp-content\/uploads\/2020\/05\/Bulletin_3eme_trimestre_2016__Dosso.pdf\">3\u00e8me trimestre 2016<\/a><\/li><li><a href=\"http:\/\/stat-niger.org\/wp-content\/uploads\/2020\/05\/Bulletin_4eme_trimestre_2016__Dosso.pdf\">4\u00e8me trimestre 2016<\/a><\/li><li><a href=\"http:\/\/stat-niger.org\/wp-content\/uploads\/2020\/05\/bulletin_annuel_-2016_dosso-VP.pdf\">Bulletin annuel des prix 2016<\/a><\/li><\/ul><h4>BTP 2015 :<\/h4><ul><li><a href=\"http:\/\/stat-niger.org\/wp-content\/uploads\/2020\/05\/Bulletin_1er_trimestre_2015__Dosso-revu-corrige.pdf\">1er trimestre 2015<\/a><\/li><li><a href=\"http:\/\/stat-niger.org\/wp-content\/uploads\/2020\/05\/Bulletin_2_trimestre_2015__Dosso_corrige.pdf\">2\u00e8me trimestre 2015<\/a><\/li><li><a href=\"http:\/\/stat-niger.org\/wp-content\/uploads\/2020\/05\/Bulletin_3_trimestre_2015__Dosso.pdf\">3\u00e8me trimestre 2015<\/a><\/li><li><a href=\"http:\/\/stat-niger.org\/wp-content\/uploads\/2020\/05\/Bulletin_4_trimestre_2015__Dosso.pdf\">4\u00e8me trimestre 2015<\/a><\/li><li><a href=\"http:\/\/stat-niger.org\/wp-content\/uploads\/2020\/05\/bulletin_annuel_-2015_dosso.pdf\">Bulletin annuel des prix 2015<\/a><\/li><\/ul><h3 class=\"text-highlight highlight-green\">D\u00e9pliants D\u00e9mographiques de Dosso<\/h3><ul><li><a href=\"http:\/\/stat-niger.org\/wp-content\/uploads\/dosso\/Depliant_Demographique_edition_2024.pdf\" target=\"_blank\" rel=\"noopener\"> D\u00e9pliant D\u00e9mographique \u00e9dition 2024<\/a><\/li><li><a href=\"http:\/\/stat-niger.org\/wp-content\/uploads\/dossos\/Depliant_Demographique_edition_2022.pdf\" target=\"_blank\" rel=\"noopener\">D\u00e9pliant D\u00e9mographique \u00e9dition 2022<\/a><\/li><li><a href=\"http:\/\/stat-niger.org\/wp-content\/uploads\/dossos\/Depliant_Demographique_edition_2021.pdf\" target=\"_blank\" rel=\"noopener\"> D\u00e9pliant D\u00e9mographique \u00e9dition 2021<\/a><\/li><li><a href=\"http:\/\/stat-niger.org\/wp-content\/uploads\/dossos\/Depliant_Demographique_edition_2014.pdf\" target=\"_blank\" rel=\"noopener\"> D\u00e9pliant D\u00e9mographique \u00e9dition 2014<\/a><\/li><\/ul><h3 class=\"text-highlight highlight-green\">Les Monographies de\u00a0Dosso<\/h3><ul><li><a href=\"http:\/\/stat-niger.org\/wp-content\/uploads\/2020\/05\/Monographie_Regionale_Dosso.pdf\" target=\"_blank\" rel=\"noopener\">Monographie r\u00e9gionale de Dosso<\/a><\/li><li><a href=\"http:\/\/stat-niger.org\/wp-content\/uploads\/2020\/05\/Monographie_Dosso-2.pdf\">Monographie sur les adolescents de la r\u00e9gion de Dosso RGPH2012<\/a><\/li><\/ul><h3 class=\"text-highlight highlight-green\">Autres publications<\/h3><ul><li><a href=\"http:\/\/stat-niger.org\/wp-content\/uploads\/2020\/05\/Rapport_Enquete_PAMED_II_-2017.pdf\">Rapport de l&rsquo;enqu\u00eate sur la s\u00e9curit\u00e9 alimentaire des m\u00e9nages PAMED II<\/a><\/li><\/ul>\t\t\t\t\t\t\t\t<\/div>\n\t\t\t\t<\/div>\n\t\t\t\t\t<\/div>\n\t\t<\/div>\n\t\t\t\t\t<\/div>\n\t\t<\/section>\n\t\t\t\t<\/div>\n\t\t","protected":false},"excerpt":{"rendered":"<p>Dosso en chiffres : \u00e9dition annuelle Dosso en chiffres 2023 Dosso en&hellip;<\/p>\n","protected":false},"author":6,"featured_media":401,"parent":198,"menu_order":0,"comment_status":"closed","ping_status":"closed","template":"","meta":{"_uag_custom_page_level_css":"","footnotes":""},"class_list":["post-225","page","type-page","status-publish","has-post-thumbnail","hentry"],"uagb_featured_image_src":{"full":["https:\/\/www.stat-niger.org\/wp-content\/uploads\/2020\/05\/Dosso-1.jpg",1563,735,false],"thumbnail":["https:\/\/www.stat-niger.org\/wp-content\/uploads\/2020\/05\/Dosso-1-150x150.jpg",150,150,true],"medium":["https:\/\/www.stat-niger.org\/wp-content\/uploads\/2020\/05\/Dosso-1-300x141.jpg",300,141,true],"medium_large":["https:\/\/www.stat-niger.org\/wp-content\/uploads\/2020\/05\/Dosso-1-768x361.jpg",768,361,true],"large":["https:\/\/www.stat-niger.org\/wp-content\/uploads\/2020\/05\/Dosso-1-1024x482.jpg",1024,482,true],"1536x1536":["https:\/\/www.stat-niger.org\/wp-content\/uploads\/2020\/05\/Dosso-1.jpg",1536,722,false],"2048x2048":["https:\/\/www.stat-niger.org\/wp-content\/uploads\/2020\/05\/Dosso-1.jpg",1563,735,false],"mini":["https:\/\/www.stat-niger.org\/wp-content\/uploads\/2020\/05\/Dosso-1.jpg",50,24,false],"penci-single-full":["https:\/\/www.stat-niger.org\/wp-content\/uploads\/2020\/05\/Dosso-1.jpg",1563,735,false],"penci-slider-full-thumb":["https:\/\/www.stat-niger.org\/wp-content\/uploads\/2020\/05\/Dosso-1.jpg",1563,735,false],"penci-full-thumb":["https:\/\/www.stat-niger.org\/wp-content\/uploads\/2020\/05\/Dosso-1-1170x550.jpg",1170,550,true],"penci-slider-thumb":["https:\/\/www.stat-niger.org\/wp-content\/uploads\/2020\/05\/Dosso-1-1170x663.jpg",1170,663,true],"penci-magazine-slider":["https:\/\/www.stat-niger.org\/wp-content\/uploads\/2020\/05\/Dosso-1-780x516.jpg",780,516,true],"penci-thumb":["https:\/\/www.stat-niger.org\/wp-content\/uploads\/2020\/05\/Dosso-1-585x390.jpg",585,390,true],"penci-masonry-thumb":["https:\/\/www.stat-niger.org\/wp-content\/uploads\/2020\/05\/Dosso-1-585x275.jpg",585,275,true],"penci-thumb-square":["https:\/\/www.stat-niger.org\/wp-content\/uploads\/2020\/05\/Dosso-1-585x585.jpg",585,585,true],"penci-thumb-vertical":["https:\/\/www.stat-niger.org\/wp-content\/uploads\/2020\/05\/Dosso-1-480x650.jpg",480,650,true],"penci-thumb-small":["https:\/\/www.stat-niger.org\/wp-content\/uploads\/2020\/05\/Dosso-1-263x175.jpg",263,175,true]},"uagb_author_info":{"display_name":"Abass Ali Tassiou","author_link":"https:\/\/www.stat-niger.org\/?author=6"},"uagb_comment_info":0,"uagb_excerpt":"Dosso en chiffres : \u00e9dition annuelle Dosso en chiffres 2023 Dosso en&hellip;","_links":{"self":[{"href":"https:\/\/www.stat-niger.org\/index.php?rest_route=\/wp\/v2\/pages\/225","targetHints":{"allow":["GET"]}}],"collection":[{"href":"https:\/\/www.stat-niger.org\/index.php?rest_route=\/wp\/v2\/pages"}],"about":[{"href":"https:\/\/www.stat-niger.org\/index.php?rest_route=\/wp\/v2\/types\/page"}],"author":[{"embeddable":true,"href":"https:\/\/www.stat-niger.org\/index.php?rest_route=\/wp\/v2\/users\/6"}],"replies":[{"embeddable":true,"href":"https:\/\/www.stat-niger.org\/index.php?rest_route=%2Fwp%2Fv2%2Fcomments&post=225"}],"version-history":[{"count":48,"href":"https:\/\/www.stat-niger.org\/index.php?rest_route=\/wp\/v2\/pages\/225\/revisions"}],"predecessor-version":[{"id":5328,"href":"https:\/\/www.stat-niger.org\/index.php?rest_route=\/wp\/v2\/pages\/225\/revisions\/5328"}],"up":[{"embeddable":true,"href":"https:\/\/www.stat-niger.org\/index.php?rest_route=\/wp\/v2\/pages\/198"}],"wp:featuredmedia":[{"embeddable":true,"href":"https:\/\/www.stat-niger.org\/index.php?rest_route=\/wp\/v2\/media\/401"}],"wp:attachment":[{"href":"https:\/\/www.stat-niger.org\/index.php?rest_route=%2Fwp%2Fv2%2Fmedia&parent=225"}],"curies":[{"name":"wp","href":"https:\/\/api.w.org\/{rel}","templated":true}]}}