{"id":2291,"date":"2020-10-23T15:30:32","date_gmt":"2020-10-23T13:30:32","guid":{"rendered":"http:\/\/www.stat-niger.org\/?page_id=2291"},"modified":"2022-03-29T09:52:03","modified_gmt":"2022-03-29T07:52:03","slug":"historique-de-lins","status":"publish","type":"page","link":"https:\/\/www.stat-niger.org\/?page_id=2291","title":{"rendered":"Historique de l&rsquo;INS"},"content":{"rendered":"<p style=\"text-align: justify;\"><strong><em>1959:<\/em><\/strong> cr\u00e9ation du Service de la Statistique et de la M\u00e9canographie rattach\u00e9 au Minist\u00e8re des Affaires Economiques;<\/p>\n<p style=\"text-align: justify;\"><strong><em>1962<\/em><\/strong>: adoption par l\u2019Assembl\u00e9e Nationale, de la loi N\u00b062-46 du 20 septembre 1962 portant sur la coordination, l\u2019obligation et le secret en mati\u00e8re d\u2019enqu\u00eates statistiques;<\/p>\n<p style=\"text-align: justify;\"><strong><em>1962-1965: <\/em><\/strong>rattachement du Service de la Statistique et de la M\u00e9canographie au Commissariat G\u00e9n\u00e9ral du Plan de la Pr\u00e9sidence de la R\u00e9publique;<\/p>\n<p style=\"text-align: justify;\"><strong><em>1965-1972: <\/em><\/strong>rattachement du Service de la Statistique et de la M\u00e9canographie au Commissariat G\u00e9n\u00e9ral au D\u00e9veloppement;<\/p>\n<p style=\"text-align: justify;\"><strong><em>1972-1974: <\/em><\/strong>rattachement du Service de la Statistique et de la M\u00e9canographie au Minist\u00e8re du D\u00e9veloppement et de la Coop\u00e9ration;<\/p>\n<p style=\"text-align: justify;\"><strong><em>1975 : <\/em><\/strong>transformation du Service de la Statistique et de la M\u00e9canographie(SSM) en Direction de la Statistique et des Comptes Nationaux (DSCN);<\/p>\n<p style=\"text-align: justify;\"><strong><em>1984: <\/em><\/strong>transformation de la DSCN en Direction de la Statistique et de l\u2019Informatique (DSI);<\/p>\n<p style=\"text-align: justify;\"><strong><em>1989: <\/em><\/strong>transformation de la Direction de la Statistique et de l\u2019Informatique (DSI) en Direction de la Statistique et de la D\u00e9mographie (DSD);<\/p>\n<p style=\"text-align: justify;\"><strong><em>1992: <\/em><\/strong>transformation de la Direction de la Statistique et de la D\u00e9mographie (DSD) en Direction de la Statistique et des Comptes Nationaux (DSCN);<\/p>\n<p style=\"text-align: justify;\"><strong><em>2004 : <\/em><\/strong>transformation de la Direction de la Statistique et des Comptes Nationaux (DSCN), par la loi N\u00b02004-011 du 30 mars 2004, en Institut National de la Statistique (INS). Cette loi cr\u00e9e aussi un Syst\u00e8me Statistique National (SSN)<\/p>\n","protected":false},"excerpt":{"rendered":"<p>1959: cr\u00e9ation du Service de la Statistique et de la M\u00e9canographie rattach\u00e9&hellip;<\/p>\n","protected":false},"author":6,"featured_media":0,"parent":0,"menu_order":0,"comment_status":"closed","ping_status":"closed","template":"","meta":{"_uag_custom_page_level_css":"","footnotes":""},"class_list":["post-2291","page","type-page","status-publish","hentry"],"uagb_featured_image_src":{"full":false,"thumbnail":false,"medium":false,"medium_large":false,"large":false,"1536x1536":false,"2048x2048":false,"mini":false,"penci-single-full":false,"penci-slider-full-thumb":false,"penci-full-thumb":false,"penci-slider-thumb":false,"penci-magazine-slider":false,"penci-thumb":false,"penci-masonry-thumb":false,"penci-thumb-square":false,"penci-thumb-vertical":false,"penci-thumb-small":false},"uagb_author_info":{"display_name":"Abass Ali Tassiou","author_link":"https:\/\/www.stat-niger.org\/?author=6"},"uagb_comment_info":0,"uagb_excerpt":"1959: cr\u00e9ation du Service de la Statistique et de la M\u00e9canographie rattach\u00e9&hellip;","_links":{"self":[{"href":"https:\/\/www.stat-niger.org\/index.php?rest_route=\/wp\/v2\/pages\/2291","targetHints":{"allow":["GET"]}}],"collection":[{"href":"https:\/\/www.stat-niger.org\/index.php?rest_route=\/wp\/v2\/pages"}],"about":[{"href":"https:\/\/www.stat-niger.org\/index.php?rest_route=\/wp\/v2\/types\/page"}],"author":[{"embeddable":true,"href":"https:\/\/www.stat-niger.org\/index.php?rest_route=\/wp\/v2\/users\/6"}],"replies":[{"embeddable":true,"href":"https:\/\/www.stat-niger.org\/index.php?rest_route=%2Fwp%2Fv2%2Fcomments&post=2291"}],"version-history":[{"count":2,"href":"https:\/\/www.stat-niger.org\/index.php?rest_route=\/wp\/v2\/pages\/2291\/revisions"}],"predecessor-version":[{"id":2305,"href":"https:\/\/www.stat-niger.org\/index.php?rest_route=\/wp\/v2\/pages\/2291\/revisions\/2305"}],"wp:attachment":[{"href":"https:\/\/www.stat-niger.org\/index.php?rest_route=%2Fwp%2Fv2%2Fmedia&parent=2291"}],"curies":[{"name":"wp","href":"https:\/\/api.w.org\/{rel}","templated":true}]}}