{"id":2295,"date":"2020-10-23T15:43:06","date_gmt":"2020-10-23T13:43:06","guid":{"rendered":"http:\/\/www.stat-niger.org\/?page_id=2295"},"modified":"2020-10-27T11:31:43","modified_gmt":"2020-10-27T10:31:43","slug":"missions-de-lins","status":"publish","type":"page","link":"https:\/\/www.stat-niger.org\/?page_id=2295","title":{"rendered":"Missions de l&rsquo;INS"},"content":{"rendered":"<p>Les principales missions de l\u2019INS sont de:<\/p>\n<ol>\n<li style=\"text-align: justify;\">Assurer la coordination des activit\u00e9s du Syst\u00e8me Statistique National (SSN) ;<\/li>\n<li style=\"text-align: justify;\">Produire et de mettre \u00e0 la disposition des utilisateurs une information statistique r\u00e9pondant aux normes internationales habituellement reconnues en mati\u00e8re statistique et relatives \u00e0 l\u2019ensemble des domaines de la vie de la nation ;<\/li>\n<li style=\"text-align: justify;\">Centraliser les donn\u00e9es produites par l\u2019ensemble des services et organismes du Syst\u00e8me Statistique National (SSN) et d\u2019assurer leur conservation et, le cas \u00e9ch\u00e9ant, leur diffusion;<\/li>\n<li style=\"text-align: justify;\">Favoriser le d\u00e9veloppement des m\u00e9thodologies et de la recherche appliqu\u00e9e dans les domaines de la collecte, du traitement et de la diffusion des donn\u00e9es statistiques, et de veiller \u00e0 la diffusion d\u2019une information de qualit\u00e9 par l\u2019ensemble des services et organismes relevant du Syst\u00e8me Statistique National;<\/li>\n<li style=\"text-align: justify;\">Promouvoir la formation des cadres dans les domaines de la collecte, du traitement, de l\u2019analyse et de la diffusion de l\u2019information dans des \u00e9tablissements de formation statistique, notamment \u00e0 travers des cycles de perfectionnement dispens\u00e9s par l\u2019INS lui-m\u00eame ou des centres sp\u00e9cialis\u00e9s<\/li>\n<\/ol>\n","protected":false},"excerpt":{"rendered":"<p>Les principales missions de l\u2019INS sont de: Assurer la coordination des activit\u00e9s&hellip;<\/p>\n","protected":false},"author":6,"featured_media":0,"parent":0,"menu_order":0,"comment_status":"closed","ping_status":"closed","template":"","meta":{"_uag_custom_page_level_css":"","footnotes":""},"class_list":["post-2295","page","type-page","status-publish","hentry"],"uagb_featured_image_src":{"full":false,"thumbnail":false,"medium":false,"medium_large":false,"large":false,"1536x1536":false,"2048x2048":false,"mini":false,"penci-single-full":false,"penci-slider-full-thumb":false,"penci-full-thumb":false,"penci-slider-thumb":false,"penci-magazine-slider":false,"penci-thumb":false,"penci-masonry-thumb":false,"penci-thumb-square":false,"penci-thumb-vertical":false,"penci-thumb-small":false},"uagb_author_info":{"display_name":"Abass Ali Tassiou","author_link":"https:\/\/www.stat-niger.org\/?author=6"},"uagb_comment_info":0,"uagb_excerpt":"Les principales missions de l\u2019INS sont de: Assurer la coordination des activit\u00e9s&hellip;","_links":{"self":[{"href":"https:\/\/www.stat-niger.org\/index.php?rest_route=\/wp\/v2\/pages\/2295","targetHints":{"allow":["GET"]}}],"collection":[{"href":"https:\/\/www.stat-niger.org\/index.php?rest_route=\/wp\/v2\/pages"}],"about":[{"href":"https:\/\/www.stat-niger.org\/index.php?rest_route=\/wp\/v2\/types\/page"}],"author":[{"embeddable":true,"href":"https:\/\/www.stat-niger.org\/index.php?rest_route=\/wp\/v2\/users\/6"}],"replies":[{"embeddable":true,"href":"https:\/\/www.stat-niger.org\/index.php?rest_route=%2Fwp%2Fv2%2Fcomments&post=2295"}],"version-history":[{"count":2,"href":"https:\/\/www.stat-niger.org\/index.php?rest_route=\/wp\/v2\/pages\/2295\/revisions"}],"predecessor-version":[{"id":2306,"href":"https:\/\/www.stat-niger.org\/index.php?rest_route=\/wp\/v2\/pages\/2295\/revisions\/2306"}],"wp:attachment":[{"href":"https:\/\/www.stat-niger.org\/index.php?rest_route=%2Fwp%2Fv2%2Fmedia&parent=2295"}],"curies":[{"name":"wp","href":"https:\/\/api.w.org\/{rel}","templated":true}]}}