{"id":266,"date":"2020-05-19T16:56:15","date_gmt":"2020-05-19T14:56:15","guid":{"rendered":"http:\/\/stat-niger.org\/?page_id=266"},"modified":"2025-09-03T15:09:16","modified_gmt":"2025-09-03T14:09:16","slug":"maradi","status":"publish","type":"page","link":"https:\/\/www.stat-niger.org\/?page_id=266","title":{"rendered":"Maradi"},"content":{"rendered":"\t\t<div data-elementor-type=\"wp-page\" data-elementor-id=\"266\" class=\"elementor elementor-266\">\n\t\t\t\t\t\t<section class=\"penci-section penci-disSticky penci-structure-10 elementor-section elementor-top-section elementor-element elementor-element-52f0e25f elementor-section-boxed elementor-section-height-default elementor-section-height-default\" data-id=\"52f0e25f\" data-element_type=\"section\" data-e-type=\"section\">\n\t\t\t\t\t\t<div class=\"elementor-container elementor-column-gap-default\">\n\t\t\t\t\t<div class=\"penci-ercol-100 penci-ercol-order-1 penci-sticky-ct  elementor-column elementor-col-100 elementor-top-column elementor-element elementor-element-3a114c80\" data-id=\"3a114c80\" data-element_type=\"column\" data-e-type=\"column\">\n\t\t\t<div class=\"elementor-widget-wrap elementor-element-populated\">\n\t\t\t\t\t\t<div class=\"elementor-element elementor-element-5e00c964 elementor-widget elementor-widget-text-editor\" data-id=\"5e00c964\" data-element_type=\"widget\" data-e-type=\"widget\" data-widget_type=\"text-editor.default\">\n\t\t\t\t<div class=\"elementor-widget-container\">\n\t\t\t\t\t\t\t\t\t<h3 class=\"text-highlight highlight-green\">Maradi en chiffres : \u00e9dition annuelle<\/h3><ul><li><a href=\"http:\/\/stat-niger.org\/wp-content\/uploads\/maradi\/maradi_en_chiffres_affiche_2023.pdf\">Maradi en chiffres 2023 (affiche murale)<\/a><\/li><li><a href=\"http:\/\/stat-niger.org\/wp-content\/uploads\/maradi\/maradi_en_chiffres_depliant_2023.pdf\">Maradi en chiffres 2023 (d\u00e9pliant)<\/a><\/li><li><a href=\"http:\/\/stat-niger.org\/wp-content\/uploads\/maradi\/maradi_en_chiffres_affiche_2019.pdf\">Maradi en chiffres 2019 (affiche murale)<\/a><\/li><li><a href=\"http:\/\/stat-niger.org\/wp-content\/uploads\/maradi\/maradi_en_chiffres_depliant_2019.pdf\">Maradi en chiffres 2019 (d\u00e9pliant)<\/a><\/li><li><a href=\"http:\/\/stat-niger.org\/wp-content\/uploads\/2020\/05\/Maradi_Chiffres_2017.pdf\">Maradi en chiffres 2017 (d\u00e9pliant) <\/a><\/li><li><a href=\"http:\/\/stat-niger.org\/wp-content\/uploads\/maradi\/maradi_affiche_murale_2016.pdf\">Maradi en chiffres 2016 (affiche murale)<\/a><\/li><li><a href=\"http:\/\/stat-niger.org\/wp-content\/uploads\/maradi\/maradi_depliant_2016.pdf\">Maradi en chiffres 2016 (d\u00e9pliant)<\/a><\/li><li><a href=\"http:\/\/stat-niger.org\/wp-content\/uploads\/2020\/05\/Maradi-En-Chiffres-2015-provisoires.pdf\">Maradi en Chiffres 2015 (d\u00e9pliant)<\/a><\/li><\/ul><h3 class=\"text-highlight highlight-green\">Annuaires Statistiques :\u00a0\u00e9dition annuelle<\/h3><ul><li><a href=\"http:\/\/stat-niger.org\/wp-content\/uploads\/maradi\/as_maradi_2018_2022_edition_2023.pdf\">Annuaire statistique 2023<\/a><\/li><li><a href=\"http:\/\/stat-niger.org\/wp-content\/uploads\/maradi\/as_maradi_2017_2021_edition_2022.pdf\">Annuaire statistique 2022<\/a><\/li><li><a href=\"http:\/\/stat-niger.org\/wp-content\/uploads\/maradi\/as_maradi_2015_2019_edition_2020.pdf\">Annuaire statistique 2020<\/a><\/li><li><a href=\"http:\/\/stat-niger.org\/wp-content\/uploads\/2020\/05\/AS_Maradi_2013_2017.pdf\">Annuaire statistique 2018<\/a><\/li><li><a href=\"http:\/\/stat-niger.org\/wp-content\/uploads\/2020\/05\/ANNUAIRE_MARADI_2017.pdf\">Annuaire statistique 2017<\/a><\/li><li><a href=\"http:\/\/stat-niger.org\/wp-content\/uploads\/2020\/05\/Annuaire_statistique_2016_Maradi.pdf\">Annuaire statistique 2016<\/a><\/li><li><a href=\"http:\/\/stat-niger.org\/wp-content\/uploads\/2020\/05\/Annuaire-2010-2014-Maradi_Edition-2015-revu-03_03_2016_corr.pdf\">Annuaire statistique 2015<\/a><\/li><\/ul><h3 class=\"text-highlight highlight-green\">Bulletins des prix :\u00a0\u00e9dition trimestrielle<\/h3><h4>Ann\u00e9e 2025 :<\/h4><ul><li><a href=\"http:\/\/stat-niger.org\/wp-content\/uploads\/maradi\/BTP_MA_2025_1T.pdf\">1er trimestre 2025<\/a><\/li><\/ul><h4>Ann\u00e9e 2024 :<\/h4><ul><li><a href=\"http:\/\/stat-niger.org\/wp-content\/uploads\/maradi\/BTP_MA_2024_1T.pdf\">1er trimestre 2024<\/a><\/li><li><a href=\"http:\/\/stat-niger.org\/wp-content\/uploads\/maradi\/BTP_MA_2024_2T.pdf\">2\u00e8me trimestre 2024<\/a><\/li><li><a href=\"http:\/\/stat-niger.org\/wp-content\/uploads\/maradi\/BTP_MA_2024_3T.pdf\">3\u00e8me trimestre 2024<\/a><\/li><\/ul><h4>Ann\u00e9e 2023 :<\/h4><ul><li><a href=\"http:\/\/stat-niger.org\/wp-content\/uploads\/maradi\/BTP_MA_2023_1T.pdf\">1er trimestre 2023<\/a><\/li><li><a href=\"http:\/\/stat-niger.org\/wp-content\/uploads\/maradi\/BTP_MA_2023_2T.pdf\">2\u00e8me trimestre 2023<\/a><\/li><li><a href=\"http:\/\/stat-niger.org\/wp-content\/uploads\/maradi\/BTP_MA_2023_3T.pdf\">3\u00e8me trimestre 2023<\/a><\/li><li><a href=\"http:\/\/stat-niger.org\/wp-content\/uploads\/maradi\/BTP_MA_2023_4T.pdf\">4\u00e8me trimestre 2023<\/a><\/li><li><a href=\"http:\/\/stat-niger.org\/wp-content\/uploads\/maradi\/BTP_MA_2023.pdf\">Bulletin Annuel des prix 2023<\/a><\/li><\/ul><h4>Ann\u00e9e 2022 :<\/h4><ul><li><a href=\"http:\/\/stat-niger.org\/wp-content\/uploads\/maradi\/BTP_Maradi_2022_1T.pdf\">1er trimestre 2022<\/a><\/li><li><a href=\"http:\/\/stat-niger.org\/wp-content\/uploads\/maradi\/BTP_Maradi_2022_2T.pdf\">2\u00e8me trimestre 2022<\/a><\/li><li><a href=\"http:\/\/stat-niger.org\/wp-content\/uploads\/maradi\/BTP_Maradi_2022_3T.pdf\">3\u00e8me trimestre 2022<\/a><\/li><li><a href=\"http:\/\/stat-niger.org\/wp-content\/uploads\/maradi\/BTP_Maradi_2022_4T.pdf\">4\u00e8me trimestre 2022<\/a><\/li><li><a href=\"http:\/\/stat-niger.org\/wp-content\/uploads\/maradi\/BTP_Maradi_2022.pdf\">Bulletin annuel des prix 2022<\/a><\/li><\/ul><h4>Ann\u00e9e 2021 :<\/h4><ul><li><a href=\"http:\/\/stat-niger.org\/wp-content\/uploads\/maradi\/BTP_Maradi_2021_1T.pdf\">1er trimestre 2021<\/a><\/li><li><a href=\"http:\/\/stat-niger.org\/wp-content\/uploads\/maradi\/BTP_Maradi_2021_2T.pdf\">2\u00e8me trimestre 2021<\/a><\/li><li><a href=\"http:\/\/stat-niger.org\/wp-content\/uploads\/maradi\/BTP_Maradi_2021_3T.pdf\">3\u00e8me trimestre 2021<\/a><\/li><li><a href=\"http:\/\/stat-niger.org\/wp-content\/uploads\/maradi\/BTP_Maradi_2021.pdf\">Bulletin annuel des prix 2021<\/a><\/li><\/ul><h4>Ann\u00e9e 2020 :<\/h4><ul><li><a href=\"http:\/\/stat-niger.org\/wp-content\/uploads\/maradi\/BTP_Maradi_2020_1T.pdf\">1er trimestre 2020<\/a><\/li><li><a href=\"http:\/\/stat-niger.org\/wp-content\/uploads\/maradi\/BTP_Maradi_2020_2T.pdf\">2\u00e8me trimestre 2020<\/a><\/li><li><a href=\"http:\/\/stat-niger.org\/wp-content\/uploads\/maradi\/BTP_Maradi_2020_3T.pdf\">3\u00e8me trimestre 2020<\/a><\/li><li><a href=\"http:\/\/stat-niger.org\/wp-content\/uploads\/maradi\/BTP_Maradi_2020_4T.pdf\">4\u00e8me trimestre 2020<\/a><\/li><li><a href=\"http:\/\/stat-niger.org\/wp-content\/uploads\/maradi\/BTP_Maradi_2020.pdf\">Bulletin annuel des prix 2020<\/a><\/li><\/ul><h4>Ann\u00e9e 2019 :<\/h4><ul><li><a href=\"http:\/\/stat-niger.org\/wp-content\/uploads\/maradi\/BTP_Maradi_2019_1T.pdf\">1er trimestre 2019<\/a><\/li><li><a href=\"http:\/\/stat-niger.org\/wp-content\/uploads\/maradi\/BTP_Maradi_2019_2T.pdf\">2\u00e8me trimestre 2019<\/a><\/li><li><a href=\"http:\/\/stat-niger.org\/wp-content\/uploads\/maradi\/BTP_Maradi_2019_3T.pdf\">3\u00e8me trimestre 2019<\/a><\/li><li><a href=\"http:\/\/stat-niger.org\/wp-content\/uploads\/maradi\/BTP_Maradi_2019_4T.pdf\">4\u00e8me trimestre 2019<\/a><\/li><\/ul><h4>Ann\u00e9e 2018 :<\/h4><ul><li><a href=\"http:\/\/stat-niger.org\/wp-content\/uploads\/2020\/05\/BTP1T2018_maradi.pdf\">1er trimestre 2018<\/a><\/li><li><a href=\"http:\/\/stat-niger.org\/wp-content\/uploads\/2020\/05\/BTP_2T_2018_MI.pdf\">2\u00e8me trimestre 2018<\/a><\/li><\/ul><h4>Ann\u00e9e 2017 :<\/h4><ul><li><a href=\"http:\/\/stat-niger.org\/wp-content\/uploads\/2020\/05\/BTP1T2017maradi.pdf\">1er trimestre 2017<\/a><\/li><li><a href=\"http:\/\/stat-niger.org\/wp-content\/uploads\/2020\/05\/BTP2T2017_maradi.pdf\">2\u00e8me trimestre 2017<\/a><\/li><li><a href=\"http:\/\/stat-niger.org\/wp-content\/uploads\/2020\/05\/BTP3T2017_maradi.pdf\">3\u00e8me trimestre 2017<\/a><\/li><li><a href=\"http:\/\/stat-niger.org\/wp-content\/uploads\/2020\/05\/BTP4T2017-maradi.pdf\">4\u00e8me trimestre 2017<\/a><\/li><li><a href=\"http:\/\/stat-niger.org\/wp-content\/uploads\/2020\/05\/BTPANNUEL2017_Maradi.pdf\">Bulletin annuel des prix 2017<\/a><\/li><\/ul><h4>Ann\u00e9e 2016 :<\/h4><ul><li><a href=\"http:\/\/stat-niger.org\/wp-content\/uploads\/maradi\/BTP_Maradi_2016_1T.pdf\">1er trimestre 2016<\/a><\/li><li><a href=\"http:\/\/stat-niger.org\/wp-content\/uploads\/maradi\/BTP_Maradi_2016_2T.pdf\">2\u00e8me trimestre 2016<\/a><\/li><li><a href=\"http:\/\/stat-niger.org\/wp-content\/uploads\/2020\/05\/BTP3T-2016-maradi.pdf\">3\u00e8me trimestre 2016<\/a><\/li><li><a href=\"http:\/\/stat-niger.org\/wp-content\/uploads\/maradi\/BTP_Maradi_2016_4T.pdf\">4\u00e8me trimestre 2016<\/a><\/li><li><a href=\"http:\/\/stat-niger.org\/wp-content\/uploads\/maradi\/BTP_Maradi_2016.pdf\">Bulletin annuel des prix 2016<\/a><\/li><\/ul><h4>Ann\u00e9e 2015 :<\/h4><ul><li><a href=\"http:\/\/stat-niger.org\/wp-content\/uploads\/maradi\/BTP_Maradi_2015_1T.pdf\">1er trimestre 2015<\/a><\/li><li><a href=\"http:\/\/stat-niger.org\/wp-content\/uploads\/maradi\/BTP_Maradi_2015_2T.pdf\">2\u00e8me trimestre 2015<\/a><\/li><li><a href=\"http:\/\/stat-niger.org\/wp-content\/uploads\/maradi\/BTP_Maradi_2015_3T.pdf\">3\u00e8me trimestre 2015<\/a><\/li><li><a href=\"http:\/\/stat-niger.org\/wp-content\/uploads\/maradi\/BTP_Maradi_2015_4T.pdf\">4\u00e8me trimestre 2015<\/a><\/li><li><a href=\"http:\/\/stat-niger.org\/wp-content\/uploads\/maradi\/BTP_Maradi_2015.pdf\">Bulletin annuel des prix 2015<\/a><\/li><\/ul><h4>Ann\u00e9e 2014 :<\/h4><ul><li><a href=\"http:\/\/stat-niger.org\/wp-content\/uploads\/maradi\/BTP_Maradi_2014_1T.pdf\">1er trimestre 2014<\/a><\/li><li><a href=\"http:\/\/stat-niger.org\/wp-content\/uploads\/maradi\/BTP_Maradi_2014_2T.pdf\">2\u00e8me trimestre 2014<\/a><\/li><li><a href=\"http:\/\/stat-niger.org\/wp-content\/uploads\/maradi\/BTP_Maradi_2014_3T.pdf\">3\u00e8me trimestre 2014<\/a><\/li><li><a href=\"http:\/\/stat-niger.org\/wp-content\/uploads\/maradi\/BTP_Maradi_2014_4T.pdf\">4\u00e8me trimestre 2014<\/a><\/li><li><a href=\"http:\/\/stat-niger.org\/wp-content\/uploads\/maradi\/BTP_Maradi_2014.pdf\">Bulletin annuel des prix 2014<\/a><\/li><\/ul><h4>Ann\u00e9e 2013 :<\/h4><ul><li><a href=\"http:\/\/stat-niger.org\/wp-content\/uploads\/maradi\/BTP_Maradi_2013_1T.pdf\">1er trimestre 2013<\/a><\/li><li><a href=\"http:\/\/stat-niger.org\/wp-content\/uploads\/maradi\/BTP_Maradi_2013_2T.pdf\">2\u00e8me trimestre 2013<\/a><\/li><li><a href=\"http:\/\/stat-niger.org\/wp-content\/uploads\/maradi\/BTP_Maradi_2013_3T.pdf\">3\u00e8me trimestre 2013<\/a><\/li><li><a href=\"http:\/\/stat-niger.org\/wp-content\/uploads\/maradi\/BTP_Maradi_2013_4T.pdf\">4\u00e8me trimestre 2013<\/a><\/li><li><a href=\"http:\/\/stat-niger.org\/wp-content\/uploads\/maradi\/BTP_Maradi_2013.pdf\">Bulletin annuel des prix 2013<\/a><\/li><\/ul><h3>Autres \u00e9tudes<\/h3><ul><li><a href=\"http:\/\/stat-niger.org\/wp-content\/uploads\/maradi\/maradi_suivi_omd_depliant_2015.pdf\">Suivi des OMD, d\u00e9pliant 2015<\/a><\/li><li><a href=\"http:\/\/stat-niger.org\/wp-content\/uploads\/maradi\/maradi_suivi_omd_affiche_2015.pdf\">Suivi des OMD, Affiche murale 2015<\/a><\/li><li><a href=\"http:\/\/stat-niger.org\/wp-content\/uploads\/2020\/05\/Principaux_Indicateurs_Maradi.pdf\">Principaux indicateurs socio-d\u00e9mographiques et \u00e9conomiques des d\u00e9partements et communes de Maradi<\/a><\/li><li><a href=\"http:\/\/stat-niger.org\/wp-content\/uploads\/2020\/05\/Causes_consequences_mariages_enfants_Maradi.pdf\">Causes et cons\u00e9quences des mariages des enfants au Niger : cas de la r\u00e9gion de Maradi<\/a><\/li><li><a href=\"http:\/\/stat-niger.org\/wp-content\/uploads\/2020\/05\/Monographie_Regionale_Maradi.pdf\">Monographie r\u00e9gionale de Maradi<\/a><\/li><li><a href=\"http:\/\/stat-niger.org\/wp-content\/uploads\/2020\/05\/Monographie_Maradi-2.pdf\">Monographie sur les adolescents de la r\u00e9gion de Maradi RGPH2012<\/a><\/li><\/ul><h3 class=\"text-highlight highlight-green\">D\u00e9pliants D\u00e9mographiques de Maradi<\/h3><ul><li><a href=\"http:\/\/stat-niger.org\/wp-content\/uploads\/maradi\/Depliant_Demographique_Maradi_edition_2024.pdf\" target=\"_blank\" rel=\"noopener\"> D\u00e9pliant D\u00e9mographique \u00e9dition 2024<\/a><\/li><\/ul>\t\t\t\t\t\t\t\t<\/div>\n\t\t\t\t<\/div>\n\t\t\t\t\t<\/div>\n\t\t<\/div>\n\t\t\t\t\t<\/div>\n\t\t<\/section>\n\t\t\t\t<\/div>\n\t\t","protected":false},"excerpt":{"rendered":"<p>Maradi en chiffres : \u00e9dition annuelle Maradi en chiffres 2023 (affiche murale)&hellip;<\/p>\n","protected":false},"author":6,"featured_media":402,"parent":198,"menu_order":0,"comment_status":"closed","ping_status":"closed","template":"","meta":{"_uag_custom_page_level_css":"","footnotes":""},"class_list":["post-266","page","type-page","status-publish","has-post-thumbnail","hentry"],"uagb_featured_image_src":{"full":["https:\/\/www.stat-niger.org\/wp-content\/uploads\/2020\/05\/Maradi-1.jpg",1563,735,false],"thumbnail":["https:\/\/www.stat-niger.org\/wp-content\/uploads\/2020\/05\/Maradi-1-150x150.jpg",150,150,true],"medium":["https:\/\/www.stat-niger.org\/wp-content\/uploads\/2020\/05\/Maradi-1-300x141.jpg",300,141,true],"medium_large":["https:\/\/www.stat-niger.org\/wp-content\/uploads\/2020\/05\/Maradi-1-768x361.jpg",768,361,true],"large":["https:\/\/www.stat-niger.org\/wp-content\/uploads\/2020\/05\/Maradi-1-1024x482.jpg",1024,482,true],"1536x1536":["https:\/\/www.stat-niger.org\/wp-content\/uploads\/2020\/05\/Maradi-1.jpg",1536,722,false],"2048x2048":["https:\/\/www.stat-niger.org\/wp-content\/uploads\/2020\/05\/Maradi-1.jpg",1563,735,false],"mini":["https:\/\/www.stat-niger.org\/wp-content\/uploads\/2020\/05\/Maradi-1.jpg",50,24,false],"penci-single-full":["https:\/\/www.stat-niger.org\/wp-content\/uploads\/2020\/05\/Maradi-1.jpg",1563,735,false],"penci-slider-full-thumb":["https:\/\/www.stat-niger.org\/wp-content\/uploads\/2020\/05\/Maradi-1.jpg",1563,735,false],"penci-full-thumb":["https:\/\/www.stat-niger.org\/wp-content\/uploads\/2020\/05\/Maradi-1-1170x550.jpg",1170,550,true],"penci-slider-thumb":["https:\/\/www.stat-niger.org\/wp-content\/uploads\/2020\/05\/Maradi-1-1170x663.jpg",1170,663,true],"penci-magazine-slider":["https:\/\/www.stat-niger.org\/wp-content\/uploads\/2020\/05\/Maradi-1-780x516.jpg",780,516,true],"penci-thumb":["https:\/\/www.stat-niger.org\/wp-content\/uploads\/2020\/05\/Maradi-1-585x390.jpg",585,390,true],"penci-masonry-thumb":["https:\/\/www.stat-niger.org\/wp-content\/uploads\/2020\/05\/Maradi-1-585x275.jpg",585,275,true],"penci-thumb-square":["https:\/\/www.stat-niger.org\/wp-content\/uploads\/2020\/05\/Maradi-1-585x585.jpg",585,585,true],"penci-thumb-vertical":["https:\/\/www.stat-niger.org\/wp-content\/uploads\/2020\/05\/Maradi-1-480x650.jpg",480,650,true],"penci-thumb-small":["https:\/\/www.stat-niger.org\/wp-content\/uploads\/2020\/05\/Maradi-1-263x175.jpg",263,175,true]},"uagb_author_info":{"display_name":"Abass Ali Tassiou","author_link":"https:\/\/www.stat-niger.org\/?author=6"},"uagb_comment_info":0,"uagb_excerpt":"Maradi en chiffres : \u00e9dition annuelle Maradi en chiffres 2023 (affiche murale)&hellip;","_links":{"self":[{"href":"https:\/\/www.stat-niger.org\/index.php?rest_route=\/wp\/v2\/pages\/266","targetHints":{"allow":["GET"]}}],"collection":[{"href":"https:\/\/www.stat-niger.org\/index.php?rest_route=\/wp\/v2\/pages"}],"about":[{"href":"https:\/\/www.stat-niger.org\/index.php?rest_route=\/wp\/v2\/types\/page"}],"author":[{"embeddable":true,"href":"https:\/\/www.stat-niger.org\/index.php?rest_route=\/wp\/v2\/users\/6"}],"replies":[{"embeddable":true,"href":"https:\/\/www.stat-niger.org\/index.php?rest_route=%2Fwp%2Fv2%2Fcomments&post=266"}],"version-history":[{"count":39,"href":"https:\/\/www.stat-niger.org\/index.php?rest_route=\/wp\/v2\/pages\/266\/revisions"}],"predecessor-version":[{"id":5331,"href":"https:\/\/www.stat-niger.org\/index.php?rest_route=\/wp\/v2\/pages\/266\/revisions\/5331"}],"up":[{"embeddable":true,"href":"https:\/\/www.stat-niger.org\/index.php?rest_route=\/wp\/v2\/pages\/198"}],"wp:featuredmedia":[{"embeddable":true,"href":"https:\/\/www.stat-niger.org\/index.php?rest_route=\/wp\/v2\/media\/402"}],"wp:attachment":[{"href":"https:\/\/www.stat-niger.org\/index.php?rest_route=%2Fwp%2Fv2%2Fmedia&parent=266"}],"curies":[{"name":"wp","href":"https:\/\/api.w.org\/{rel}","templated":true}]}}