{"id":320,"date":"2020-05-19T18:51:26","date_gmt":"2020-05-19T16:51:26","guid":{"rendered":"http:\/\/stat-niger.org\/?page_id=320"},"modified":"2025-09-03T15:11:52","modified_gmt":"2025-09-03T14:11:52","slug":"tahoua","status":"publish","type":"page","link":"https:\/\/www.stat-niger.org\/?page_id=320","title":{"rendered":"Tahoua"},"content":{"rendered":"\t\t<div data-elementor-type=\"wp-page\" data-elementor-id=\"320\" class=\"elementor elementor-320\">\n\t\t\t\t\t\t<section class=\"penci-section penci-disSticky penci-structure-10 elementor-section elementor-top-section elementor-element elementor-element-151f66c9 elementor-section-boxed elementor-section-height-default elementor-section-height-default\" data-id=\"151f66c9\" data-element_type=\"section\" data-e-type=\"section\">\n\t\t\t\t\t\t<div class=\"elementor-container elementor-column-gap-default\">\n\t\t\t\t\t<div class=\"penci-ercol-100 penci-ercol-order-1 penci-sticky-ct  elementor-column elementor-col-100 elementor-top-column elementor-element elementor-element-7a4cb18e\" data-id=\"7a4cb18e\" data-element_type=\"column\" data-e-type=\"column\">\n\t\t\t<div class=\"elementor-widget-wrap elementor-element-populated\">\n\t\t\t\t\t\t<div class=\"elementor-element elementor-element-2f75e61e elementor-widget elementor-widget-text-editor\" data-id=\"2f75e61e\" data-element_type=\"widget\" data-e-type=\"widget\" data-widget_type=\"text-editor.default\">\n\t\t\t\t<div class=\"elementor-widget-container\">\n\t\t\t\t\t\t\t\t\t<h3 class=\"text-highlight highlight-green\">Tahoua en chiffres : \u00e9dition annuelle<\/h3><ul><li><a href=\"http:\/\/stat-niger.org\/wp-content\/uploads\/tahoua\/Tahoua_en_chiffres_edition_2023.pdf\" target=\"_blank\" rel=\"noopener\">Tahoua en chiffres 2023<\/a><\/li><li><a href=\"http:\/\/stat-niger.org\/wp-content\/uploads\/tahoua\/Tahoua_en_chiffres_edition_2022.pdf\" target=\"_blank\" rel=\"noopener\">Tahoua en chiffres 2022<\/a><\/li><li><a href=\"http:\/\/stat-niger.org\/wp-content\/uploads\/tahoua\/Tahoua_en_chiffres_edition_2020.pdf\" target=\"_blank\" rel=\"noopener\">Tahoua en chiffres 2020<\/a><\/li><li><a href=\"http:\/\/stat-niger.org\/wp-content\/uploads\/tahoua\/Tahoua_en_chiffres_edition_2019.pdf\" target=\"_blank\" rel=\"noopener\">Tahoua en chiffres 2019<\/a><\/li><li><a href=\"http:\/\/stat-niger.org\/wp-content\/uploads\/tahoua\/Tahoua_en_chiffres_edition_2018.pdf\" target=\"_blank\" rel=\"noopener\">Tahoua en chiffres 2018<\/a><\/li><li><a href=\"http:\/\/stat-niger.org\/wp-content\/uploads\/tahoua\/Tahoua_en_chiffres_edition_2017.pdf\" target=\"_blank\" rel=\"noopener\">Tahoua en chiffres 2017<\/a><\/li><li><a href=\"http:\/\/stat-niger.org\/wp-content\/uploads\/2020\/05\/Tahoua_Chiffres_Edition_2016.pdf\" target=\"_blank\" rel=\"noopener\">Tahoua en chiffres 2016<\/a><\/li><li><a href=\"http:\/\/stat-niger.org\/wp-content\/uploads\/2020\/05\/Tahoua-en-chiffres-edition-2015_2.pdf\" target=\"_blank\" rel=\"noopener\">Tahoua en chiffres 2015<\/a><\/li><li><a href=\"http:\/\/stat-niger.org\/wp-content\/uploads\/tahoua\/Tahoua_en_chiffres_edition_2014.pdf\" target=\"_blank\" rel=\"noopener\">Tahoua en chiffres 2014<\/a><\/li><li><a href=\"http:\/\/stat-niger.org\/wp-content\/uploads\/tahoua\/Tahoua_en_chiffres_edition_2013.pdf\" target=\"_blank\" rel=\"noopener\">Tahoua en chiffres 2013<\/a><\/li><\/ul><h3 class=\"text-highlight highlight-green\">Affiches Murales : \u00e9dition annuelle<\/h3><ul><li><a href=\"http:\/\/stat-niger.org\/wp-content\/uploads\/tahoua\/affiche_murale_TA_2023.pdf\" target=\"_blank\" rel=\"noopener\">Affiche Murale 2023<\/a><\/li><li><a href=\"http:\/\/stat-niger.org\/wp-content\/uploads\/tahoua\/affiche_murale_TA_2022.pdf\" target=\"_blank\" rel=\"noopener\">Affiche Murale 2022<\/a><\/li><li><a href=\"http:\/\/stat-niger.org\/wp-content\/uploads\/tahoua\/affiche_murale_TA_2019.pdf\" target=\"_blank\" rel=\"noopener\">Affiche Murale 2019<\/a><\/li><li><a href=\"http:\/\/stat-niger.org\/wp-content\/uploads\/tahoua\/affiche_murale_TA_2017.pdf\" target=\"_blank\" rel=\"noopener\">Affiche Murale 2017<\/a><\/li><li><a href=\"http:\/\/stat-niger.org\/wp-content\/uploads\/tahoua\/affiche_murale_TA_2016.pdf\" target=\"_blank\" rel=\"noopener\">Affiche Murale 2016<\/a><\/li><li><a href=\"http:\/\/stat-niger.org\/wp-content\/uploads\/tahoua\/affiche_murale_TA_2015.pdf\" target=\"_blank\" rel=\"noopener\">Affiche Murale 2015<\/a><\/li><\/ul><h3 class=\"text-highlight highlight-green\">Annuaires Statistiques :\u00a0\u00e9dition annuelle<\/h3><ul><li><a href=\"http:\/\/stat-niger.org\/wp-content\/uploads\/tahoua\/annuaire_tahoua_2018_2022_edition_2023.pdf\" target=\"_blank\" rel=\"noopener\">Annuaire statistique 2018-2022 \u00e9dition 2023<\/a><\/li><li><a href=\"http:\/\/stat-niger.org\/wp-content\/uploads\/tahoua\/annuaire_tahoua_2017_2021_edition_2022.pdf\" target=\"_blank\" rel=\"noopener\">Annuaire statistique 2017-2021 \u00e9dition 2022<\/a><\/li><li><a href=\"http:\/\/stat-niger.org\/wp-content\/uploads\/tahoua\/annuaire_tahoua_2016_2020_edition_2021.pdf\" target=\"_blank\" rel=\"noopener\">Annuaire statistique 2016-2020 \u00e9dition 2021<\/a><\/li><li><a href=\"http:\/\/stat-niger.org\/wp-content\/uploads\/tahoua\/annuaire_tahoua_2015_2019_edition_2021.pdf\" target=\"_blank\" rel=\"noopener\">Annuaire statistique 2015-2019 \u00e9dition 2021<\/a><\/li><li><a href=\"http:\/\/stat-niger.org\/wp-content\/uploads\/tahoua\/annuaire_tahoua_2014_2018_edition_2019.pdf\" target=\"_blank\" rel=\"noopener\">Annuaire statistique 2014-2018 \u00e9dition 2019<\/a><\/li><li><a href=\"http:\/\/stat-niger.org\/wp-content\/uploads\/2020\/05\/AS_Tahoua_2013_2017.pdf\" target=\"_blank\" rel=\"noopener\">Annuaire statistique 2013-2017 \u00e9dition 2018<\/a><\/li><li><a href=\"http:\/\/stat-niger.org\/wp-content\/uploads\/2020\/05\/ANNUAIRE_TAHOUA_2017.pdf\" target=\"_blank\" rel=\"noopener\">Annuaire statistique 2012-2016 \u00e9dition 2017<\/a><\/li><li><a href=\"http:\/\/stat-niger.org\/wp-content\/uploads\/2020\/05\/Annuaire_Statistique_Tahoua_2011_2015.pdf\" target=\"_blank\" rel=\"noopener\">Annuaire statistique 2011-2015 \u00e9dition 2016<\/a><\/li><li><a href=\"http:\/\/stat-niger.org\/wp-content\/uploads\/2020\/05\/annuaire_tahoua_2010_2014_V02_04_03_16_corr.pdf\" target=\"_blank\" rel=\"noopener\">Annuaire statistique 2010-2014 \u00e9dition 2015<\/a><\/li><li><a href=\"http:\/\/stat-niger.org\/wp-content\/uploads\/tahoua\/annuaire_tahoua_2009_2013_edition_2014.pdf\" target=\"_blank\" rel=\"noopener\">Annuaire statistique 2009-2013 \u00e9dition 2014<\/a><\/li><li><a href=\"http:\/\/stat-niger.org\/wp-content\/uploads\/tahoua\/annuaire_tahoua_2008_2012_edition_2013.pdf\" target=\"_blank\" rel=\"noopener\">Annuaire statistique 2008-2012 \u00e9dition 2013<\/a><\/li><\/ul><h3 class=\"text-highlight highlight-green\"><strong>Bulletins des prix :\u00a0\u00e9dition trimestrielle<\/strong><\/h3><h4>Ann\u00e9e 2025 :<\/h4><ul><li><a href=\"http:\/\/stat-niger.org\/wp-content\/uploads\/tahoua\/BTP_TA_2025_1T.pdf\" target=\"_blank\" rel=\"noopener\">1er trimestre 2025<\/a><\/li><\/ul><h4>Ann\u00e9e 2024 :<\/h4><ul><li><a href=\"http:\/\/stat-niger.org\/wp-content\/uploads\/tahoua\/BTP_TA_2024_1T.pdf\" target=\"_blank\" rel=\"noopener\">1er trimestre 2024<\/a><\/li><li><a href=\"http:\/\/stat-niger.org\/wp-content\/uploads\/tahoua\/BTP_TA_2024_2T.pdf\" target=\"_blank\" rel=\"noopener\">2\u00e8me trimestre 2024<\/a><\/li><li><a href=\"http:\/\/stat-niger.org\/wp-content\/uploads\/tahoua\/BTP_TA_2024_3T.pdf\" target=\"_blank\" rel=\"noopener\">3\u00e8me trimestre 2024<\/a><\/li><\/ul><h4>Ann\u00e9e 2023 :<\/h4><ul><li><a href=\"http:\/\/stat-niger.org\/wp-content\/uploads\/tahoua\/BTP_TA_2023_1T.pdf\" target=\"_blank\" rel=\"noopener\">1er trimestre 2023<\/a><\/li><li><a href=\"http:\/\/stat-niger.org\/wp-content\/uploads\/tahoua\/BTP_TA_2023_2T.pdf\" target=\"_blank\" rel=\"noopener\">2\u00e8me trimestre 2023<\/a><\/li><li><a href=\"http:\/\/stat-niger.org\/wp-content\/uploads\/tahoua\/BTP_TA_2023_3T.pdf\" target=\"_blank\" rel=\"noopener\">3\u00e8me trimestre 2023<\/a><\/li><li><a href=\"http:\/\/stat-niger.org\/wp-content\/uploads\/tahoua\/BTP_TA_2023_4T.pdf\" target=\"_blank\" rel=\"noopener\">4\u00e8me trimestre 2023<\/a><\/li><li><a href=\"http:\/\/stat-niger.org\/wp-content\/uploads\/tahoua\/BTP_TA_2023.pdf\" target=\"_blank\" rel=\"noopener\">Bulletin Annuel des prix 2023<\/a><\/li><\/ul><h4>Ann\u00e9e 2022 :<\/h4><ul><li><a href=\"http:\/\/stat-niger.org\/wp-content\/uploads\/tahoua\/BTP_TA_2022_1T.pdf\" target=\"_blank\" rel=\"noopener\">1er trimestre 2022<\/a><\/li><li><a href=\"http:\/\/stat-niger.org\/wp-content\/uploads\/tahoua\/BTP_TA_2022_2T.pdf\" target=\"_blank\" rel=\"noopener\">2\u00e8me trimestre 2022<\/a><\/li><li><a href=\"http:\/\/stat-niger.org\/wp-content\/uploads\/tahoua\/BTP_TA_2022_3T.pdf\" target=\"_blank\" rel=\"noopener\">3\u00e8me trimestre 2022<\/a><\/li><\/ul><h4>Ann\u00e9e 2021 :<\/h4><ul><li><a href=\"http:\/\/stat-niger.org\/wp-content\/uploads\/tahoua\/BTP_TA_2021_1T.pdf\" target=\"_blank\" rel=\"noopener\">1er trimestre 2021<\/a><\/li><li><a href=\"http:\/\/stat-niger.org\/wp-content\/uploads\/tahoua\/BTP_TA_2021_2T.pdf\" target=\"_blank\" rel=\"noopener\">2\u00e8me trimestre 2021<\/a><\/li><li><a href=\"http:\/\/stat-niger.org\/wp-content\/uploads\/tahoua\/BTP_TA_2021_3T.pdf\" target=\"_blank\" rel=\"noopener\">3\u00e8me trimestre 2021<\/a><\/li><li><a href=\"http:\/\/stat-niger.org\/wp-content\/uploads\/tahoua\/BTP_TA_2021_4T.pdf\" target=\"_blank\" rel=\"noopener\">4\u00e8me trimestre 2021<\/a><\/li><li><a href=\"http:\/\/stat-niger.org\/wp-content\/uploads\/tahoua\/Bulletin_prix_Annuel_TA_2021.pdf\" target=\"_blank\" rel=\"noopener\">Bulletin annuel des prix 2021<\/a><\/li><\/ul><h4>Ann\u00e9e 2020 :<\/h4><ul><li><a href=\"http:\/\/stat-niger.org\/wp-content\/uploads\/tahoua\/BTP_TA_2020_1T.pdf\" target=\"_blank\" rel=\"noopener\">1er trimestre 2020<\/a><\/li><li><a href=\"http:\/\/stat-niger.org\/wp-content\/uploads\/tahoua\/BTP_TA_2020_2T.pdf\" target=\"_blank\" rel=\"noopener\">2\u00e8me trimestre 2020<\/a><\/li><li><a href=\"http:\/\/stat-niger.org\/wp-content\/uploads\/tahoua\/BTP_TA_2020_3T.pdf\" target=\"_blank\" rel=\"noopener\">3\u00e8me trimestre 2020<\/a><\/li><li><a href=\"http:\/\/stat-niger.org\/wp-content\/uploads\/tahoua\/BTP_TA_2020_4T.pdf\" target=\"_blank\" rel=\"noopener\">4\u00e8me trimestre 2020<\/a><\/li><li><a href=\"http:\/\/stat-niger.org\/wp-content\/uploads\/tahoua\/Bulletin_prix_Annuel_TA_2020.pdf\" target=\"_blank\" rel=\"noopener\">Bulletin annuel des prix 2020<\/a><\/li><\/ul><h4>Ann\u00e9e 2019 :<\/h4><ul><li><a href=\"http:\/\/stat-niger.org\/wp-content\/uploads\/tahoua\/BTP_TA_2019_1T.pdf\" target=\"_blank\" rel=\"noopener\">1er trimestre 2019<\/a><\/li><li><a href=\"http:\/\/stat-niger.org\/wp-content\/uploads\/tahoua\/BTP_TA_2019_2T.pdf\" target=\"_blank\" rel=\"noopener\">2\u00e8me trimestre 2019<\/a><\/li><li><a href=\"http:\/\/stat-niger.org\/wp-content\/uploads\/tahoua\/BTP_TA_2019_3T.pdf\" target=\"_blank\" rel=\"noopener\">3\u00e8me trimestre 2019<\/a><\/li><li><a href=\"http:\/\/stat-niger.org\/wp-content\/uploads\/tahoua\/BTP_TA_2019_4T.pdf\" target=\"_blank\" rel=\"noopener\">4\u00e8me trimestre 2019<\/a><\/li><li><a href=\"http:\/\/stat-niger.org\/wp-content\/uploads\/tahoua\/Bulletin_prix_Annuel_TA_2019.pdf\" target=\"_blank\" rel=\"noopener\">Bulletin annuel des prix 2019<\/a><\/li><\/ul><h4>Ann\u00e9e 2018 :<\/h4><ul><li><a href=\"http:\/\/stat-niger.org\/wp-content\/uploads\/tahoua\/BTP_TA_2018_1T.pdf\" target=\"_blank\" rel=\"noopener\">1er trimestre 2018<\/a><\/li><li><a href=\"http:\/\/stat-niger.org\/wp-content\/uploads\/tahoua\/BTP_TA_2018_2T.pdf\" target=\"_blank\" rel=\"noopener\">2\u00e8me trimestre 2018<\/a><\/li><li><a href=\"http:\/\/stat-niger.org\/wp-content\/uploads\/tahoua\/BTP_TA_2018_3T.pdf\" target=\"_blank\" rel=\"noopener\">3\u00e8me trimestre 2018<\/a><\/li><li><a href=\"http:\/\/stat-niger.org\/wp-content\/uploads\/tahoua\/BTP_TA_2018_4T.pdf\" target=\"_blank\" rel=\"noopener\">4\u00e8me trimestre 2018<\/a><\/li><li><a href=\"http:\/\/stat-niger.org\/wp-content\/uploads\/tahoua\/Bulletin_prix_Annuel_TA_2018.pdf target=\" rel=\"noopener\">Bulletin annuel des prix 2018<\/a><\/li><\/ul><h4>Ann\u00e9e 2017 :<\/h4><ul><li><a href=\"http:\/\/stat-niger.org\/wp-content\/uploads\/2020\/05\/BTP_T1_2017_TA.pdf\" target=\"_blank\" rel=\"noopener\">1er trimestre 2017<\/a><\/li><li><a href=\"http:\/\/stat-niger.org\/wp-content\/uploads\/2020\/05\/BTP_T2_2017_TA.pdf\" target=\"_blank\" rel=\"noopener\">2\u00e8me trimestre 2017<\/a><\/li><li><a href=\"http:\/\/stat-niger.org\/wp-content\/uploads\/2020\/05\/BTP_T3_2017_TA.pdf\" target=\"_blank\" rel=\"noopener\">3\u00e8me trimestre 2017<\/a><\/li><li><a href=\"http:\/\/stat-niger.org\/wp-content\/uploads\/2020\/05\/BTP_T4_2017_TA.pdf\" target=\"_blank\" rel=\"noopener\">4\u00e8me trimestre 2017<\/a><\/li><li><a href=\"http:\/\/stat-niger.org\/wp-content\/uploads\/tahoua\/Bulletin_prix_Annuel_TA_2017.pdf\" target=\"_blank\" rel=\"noopener\">Bulletin annuel des prix 2017<\/a><\/li><\/ul><h4>Ann\u00e9e 2016 :<\/h4><ul><li><a href=\"http:\/\/stat-niger.org\/wp-content\/uploads\/2020\/05\/Bulletin_prix_1trim_2016TA.pdf\" target=\"_blank\" rel=\"noopener\">1er trimestre 2016<\/a><\/li><li><a href=\"http:\/\/stat-niger.org\/wp-content\/uploads\/2020\/05\/Bulletin_prix_2trim_2016-ta-1.pdf\" target=\"_blank\" rel=\"noopener\">2\u00e8me trimestre 2016<\/a><\/li><li><a href=\"http:\/\/stat-niger.org\/wp-content\/uploads\/2020\/05\/BTP_T3_2016_TA.pdf\" target=\"_blank\" rel=\"noopener\">3\u00e8me trimestre 2016<\/a><\/li><li><a href=\"http:\/\/stat-niger.org\/wp-content\/uploads\/2020\/05\/BTP_T4_2016_TA.pdf\" target=\"_blank\" rel=\"noopener\">4\u00e8me trimestre 2016<\/a><\/li><li><a href=\"http:\/\/stat-niger.org\/wp-content\/uploads\/2020\/05\/Bulletin_Prix_Annuel_2016_TA.pdf\" target=\"_blank\" rel=\"noopener\">Bulletin annuel des prix 2016<\/a><\/li><\/ul><h4>Ann\u00e9e 2015 :<\/h4><ul><li><a href=\"http:\/\/stat-niger.org\/wp-content\/uploads\/2020\/05\/Bulletin_prix_1trim_2015-TA.pdf\" target=\"_blank\" rel=\"noopener\">1er trimestre 2015<\/a><\/li><li><a href=\"http:\/\/stat-niger.org\/wp-content\/uploads\/2020\/05\/Bulletin_prix_2trim-TA_2015-corrige.pdf\" target=\"_blank\" rel=\"noopener\">2\u00e8me trimestre 2015<\/a><\/li><li><a href=\"http:\/\/stat-niger.org\/wp-content\/uploads\/2020\/05\/Bulletin_prix_3trim_2015-TA.pdf\" target=\"_blank\" rel=\"noopener\">3\u00e8me trimestre 2015<\/a><\/li><li><a href=\"http:\/\/stat-niger.org\/wp-content\/uploads\/2020\/05\/Bulletin_prix_4trim_2015-TA.pdf\" target=\"_blank\" rel=\"noopener\">4\u00e8me trimestre 2015<\/a><\/li><li><a href=\"http:\/\/stat-niger.org\/wp-content\/uploads\/2020\/05\/Bulletin_prix_Annuel_2015-TA.pdf\" target=\"_blank\" rel=\"noopener\">Bulletin annuel des prix 2015<\/a><\/li><\/ul><h3 class=\"text-highlight highlight-green\">Les Monographies de\u00a0Tahoua<\/h3><ul><li><a href=\"http:\/\/stat-niger.org\/wp-content\/uploads\/2020\/05\/Monographie_Regionale_Tahoua-2.pdf\" target=\"_blank\" rel=\"noopener\">Monographie r\u00e9gionale de Tahoua<\/a><\/li><li><a href=\"http:\/\/stat-niger.org\/wp-content\/uploads\/2020\/05\/Monographie_Tahoua-2.pdf\" target=\"_blank\" rel=\"noopener\">Monographie sur les adolescents de la r\u00e9gion de Tahoua RGPH2012<\/a><\/li><\/ul><h3 class=\"text-highlight highlight-green\">D\u00e9pliants D\u00e9mographiques de\u00a0Tahoua<\/h3><ul><li><a href=\"http:\/\/stat-niger.org\/wp-content\/uploads\/tahoua\/Depliant_Demographique_Tahoua_edition_2024.pdf\" target=\"_blank\" rel=\"noopener\"> D\u00e9pliant D\u00e9mographique \u00e9dition 2024<\/a><\/li><li><a href=\"http:\/\/stat-niger.org\/wp-content\/uploads\/tahoua\/Depliant_Demographique_Tahoua_edition_2022.pdf\" target=\"_blank\" rel=\"noopener\">D\u00e9pliant D\u00e9mographique \u00e9dition 2022<\/a><\/li><li><a href=\"http:\/\/stat-niger.org\/wp-content\/uploads\/tahoua\/Depliant_Demographique_Tahoua_edition_2019.pdf\" target=\"_blank\" rel=\"noopener\"> D\u00e9pliant D\u00e9mographique \u00e9dition 2019<\/a><\/li><li><a href=\"http:\/\/stat-niger.org\/wp-content\/uploads\/tahoua\/Depliant_Demographique_Tahoua_edition_2018.pdf\" target=\"_blank\" rel=\"noopener\"> D\u00e9pliant D\u00e9mographique \u00e9dition 2018<\/a><\/li><\/ul>\t\t\t\t\t\t\t\t<\/div>\n\t\t\t\t<\/div>\n\t\t\t\t\t<\/div>\n\t\t<\/div>\n\t\t\t\t\t<\/div>\n\t\t<\/section>\n\t\t\t\t<\/div>\n\t\t","protected":false},"excerpt":{"rendered":"<p>Tahoua en chiffres : \u00e9dition annuelle Tahoua en chiffres 2023 Tahoua en&hellip;<\/p>\n","protected":false},"author":6,"featured_media":404,"parent":198,"menu_order":0,"comment_status":"closed","ping_status":"closed","template":"","meta":{"_uag_custom_page_level_css":"","footnotes":""},"class_list":["post-320","page","type-page","status-publish","has-post-thumbnail","hentry"],"uagb_featured_image_src":{"full":["https:\/\/www.stat-niger.org\/wp-content\/uploads\/2020\/05\/Tahoua-1.jpg",1563,735,false],"thumbnail":["https:\/\/www.stat-niger.org\/wp-content\/uploads\/2020\/05\/Tahoua-1-150x150.jpg",150,150,true],"medium":["https:\/\/www.stat-niger.org\/wp-content\/uploads\/2020\/05\/Tahoua-1-300x141.jpg",300,141,true],"medium_large":["https:\/\/www.stat-niger.org\/wp-content\/uploads\/2020\/05\/Tahoua-1-768x361.jpg",768,361,true],"large":["https:\/\/www.stat-niger.org\/wp-content\/uploads\/2020\/05\/Tahoua-1-1024x482.jpg",1024,482,true],"1536x1536":["https:\/\/www.stat-niger.org\/wp-content\/uploads\/2020\/05\/Tahoua-1.jpg",1536,722,false],"2048x2048":["https:\/\/www.stat-niger.org\/wp-content\/uploads\/2020\/05\/Tahoua-1.jpg",1563,735,false],"mini":["https:\/\/www.stat-niger.org\/wp-content\/uploads\/2020\/05\/Tahoua-1.jpg",50,24,false],"penci-single-full":["https:\/\/www.stat-niger.org\/wp-content\/uploads\/2020\/05\/Tahoua-1.jpg",1563,735,false],"penci-slider-full-thumb":["https:\/\/www.stat-niger.org\/wp-content\/uploads\/2020\/05\/Tahoua-1.jpg",1563,735,false],"penci-full-thumb":["https:\/\/www.stat-niger.org\/wp-content\/uploads\/2020\/05\/Tahoua-1-1170x550.jpg",1170,550,true],"penci-slider-thumb":["https:\/\/www.stat-niger.org\/wp-content\/uploads\/2020\/05\/Tahoua-1-1170x663.jpg",1170,663,true],"penci-magazine-slider":["https:\/\/www.stat-niger.org\/wp-content\/uploads\/2020\/05\/Tahoua-1-780x516.jpg",780,516,true],"penci-thumb":["https:\/\/www.stat-niger.org\/wp-content\/uploads\/2020\/05\/Tahoua-1-585x390.jpg",585,390,true],"penci-masonry-thumb":["https:\/\/www.stat-niger.org\/wp-content\/uploads\/2020\/05\/Tahoua-1-585x275.jpg",585,275,true],"penci-thumb-square":["https:\/\/www.stat-niger.org\/wp-content\/uploads\/2020\/05\/Tahoua-1-585x585.jpg",585,585,true],"penci-thumb-vertical":["https:\/\/www.stat-niger.org\/wp-content\/uploads\/2020\/05\/Tahoua-1-480x650.jpg",480,650,true],"penci-thumb-small":["https:\/\/www.stat-niger.org\/wp-content\/uploads\/2020\/05\/Tahoua-1-263x175.jpg",263,175,true]},"uagb_author_info":{"display_name":"Abass Ali Tassiou","author_link":"https:\/\/www.stat-niger.org\/?author=6"},"uagb_comment_info":0,"uagb_excerpt":"Tahoua en chiffres : \u00e9dition annuelle Tahoua en chiffres 2023 Tahoua en&hellip;","_links":{"self":[{"href":"https:\/\/www.stat-niger.org\/index.php?rest_route=\/wp\/v2\/pages\/320","targetHints":{"allow":["GET"]}}],"collection":[{"href":"https:\/\/www.stat-niger.org\/index.php?rest_route=\/wp\/v2\/pages"}],"about":[{"href":"https:\/\/www.stat-niger.org\/index.php?rest_route=\/wp\/v2\/types\/page"}],"author":[{"embeddable":true,"href":"https:\/\/www.stat-niger.org\/index.php?rest_route=\/wp\/v2\/users\/6"}],"replies":[{"embeddable":true,"href":"https:\/\/www.stat-niger.org\/index.php?rest_route=%2Fwp%2Fv2%2Fcomments&post=320"}],"version-history":[{"count":48,"href":"https:\/\/www.stat-niger.org\/index.php?rest_route=\/wp\/v2\/pages\/320\/revisions"}],"predecessor-version":[{"id":5334,"href":"https:\/\/www.stat-niger.org\/index.php?rest_route=\/wp\/v2\/pages\/320\/revisions\/5334"}],"up":[{"embeddable":true,"href":"https:\/\/www.stat-niger.org\/index.php?rest_route=\/wp\/v2\/pages\/198"}],"wp:featuredmedia":[{"embeddable":true,"href":"https:\/\/www.stat-niger.org\/index.php?rest_route=\/wp\/v2\/media\/404"}],"wp:attachment":[{"href":"https:\/\/www.stat-niger.org\/index.php?rest_route=%2Fwp%2Fv2%2Fmedia&parent=320"}],"curies":[{"name":"wp","href":"https:\/\/api.w.org\/{rel}","templated":true}]}}