{"id":349,"date":"2020-05-20T19:30:07","date_gmt":"2020-05-20T17:30:07","guid":{"rendered":"http:\/\/stat-niger.org\/?page_id=349"},"modified":"2025-09-03T15:17:16","modified_gmt":"2025-09-03T14:17:16","slug":"tillaberi","status":"publish","type":"page","link":"https:\/\/www.stat-niger.org\/?page_id=349","title":{"rendered":"Tillab\u00e9ri"},"content":{"rendered":"\t\t<div data-elementor-type=\"wp-page\" data-elementor-id=\"349\" class=\"elementor elementor-349\">\n\t\t\t\t\t\t<section class=\"penci-section penci-disSticky penci-structure-10 elementor-section elementor-top-section elementor-element elementor-element-6cc16002 elementor-section-boxed elementor-section-height-default elementor-section-height-default\" data-id=\"6cc16002\" data-element_type=\"section\" data-e-type=\"section\">\n\t\t\t\t\t\t<div class=\"elementor-container elementor-column-gap-default\">\n\t\t\t\t\t<div class=\"penci-ercol-100 penci-ercol-order-1 penci-sticky-ct  elementor-column elementor-col-100 elementor-top-column elementor-element elementor-element-5eae9783\" data-id=\"5eae9783\" data-element_type=\"column\" data-e-type=\"column\">\n\t\t\t<div class=\"elementor-widget-wrap elementor-element-populated\">\n\t\t\t\t\t\t<div class=\"elementor-element elementor-element-2f8cc5ac elementor-widget elementor-widget-text-editor\" data-id=\"2f8cc5ac\" data-element_type=\"widget\" data-e-type=\"widget\" data-widget_type=\"text-editor.default\">\n\t\t\t\t<div class=\"elementor-widget-container\">\n\t\t\t\t\t\t\t\t\t<h3 class=\"text-highlight highlight-green\">Tillab\u00e9ri\u00a0 en chiffres : \u00e9dition annuelle<\/h3><ul><li><a href=\"http:\/\/stat-niger.org\/wp-content\/uploads\/tillaberi\/tillaberi_en_chiffres_2023.pdf\">Tillab\u00e9ri en chiffres 2023<\/a><\/li><li><a href=\"http:\/\/stat-niger.org\/wp-content\/uploads\/tillaberi\/tillaberi_en_chiffres_2022.pdf\">Tillab\u00e9ri en chiffres 2022<\/a><\/li><li><a href=\"http:\/\/stat-niger.org\/wp-content\/uploads\/tillaberi\/tillaberi_en_chiffres_2021.pdf\">Tillab\u00e9ri en chiffres 2021<\/a><\/li><li><a href=\"http:\/\/stat-niger.org\/wp-content\/uploads\/tillaberi\/tillaberi_en_chiffres_2020.pdf\">Tillab\u00e9ri en chiffres 2020<\/a><\/li><li><a href=\"http:\/\/stat-niger.org\/wp-content\/uploads\/tillaberi\/tillaberi_en_chiffres_2019.pdf\">Tillab\u00e9ri en chiffres 2019<\/a><\/li><li><a href=\"http:\/\/stat-niger.org\/wp-content\/uploads\/tillaberi\/tillaberi_en_chiffres_2018.pdf\">Tillab\u00e9ri en chiffres 2018<\/a><\/li><li><a href=\"http:\/\/stat-niger.org\/wp-content\/uploads\/tillaberi\/tillaberi_en_chiffres_2017.pdf\">Tillab\u00e9ri en chiffres 2017<\/a><\/li><li><a href=\"http:\/\/stat-niger.org\/wp-content\/uploads\/tillaberi\/tillaberi_en_chiffres_2016.pdf\">Tillab\u00e9ri en chiffres 2016<\/a><\/li><li><a href=\"http:\/\/stat-niger.org\/wp-content\/uploads\/tillaberi\/tillaberi_en_chiffres_2015.pdf\">Tillab\u00e9ri en chiffres 2015<\/a><\/li><li><a href=\"http:\/\/stat-niger.org\/wp-content\/uploads\/tillaberi\/tillaberi_en_chiffres_2014.pdf\">Tillab\u00e9ri en chiffres 2014<\/a><\/li><li><a href=\"http:\/\/stat-niger.org\/wp-content\/uploads\/tillaberi\/tillaberi_en_chiffres_2013.pdf\">Tillab\u00e9ri en chiffres 2013<\/a><\/li><li><a href=\"http:\/\/stat-niger.org\/wp-content\/uploads\/tillaberi\/tillaberi_en_chiffres_2012.pdf\">Tillab\u00e9ri en chiffres 2012<\/a><\/li><\/ul><h3 class=\"text-highlight highlight-green\">Affiches Murales : \u00e9dition annuelle<\/h3><ul><li><a href=\"http:\/\/stat-niger.org\/wp-content\/uploads\/tillaberi\/affiche_murale_tillaberi_2023.pdf\">Affiche Murale 2023<\/a><\/li><li><a href=\"http:\/\/stat-niger.org\/wp-content\/uploads\/tillaberi\/affiche_murale_tillaberi_2022.pdf\">Affiche Murale 2022<\/a><\/li><li><a href=\"http:\/\/stat-niger.org\/wp-content\/uploads\/tillaberi\/affiche_murale_tillaberi_2019.pdf\">Affiche Murale 2019<\/a><\/li><\/ul><h3 class=\"text-highlight highlight-green\">Annuaires Statistiques :\u00a0\u00e9dition annuelle<\/h3><ul><li><a href=\"http:\/\/stat-niger.org\/wp-content\/uploads\/tillaberi\/as_tillaberi_2018_2022_edition_2023.pdf\">Annuaire statistique 2018-2022 Edition 2023<\/a><\/li><li><a href=\"http:\/\/stat-niger.org\/wp-content\/uploads\/tillaberi\/as_tillaberi_2017_2021_edition_2022.pdf\">Annuaire statistique 2017-2021 Edition 2022<\/a><\/li><li><a href=\"http:\/\/stat-niger.org\/wp-content\/uploads\/tillaberi\/as_tillaberi_2015_2019_edition_2020.pdf\">Annuaire statistique 2015-2019 Edition 2020<\/a><\/li><li><a href=\"http:\/\/stat-niger.org\/wp-content\/uploads\/tillaberi\/as_tillaberi_2014_2018_edition_2019.pdf\">Annuaire statistique 2014-2018 Edition 2019<\/a><\/li><li><a href=\"http:\/\/stat-niger.org\/wp-content\/uploads\/tillaberi\/as_tillaberi_2013_2017_edition_2018.pdf\">Annuaire statistique 2013-2017 Edition 2018<\/a><\/li><li><a href=\"http:\/\/stat-niger.org\/wp-content\/uploads\/tillaberi\/as_tillaberi_2012_2016_edition_2017.pdf\">Annuaire statistique 2012-2016 Edition 2017<\/a><\/li><li><a href=\"http:\/\/stat-niger.org\/wp-content\/uploads\/tillaberi\/as_tillaberi_2011_2015_edition_2016.pdf\">Annuaire statistique 2011-2015 Edition 2016<\/a><\/li><li><a href=\"http:\/\/stat-niger.org\/wp-content\/uploads\/tillaberi\/as_tillaberi_2010_2014_edition_2015.pdf\">Annuaire statistique 2010-2014 Edition 2015<\/a><\/li><li><a href=\"http:\/\/stat-niger.org\/wp-content\/uploads\/tillaberi\/as_tillaberi_2009_2013_edition_2014.pdf\">Annuaire statistique 2009-2013 Edition 2014<\/a><\/li><li><a href=\"http:\/\/stat-niger.org\/wp-content\/uploads\/tillaberi\/as_tillaberi_2008_2012_edition_2013.pdf\">Annuaire statistique 2008-2012 Edition 2013<\/a><\/li><li><a href=\"http:\/\/stat-niger.org\/wp-content\/uploads\/tillaberi\/as_tillaberi_2006_2010_edition_2012.pdf\">Annuaire statistique 2006-2010 Edition 2012<\/a><\/li><li><a href=\"http:\/\/stat-niger.org\/wp-content\/uploads\/tillaberi\/as_tillaberi_2005_2010_edition_2011.pdf\">Annuaire statistique 2005-2010 Edition 2011<\/a><\/li><\/ul><h3 class=\"text-highlight highlight-green\">Bulletins des prix :\u00a0\u00e9dition trimestrielle<\/h3><h4>Ann\u00e9e 2025 :<\/h4><ul><li><a href=\"http:\/\/stat-niger.org\/wp-content\/uploads\/tillaberi\/BTP_TI_2025_1T.pdf\">1er trimestre 2025<\/a><\/li><\/ul><h4>Ann\u00e9e 2024 :<\/h4><ul><li><a href=\"http:\/\/stat-niger.org\/wp-content\/uploads\/tillaberi\/BTP_TI_2024_1T.pdf\">1er trimestre 2024<\/a><\/li><li><a href=\"http:\/\/stat-niger.org\/wp-content\/uploads\/tillaberi\/BTP_TI_2024_2T.pdf\">2\u00e8me trimestre 2024<\/a><\/li><li><a href=\"http:\/\/stat-niger.org\/wp-content\/uploads\/tillaberi\/BTP_TI_2024_3T.pdf\">3\u00e8me trimestre 2024<\/a><\/li><\/ul><h4>Ann\u00e9e 2023 :<\/h4><ul><li><a href=\"http:\/\/stat-niger.org\/wp-content\/uploads\/tillaberi\/BTP_TI_2023_1T.pdf\">1er trimestre 2023<\/a><\/li><li><a href=\"http:\/\/stat-niger.org\/wp-content\/uploads\/tillaberi\/BTP_TI_2023_2T.pdf\">2\u00e8me trimestre 2023<\/a><\/li><li><a href=\"http:\/\/stat-niger.org\/wp-content\/uploads\/tillaberi\/BTP_TI_2023_3T.pdf\">3\u00e8me trimestre 2023<\/a><\/li><li><a href=\"http:\/\/stat-niger.org\/wp-content\/uploads\/tillaberi\/BTP_TI_2023_4T.pdf\">4\u00e8me trimestre 2023<\/a><\/li><li><a href=\"http:\/\/stat-niger.org\/wp-content\/uploads\/tillaberi\/BTP_TI_2023.pdf\">Bulletin Annuel des prix 2023<\/a><\/li><\/ul><h4>Ann\u00e9e 2022 :<\/h4><ul><li><a href=\"http:\/\/stat-niger.org\/wp-content\/uploads\/tillaberi\/BTP_TI_2022_1T.pdf\">1er trimestre 2022<\/a><\/li><li><a href=\"http:\/\/stat-niger.org\/wp-content\/uploads\/tillaberi\/BTP_TI_2022_2T.pdf\">2\u00e8me trimestre 2022<\/a><\/li><li><a href=\"http:\/\/stat-niger.org\/wp-content\/uploads\/tillaberi\/BTP_TI_2022_3T.pdf\">3\u00e8me trimestre 2022<\/a><\/li><li><a href=\"http:\/\/stat-niger.org\/wp-content\/uploads\/tillaberi\/BTP_TI_2022_4T.pdf\">4\u00e8me trimestre 2022<\/a><\/li><li><a href=\"http:\/\/stat-niger.org\/wp-content\/uploads\/tillaberi\/BTP_TI_2022.pdf\">Bulletin annuel des prix 2022<\/a><\/li><\/ul><h4>Ann\u00e9e 2021 :<\/h4><ul><li><a href=\"http:\/\/stat-niger.org\/wp-content\/uploads\/tillaberi\/BTP_TI_2021_1T.pdf\">1er trimestre 2021<\/a><\/li><li><a href=\"http:\/\/stat-niger.org\/wp-content\/uploads\/tillaberi\/BTP_TI_2021_2T.pdf\">2\u00e8me trimestre 2021\/a&gt;<\/a><\/li><li><a href=\"http:\/\/stat-niger.org\/wp-content\/uploads\/tillaberi\/BTP_TI_2021_3T.pdf\">3\u00e8me trimestre 2021<\/a><\/li><li><a href=\"http:\/\/stat-niger.org\/wp-content\/uploads\/tillaberi\/BTP_TI_2021_4T.pdf\">4\u00e8me trimestre 2021<\/a><\/li><li><a href=\"http:\/\/stat-niger.org\/wp-content\/uploads\/tillaberi\/BTP_TI_2021.pdf\">Bulletin annuel des prix 2021<\/a><\/li><\/ul><h4>Ann\u00e9e 2020 :<\/h4><ul><li><a href=\"http:\/\/stat-niger.org\/wp-content\/uploads\/tillaberi\/BTP_TI_2020_1T.pdf\">1er trimestre 2020<\/a><\/li><li><a href=\"http:\/\/stat-niger.org\/wp-content\/uploads\/tillaberi\/BTP_TI_2020_2T.pdf\">2\u00e8me trimestre 2020\/a&gt;<\/a><\/li><li><a href=\"http:\/\/stat-niger.org\/wp-content\/uploads\/tillaberi\/BTP_TI_2020_3T.pdf\">3\u00e8me trimestre 2020<\/a><\/li><\/ul><h4>Ann\u00e9e 2019 :<\/h4><ul><li><a href=\"http:\/\/stat-niger.org\/wp-content\/uploads\/tillaberi\/BTP_TI_2019_4T.pdf\">4\u00e8me trimestre 2019<\/a><\/li><\/ul><h4>Ann\u00e9e 2016 :<\/h4><ul><li><a href=\"http:\/\/stat-niger.org\/wp-content\/uploads\/2020\/05\/BTP_1T_Ti_2016.pdf\">1er trimestre 2016<\/a><\/li><li><a href=\"http:\/\/stat-niger.org\/wp-content\/uploads\/2020\/05\/BTP_2T_Ti_2016_vf-1.pdf\">2\u00e8me trimestre 2016<\/a><\/li><\/ul><h4>Ann\u00e9e 2015 :<\/h4><ul><li><a href=\"http:\/\/stat-niger.org\/wp-content\/uploads\/2020\/05\/BTP_1T_Ti_2015.pdf\">1er trimestre 2015<\/a><\/li><li><a href=\"http:\/\/stat-niger.org\/wp-content\/uploads\/2020\/05\/BTP_2T_Ti_2015_corrige.pdf\">2\u00e8me trimestre 2015<\/a><\/li><li><a href=\"http:\/\/stat-niger.org\/wp-content\/uploads\/2020\/05\/BTP_3T-Ti_2015.pdf\">3\u00e8me trimestre 2015<\/a><\/li><li><a href=\"http:\/\/stat-niger.org\/wp-content\/uploads\/2020\/05\/BTP_4T_Ti_2015.pdf\">4\u00e8me trimestre 2015<\/a><\/li><li><a href=\"http:\/\/stat-niger.org\/wp-content\/uploads\/2020\/05\/BTP_A_2015_Ti.pdf\">Bulletin annuel des prix 2015<\/a><\/li><\/ul><h3 class=\"text-highlight highlight-green\">Les Monographies de\u00a0Tillab\u00e9ri<\/h3><ul><li><a href=\"http:\/\/stat-niger.org\/wp-content\/uploads\/2020\/05\/Monographie_region_Tillabery.pdf\">Monographie r\u00e9gionale de Tillab\u00e9ri<\/a><\/li><li><a href=\"http:\/\/stat-niger.org\/wp-content\/uploads\/2020\/05\/Monographie_Tillabery-2.pdf\">Monographie sur les adolescents de la r\u00e9gion de Tillab\u00e9ri RGPH2012<\/a><\/li><\/ul><h3 class=\"text-highlight highlight-green\">D\u00e9pliants D\u00e9mographiques de\u00a0Tillab\u00e9ri<\/h3><ul><li><a href=\"http:\/\/stat-niger.org\/wp-content\/uploads\/tillaberi\/Depliant_Demographique_Tillaberi_2024.pdf\">D\u00e9pliant D\u00e9mographique 2024<\/a><\/li><li><a href=\"http:\/\/stat-niger.org\/wp-content\/uploads\/tillaberi\/Depliant_Demographique_Tillaberi_2023.pdf\">D\u00e9pliant D\u00e9mographique 2023<\/a><\/li><li><a href=\"http:\/\/stat-niger.org\/wp-content\/uploads\/tillaberi\/Depliant_Demographique_Tillaberi_2022.pdf\">D\u00e9pliant D\u00e9mographique 2022<\/a><\/li><li><a href=\"http:\/\/stat-niger.org\/wp-content\/uploads\/tillaberi\/Depliant_Demographique_Tillaberi_2021.pdf\">D\u00e9pliant D\u00e9mographique 2021<\/a><\/li><li><a href=\"http:\/\/stat-niger.org\/wp-content\/uploads\/tillaberi\/Depliant_Demographique_Tillaberi_2020.pdf\">D\u00e9pliant D\u00e9mographique 2020<\/a><\/li><li><a href=\"http:\/\/stat-niger.org\/wp-content\/uploads\/tillaberi\/Depliant_Demographique_Tillaberi_2019.pdf\">D\u00e9pliant D\u00e9mographique 2019<\/a><\/li><li><a href=\"http:\/\/stat-niger.org\/wp-content\/uploads\/tillaberi\/Depliant_Demographique_Tillaberi_2018.pdf\">D\u00e9pliant D\u00e9mographique 2018<\/a><\/li><li><a href=\"http:\/\/stat-niger.org\/wp-content\/uploads\/tillaberi\/Depliant_Demographique_Tillaberi_2015.pdf\">D\u00e9pliant D\u00e9mographique 2015<\/a><\/li><li><a href=\"http:\/\/stat-niger.org\/wp-content\/uploads\/tillaberi\/Depliant_Demographique_Tillaberi_2014.pdf\">D\u00e9pliant D\u00e9mographique 2014<\/a><\/li><\/ul>\t\t\t\t\t\t\t\t<\/div>\n\t\t\t\t<\/div>\n\t\t\t\t\t<\/div>\n\t\t<\/div>\n\t\t\t\t\t<\/div>\n\t\t<\/section>\n\t\t\t\t<\/div>\n\t\t","protected":false},"excerpt":{"rendered":"<p>Tillab\u00e9ri\u00a0 en chiffres : \u00e9dition annuelle Tillab\u00e9ri en chiffres 2023 Tillab\u00e9ri en&hellip;<\/p>\n","protected":false},"author":6,"featured_media":405,"parent":198,"menu_order":0,"comment_status":"closed","ping_status":"closed","template":"","meta":{"_uag_custom_page_level_css":"","footnotes":""},"class_list":["post-349","page","type-page","status-publish","has-post-thumbnail","hentry"],"uagb_featured_image_src":{"full":["https:\/\/www.stat-niger.org\/wp-content\/uploads\/2020\/05\/Tillaberi-1.jpg",1563,735,false],"thumbnail":["https:\/\/www.stat-niger.org\/wp-content\/uploads\/2020\/05\/Tillaberi-1-150x150.jpg",150,150,true],"medium":["https:\/\/www.stat-niger.org\/wp-content\/uploads\/2020\/05\/Tillaberi-1-300x141.jpg",300,141,true],"medium_large":["https:\/\/www.stat-niger.org\/wp-content\/uploads\/2020\/05\/Tillaberi-1-768x361.jpg",768,361,true],"large":["https:\/\/www.stat-niger.org\/wp-content\/uploads\/2020\/05\/Tillaberi-1-1024x482.jpg",1024,482,true],"1536x1536":["https:\/\/www.stat-niger.org\/wp-content\/uploads\/2020\/05\/Tillaberi-1.jpg",1536,722,false],"2048x2048":["https:\/\/www.stat-niger.org\/wp-content\/uploads\/2020\/05\/Tillaberi-1.jpg",1563,735,false],"mini":["https:\/\/www.stat-niger.org\/wp-content\/uploads\/2020\/05\/Tillaberi-1.jpg",50,24,false],"penci-single-full":["https:\/\/www.stat-niger.org\/wp-content\/uploads\/2020\/05\/Tillaberi-1.jpg",1563,735,false],"penci-slider-full-thumb":["https:\/\/www.stat-niger.org\/wp-content\/uploads\/2020\/05\/Tillaberi-1.jpg",1563,735,false],"penci-full-thumb":["https:\/\/www.stat-niger.org\/wp-content\/uploads\/2020\/05\/Tillaberi-1-1170x550.jpg",1170,550,true],"penci-slider-thumb":["https:\/\/www.stat-niger.org\/wp-content\/uploads\/2020\/05\/Tillaberi-1-1170x663.jpg",1170,663,true],"penci-magazine-slider":["https:\/\/www.stat-niger.org\/wp-content\/uploads\/2020\/05\/Tillaberi-1-780x516.jpg",780,516,true],"penci-thumb":["https:\/\/www.stat-niger.org\/wp-content\/uploads\/2020\/05\/Tillaberi-1-585x390.jpg",585,390,true],"penci-masonry-thumb":["https:\/\/www.stat-niger.org\/wp-content\/uploads\/2020\/05\/Tillaberi-1-585x275.jpg",585,275,true],"penci-thumb-square":["https:\/\/www.stat-niger.org\/wp-content\/uploads\/2020\/05\/Tillaberi-1-585x585.jpg",585,585,true],"penci-thumb-vertical":["https:\/\/www.stat-niger.org\/wp-content\/uploads\/2020\/05\/Tillaberi-1-480x650.jpg",480,650,true],"penci-thumb-small":["https:\/\/www.stat-niger.org\/wp-content\/uploads\/2020\/05\/Tillaberi-1-263x175.jpg",263,175,true]},"uagb_author_info":{"display_name":"Abass Ali Tassiou","author_link":"https:\/\/www.stat-niger.org\/?author=6"},"uagb_comment_info":0,"uagb_excerpt":"Tillab\u00e9ri\u00a0 en chiffres : \u00e9dition annuelle Tillab\u00e9ri en chiffres 2023 Tillab\u00e9ri en&hellip;","_links":{"self":[{"href":"https:\/\/www.stat-niger.org\/index.php?rest_route=\/wp\/v2\/pages\/349","targetHints":{"allow":["GET"]}}],"collection":[{"href":"https:\/\/www.stat-niger.org\/index.php?rest_route=\/wp\/v2\/pages"}],"about":[{"href":"https:\/\/www.stat-niger.org\/index.php?rest_route=\/wp\/v2\/types\/page"}],"author":[{"embeddable":true,"href":"https:\/\/www.stat-niger.org\/index.php?rest_route=\/wp\/v2\/users\/6"}],"replies":[{"embeddable":true,"href":"https:\/\/www.stat-niger.org\/index.php?rest_route=%2Fwp%2Fv2%2Fcomments&post=349"}],"version-history":[{"count":57,"href":"https:\/\/www.stat-niger.org\/index.php?rest_route=\/wp\/v2\/pages\/349\/revisions"}],"predecessor-version":[{"id":5340,"href":"https:\/\/www.stat-niger.org\/index.php?rest_route=\/wp\/v2\/pages\/349\/revisions\/5340"}],"up":[{"embeddable":true,"href":"https:\/\/www.stat-niger.org\/index.php?rest_route=\/wp\/v2\/pages\/198"}],"wp:featuredmedia":[{"embeddable":true,"href":"https:\/\/www.stat-niger.org\/index.php?rest_route=\/wp\/v2\/media\/405"}],"wp:attachment":[{"href":"https:\/\/www.stat-niger.org\/index.php?rest_route=%2Fwp%2Fv2%2Fmedia&parent=349"}],"curies":[{"name":"wp","href":"https:\/\/api.w.org\/{rel}","templated":true}]}}