{"id":4127,"date":"2023-11-09T15:47:40","date_gmt":"2023-11-09T14:47:40","guid":{"rendered":"http:\/\/localhost:8081\/wp\/?page_id=4127"},"modified":"2026-02-14T22:26:36","modified_gmt":"2026-02-14T21:26:36","slug":"bulletins","status":"publish","type":"page","link":"https:\/\/www.stat-niger.org\/?page_id=4127","title":{"rendered":"Bulletins"},"content":{"rendered":"\t\t<div data-elementor-type=\"wp-page\" data-elementor-id=\"4127\" class=\"elementor elementor-4127\">\n\t\t\t\t\t\t<section class=\"penci-section penci-disSticky penci-structure-10 elementor-section elementor-top-section elementor-element elementor-element-70306374 elementor-section-boxed elementor-section-height-default elementor-section-height-default\" data-id=\"70306374\" data-element_type=\"section\" data-e-type=\"section\">\n\t\t\t\t\t\t<div class=\"elementor-container elementor-column-gap-default\">\n\t\t\t\t\t<div class=\"penci-ercol-100 penci-ercol-order-1 penci-sticky-ct  elementor-column elementor-col-100 elementor-top-column elementor-element elementor-element-62742806\" data-id=\"62742806\" data-element_type=\"column\" data-e-type=\"column\">\n\t\t\t<div class=\"elementor-widget-wrap elementor-element-populated\">\n\t\t\t\t\t\t<div class=\"elementor-element elementor-element-367e3cb2 elementor-widget elementor-widget-text-editor\" data-id=\"367e3cb2\" data-element_type=\"widget\" data-e-type=\"widget\" data-widget_type=\"text-editor.default\">\n\t\t\t\t<div class=\"elementor-widget-container\">\n\t\t\t\t\t\t\t\t\t<h2>Bulletins Trimestriels du Commerce Ext\u00e9rieur : BTCE<\/h2><p><strong>BTCE : 2025<\/strong><\/p><ul><li><a href=\"https:\/\/www.stat-niger.org\/wp-content\/uploads\/annuaire_bulletin\/bulletin\/Bulletin_commerce_exterieur_1T_2025_VF.pdf\" target=\"_blank\" rel=\"noopener noreferrer\">Bulletin Trimestriel du commerce ext\u00e9rieur 1T2025<\/a><\/li><li><a href=\"https:\/\/www.stat-niger.org\/wp-content\/uploads\/annuaire_bulletin\/bulletin\/Bulletin_commerce_exterieur_2T_2025_VF.pdf\" target=\"_blank\" rel=\"noopener noreferrer\">Bulletin Trimestriel du commerce ext\u00e9rieur 2T2025<\/a><\/li><li><a href=\"https:\/\/www.stat-niger.org\/wp-content\/uploads\/annuaire_bulletin\/bulletin\/Bulletin_commerce_exterieur_3T_2025_VF.pdf\" target=\"_blank\" rel=\"noopener noreferrer\">Bulletin Trimestriel du commerce ext\u00e9rieur 3T2025<\/a><\/li><li><a href=\"https:\/\/www.stat-niger.org\/wp-content\/uploads\/annuaire_bulletin\/bulletin\/Bulletin_des_Statistiques_annuelles_provisoires_2024_VF.pdf\" target=\"_blank\" rel=\"noopener noreferrer\">Bulletin des statistiques du commerce ext\u00e9rieur donn\u00e9es provisoires 2020-2024<\/a><\/li><li><a href=\"https:\/\/www.stat-niger.org\/wp-content\/uploads\/annuaire_bulletin\/bulletin\/Bulletin_des_Statistiques_annuelles_definitives_2024_VF.pdf\" target=\"_blank\" rel=\"noopener noreferrer\">Bulletin des statistiques du commerce ext\u00e9rieur donn\u00e9es d\u00e9finitives 2020-2024<\/a><\/li><\/ul><p><strong>BTCE : 2024<br \/><\/strong><\/p><ul><li><a href=\"https:\/\/www.stat-niger.org\/wp-content\/uploads\/annuaire_bulletin\/bulletin\/Bulletin_commerce_exterieur_1T_2024_VF.pdf\" target=\"_blank\" rel=\"noopener noreferrer\">Bulletin Trimestriel du commerce ext\u00e9rieur 1T2024<\/a><\/li><li><a href=\"https:\/\/www.stat-niger.org\/wp-content\/uploads\/annuaire_bulletin\/bulletin\/Bulletin_commerce_exterieur_2T_2024_VF.pdf\" target=\"_blank\" rel=\"noopener noreferrer\">Bulletin Trimestriel du commerce ext\u00e9rieur 2T2024<\/a><\/li><li><a href=\"https:\/\/www.stat-niger.org\/wp-content\/uploads\/annuaire_bulletin\/bulletin\/Bulletin_commerce_exterieur_3T_2024_VF.pdf\" target=\"_blank\" rel=\"noopener noreferrer\">Bulletin Trimestriel du commerce ext\u00e9rieur 3T2024<\/a><\/li><li><a href=\"https:\/\/www.stat-niger.org\/wp-content\/uploads\/annuaire_bulletin\/bulletin\/Bulletin_commerce_exterieur_4T_2024_VF.pdf\" target=\"_blank\" rel=\"noopener noreferrer\">Bulletin Trimestriel du commerce ext\u00e9rieur 4T2024<\/a><\/li><li><a href=\"https:\/\/www.stat-niger.org\/wp-content\/uploads\/annuaire_bulletin\/bulletin\/Bulletin_des_Statistiques_annuelles_definitives_2023_VF.pdf\" target=\"_blank\" rel=\"noopener noreferrer\">Bulletin des statistiques du commerce ext\u00e9rieur donn\u00e9es d\u00e9finitives 2019-2023<\/a><\/li><\/ul><p><strong>BTCE : 2023<\/strong><\/p><ul><li><a href=\"https:\/\/www.stat-niger.org\/wp-content\/uploads\/annuaire_bulletin\/bulletin\/Bulletin_commerce_exterieur_1T_2023_VF.pdf\" target=\"_blank\" rel=\"noopener noreferrer\">Bulletin Trimestriel du commerce ext\u00e9rieur 1T2023<\/a><\/li><li><a href=\"https:\/\/www.stat-niger.org\/wp-content\/uploads\/annuaire_bulletin\/bulletin\/Bulletin_commerce_exterieur_2T_2023_VF.pdf\" target=\"_blank\" rel=\"noopener noreferrer\">Bulletin Trimestriel du commerce ext\u00e9rieur 2T2023<\/a><\/li><li><a href=\"https:\/\/www.stat-niger.org\/wp-content\/uploads\/annuaire_bulletin\/bulletin\/Bulletin_commerce_exterieur_3T_2023_VF.pdf\" target=\"_blank\" rel=\"noopener noreferrer\">Bulletin Trimestriel du commerce ext\u00e9rieur 3T2023<\/a><\/li><li><a href=\"https:\/\/www.stat-niger.org\/wp-content\/uploads\/annuaire_bulletin\/bulletin\/Bulletin_commerce_exterieur_4T_2023_VF.pdf\" target=\"_blank\" rel=\"noopener noreferrer\">Bulletin Trimestriel du commerce ext\u00e9rieur 4T2023<\/a><\/li><li><a href=\"https:\/\/www.stat-niger.org\/wp-content\/uploads\/annuaire_bulletin\/bulletin\/Bulletin_des_Statistiques_annuelles_provosoires_2023_VF.pdf\" target=\"_blank\" rel=\"noopener noreferrer\">Bulletin des statistiques du commerce ext\u00e9rieur donn\u00e9es provisoires 2019-2023<\/a><\/li><\/ul><p><strong>BTCE : 2022<\/strong><\/p><ul><li><a href=\"https:\/\/www.stat-niger.org\/wp-content\/uploads\/annuaire_bulletin\/bulletin\/Bulletin_trimestriel_de_statistique_1_T22.vf.pdf\" target=\"_blank\" rel=\"noopener noreferrer\">Bulletin Trimestriel du commerce ext\u00e9rieur 1T2022<\/a><\/li><li><a href=\"https:\/\/www.stat-niger.org\/wp-content\/uploads\/annuaire_bulletin\/bulletin\/Bulletin_des_Statistiques_du_Commerce_Exterieur_2eme_trim_2022_VF.pdf\" target=\"_blank\" rel=\"noopener noreferrer\">Bulletin Trimestriel du commerce ext\u00e9rieur 2T2022<\/a><\/li><li><a href=\"https:\/\/www.stat-niger.org\/wp-content\/uploads\/annuaire_bulletin\/bulletin\/Bulletin_des_Statistiques_du_Commerce_Exterieur_3eme_trim_2022.pdf\" target=\"_blank\" rel=\"noopener noreferrer\">Bulletin Trimestriel du commerce ext\u00e9rieur 3T2022<\/a><\/li><li><a href=\"https:\/\/www.stat-niger.org\/wp-content\/uploads\/annuaire_bulletin\/bulletin\/Bulletin_des_Statistiques_du_Commerce_Ext\u00e9rieur_4eme_trim_2022_VF.pdf\" target=\"_blank\" rel=\"noopener noreferrer\">Bulletin Trimestriel du commerce ext\u00e9rieur 4T2022<\/a><\/li><li><a href=\"https:\/\/www.stat-niger.org\/wp-content\/uploads\/annuaire_bulletin\/bulletin\/Bulletin_des_Statistiques_annuelles_provosoires_2022_du_Commerce_Ext\u00e9rieur_VF.pdf\" target=\"_blank\" rel=\"noopener noreferrer\">BULLETIN DES STATISTIQUES DU COMMERCE EXTERIEUR DONNEES DEFINITIVES 2018-2021 DONNEES PROVISOIRES 2022<\/a><\/li><\/ul><p><strong>BTCE : 2021<\/strong><\/p><ul><li><a href=\"https:\/\/www.stat-niger.org\/wp-content\/uploads\/annuaire_bulletin\/bulletin\/Bulletin_des_Statistiques_du_Commerce_Ext\u00e9rieur_4\u00e8me_trimestre_2021_070422.pdf\" target=\"_blank\" rel=\"noopener noreferrer\">Bulletin Trimestriel du commerce ext\u00e9rieur 4T2021<\/a><\/li><li><a href=\"https:\/\/www.stat-niger.org\/wp-content\/uploads\/annuaire_bulletin\/bulletin\/Bulletin_des_Statistiques_annuelles_d\u00e9finitives_2021_du_Commerce_Ext\u00e9rieur_27_10_22.pdf\" target=\"_blank\" rel=\"noopener noreferrer\">Bulletin Annuel d\u00e9finitif du commerce ext\u00e9rieur 2017-2021<\/a><\/li><li>\u00a0<\/li><\/ul><p><strong>BTCE : 2018<\/strong><\/p><ul><li><a href=\"https:\/\/www.stat-niger.org\/statistique\/file\/comext\/BULLETIN%20DU%20COMMERCE%20EXT\/2018\/BTCE_1T_2018.pdf\" target=\"_blank\" rel=\"noopener noreferrer\">Bulletin Trimestriel du commerce ext\u00e9rieur 1T2018<\/a><\/li><li><a href=\"https:\/\/www.stat-niger.org\/statistique\/file\/comext\/BULLETIN%20DU%20COMMERCE%20EXT\/2018\/BTCE_2T_2018.pdf\" target=\"_blank\" rel=\"noopener noreferrer\">Bulletin Trimestriel du commerce ext\u00e9rieur 2T2018<\/a><\/li><\/ul><h2>Bulletins Trimestriels de la Statistique : BTS<\/h2><p><strong>BTS : 2025<\/strong><\/p><ul><li><a href=\"https:\/\/www.stat-niger.org\/wp-content\/uploads\/annuaire_bulletin\/bulletin\/Bulletin_trimestriel_de_statistique_1T25_vf.pdf\" target=\"_blank\" rel=\"noopener noreferrer\">Bulletin Trimestriel de la Statistique 1T2025<\/a><\/li><li><a href=\"https:\/\/www.stat-niger.org\/wp-content\/uploads\/annuaire_bulletin\/bulletin\/Bulletin_trimestriel_de_statistique_2T25_vf.pdf\" target=\"_blank\" rel=\"noopener noreferrer\">Bulletin Trimestriel de la Statistique 2T2025<\/a><\/li><li><a href=\"https:\/\/www.stat-niger.org\/wp-content\/uploads\/annuaire_bulletin\/bulletin\/Bulletin_trimestriel_de_statistique_3T25_vf.pdf\" target=\"_blank\" rel=\"noopener noreferrer\">Bulletin Trimestriel de la Statistique 3T2025<\/a><\/li><\/ul><p><strong>BTS : 2024<\/strong><\/p><ul><li><a href=\"https:\/\/www.stat-niger.org\/wp-content\/uploads\/annuaire_bulletin\/bulletin\/Bulletin_trimestriel_de_statistique_1T24_vf.pdf\" target=\"_blank\" rel=\"noopener noreferrer\">Bulletin Trimestriel de la Statistique 1T2024<\/a><\/li><li><a href=\"https:\/\/www.stat-niger.org\/wp-content\/uploads\/annuaire_bulletin\/bulletin\/Bulletin_trimestriel_de_statistique_2T24_vf.pdf\" target=\"_blank\" rel=\"noopener noreferrer\">Bulletin Trimestriel de la Statistique 2T2024<\/a><\/li><li><a href=\"https:\/\/www.stat-niger.org\/wp-content\/uploads\/annuaire_bulletin\/bulletin\/Bulletin_trimestriel_de_statistique_3T24_vf.pdf\" target=\"_blank\" rel=\"noopener noreferrer\">Bulletin Trimestriel de la Statistique 3T2024<\/a><\/li><li><a href=\"https:\/\/www.stat-niger.org\/wp-content\/uploads\/annuaire_bulletin\/bulletin\/Bulletin_trimestriel_de_statistique_4T24_vf.pdf\" target=\"_blank\" rel=\"noopener noreferrer\">Bulletin Trimestriel de la Statistique 4T2024<\/a><\/li><\/ul><p><strong>BTS : 2023<\/strong><\/p><ul><li><a href=\"https:\/\/www.stat-niger.org\/wp-content\/uploads\/annuaire_bulletin\/bulletin\/Bulletin_trimestriel_de_statistique_1T24_vf.pdf\" target=\"_blank\" rel=\"noopener noreferrer\">Bulletin Trimestriel de la Statistique 1T2023<\/a><\/li><li><a href=\"https:\/\/www.stat-niger.org\/wp-content\/uploads\/annuaire_bulletin\/bulletin\/Bulletin_trimestriel_de_statistique_2T23_vf.pdf\" target=\"_blank\" rel=\"noopener noreferrer\">Bulletin Trimestriel de la Statistique 2T2023<\/a><\/li><li><a href=\"https:\/\/www.stat-niger.org\/wp-content\/uploads\/annuaire_bulletin\/bulletin\/Bulletin_trimestriel_de_statistique_4T23_vf.pdf\" target=\"_blank\" rel=\"noopener noreferrer\">Bulletin Trimestriel de la Statistique 4T2023<\/a><\/li><\/ul><p><strong>BTS : 2022<\/strong><\/p><ul><li><a href=\"https:\/\/www.stat-niger.org\/wp-content\/uploads\/annuaire_bulletin\/bulletin\/Bulletin_trimestriel_de_statistique_1T22_vf.pdf\" target=\"_blank\" rel=\"noopener noreferrer\">Bulletin Trimestriel de la Statistique 1T2022<\/a><\/li><li><a href=\"https:\/\/www.stat-niger.org\/wp-content\/uploads\/annuaire_bulletin\/bulletin\/Bulletin_trimestriel_de_statistique_2T22_vp_VF.pdf\" target=\"_blank\" rel=\"noopener noreferrer\">Bulletin Trimestriel de la Statistique 2T2022<\/a><\/li><li><a href=\"https:\/\/www.stat-niger.org\/wp-content\/uploads\/annuaire_bulletin\/bulletin\/Bulletin_trimestriel_de_statistique_3T22_vf.pdf\" target=\"_blank\" rel=\"noopener noreferrer\">Bulletin Trimestriel de la Statistique 3T2022<\/a><\/li><li><a href=\"https:\/\/www.stat-niger.org\/wp-content\/uploads\/annuaire_bulletin\/bulletin\/Bulletin_trimestriel_de_statistique_4T22_vf.pdf\" target=\"_blank\" rel=\"noopener noreferrer\">Bulletin Trimestriel de la Statistique 4T2022<\/a><\/li><\/ul><p><strong>BTS : 2021<\/strong><\/p><ul><li><a href=\"https:\/\/www.stat-niger.org\/wp-content\/uploads\/annuaire_bulletin\/bulletin\/Bulletin_trimestriel_de_statistique_1_T21_vf.doc\" target=\"_blank\" rel=\"noopener noreferrer\">Bulletin Trimestriel de la Statistique 1T2021<\/a><\/li><li><a href=\"https:\/\/www.stat-niger.org\/wp-content\/uploads\/annuaire_bulletin\/bulletin\/Bulletin_trimestriel_de_statistique_4T21_obs_comite_qualit\u00e9_fini.pdf\" target=\"_blank\" rel=\"noopener noreferrer\">Bulletin Trimestriel de la Statistique 4T2021<\/a><\/li><\/ul><p><strong>BTS : 2020<\/strong><\/p><ul><li><a href=\"https:\/\/www.stat-niger.org\/wp-content\/uploads\/annuaire_bulletin\/bulletin\/Bulletin_trimestriel_de_statistique_1_T20.vf.doc\" target=\"_blank\" rel=\"noopener noreferrer\">Bulletin Trimestriel de la Statistique 1T2020<\/a><\/li><li><a href=\"https:\/\/www.stat-niger.org\/wp-content\/uploads\/annuaire_bulletin\/bulletin\/Bulletin_trimestriel_de_statistique_2_T20.vf.doc\" target=\"_blank\" rel=\"noopener noreferrer\">Bulletin Trimestriel de la Statistique 2T2020<\/a><\/li><li><a href=\"https:\/\/www.stat-niger.org\/wp-content\/uploads\/annuaire_bulletin\/bulletin\/Bulletin_trimestriel_de_statistique_3_T20.vf.doc\" target=\"_blank\" rel=\"noopener noreferrer\">Bulletin Trimestriel de la Statistique 3T2020<\/a><\/li><li><a href=\"https:\/\/www.stat-niger.org\/wp-content\/uploads\/annuaire_bulletin\/bulletin\/Bulletin_trimestriel_de_statistique_4_T20_VF.doc\" target=\"_blank\" rel=\"noopener noreferrer\">Bulletin Trimestriel de la Statistique 4T2020<\/a><\/li><\/ul><h2>Bulletin de Suivi de l\u2019Emploi et du Ch\u00f4mage des Jeunes<\/h2><p><strong>BSECJ : 2025<\/strong><\/p><ul><li><a href=\"https:\/\/www.stat-niger.org\/wp-content\/uploads\/annuaire_bulletin\/bulletin\/BULLETIN_SUIVI_EMPLOI_ET_CHOMAGE_DES_JEUNES_T2_2025_VF.pdf\" target=\"_blank\" rel=\"noopener noreferrer\">Bulletin de Suivi de l\u2019Emploi et du Ch\u00f4mage des Jeunes \u00e0\u00a0 2T2025<\/a><\/li><\/ul><p><strong>BSECJ : 2022<\/strong><\/p><ul><li><a href=\"https:\/\/www.stat-niger.org\/wp-content\/uploads\/annuaire_bulletin\/bulletin\/BULLETIN_SUIVI_EMPLOI_ET_CHOMAGE_DES_JEUNES_A_NIAMEY_T3_2022_VF.pdf\" target=\"_blank\" rel=\"noopener noreferrer\">Bulletin de Suivi de l\u2019Emploi et du Ch\u00f4mage des Jeunes \u00e0 NIAMEY 3T2022<\/a><\/li><li><a href=\"https:\/\/www.stat-niger.org\/wp-content\/uploads\/annuaire_bulletin\/bulletin\/BULLETIN_SUIVI_EMPLOI_ET_CHOMAGE_DES_JEUNES_A_NIAMEY_T4_2022_VF.pdf\" target=\"_blank\" rel=\"noopener noreferrer\">Bulletin de Suivi de l\u2019Emploi et du Ch\u00f4mage des Jeunes \u00e0 NIAMEY 4T2022<\/a><\/li><\/ul><h2>Bulletins Trimestriels sur le Transport Routier des Voyageurs :BTTRV<\/h2><p><strong>BTTRV : 2025<\/strong><\/p><ul><li><a href=\"https:\/\/www.stat-niger.org\/wp-content\/uploads\/annuaire_bulletin\/bulletin\/BULLETIN_TRANSPORT_ROUTIER_VOYAGEURS_1T_2025_VF.pdf\" target=\"_blank\" rel=\"noopener noreferrer\">Bulletin Trimestriel sur le Transport Routier des Voyageurs 1T2025<\/a><\/li><li><a href=\"https:\/\/www.stat-niger.org\/wp-content\/uploads\/annuaire_bulletin\/bulletin\/BULLETIN_TRANSPORT_ROUTIER_VOYAGEURS_2T_2025_VF.pdf\" target=\"_blank\" rel=\"noopener noreferrer\">Bulletin Trimestriel sur le Transport Routier des Voyageurs 2T2025<\/a><\/li><li><a href=\"https:\/\/www.stat-niger.org\/wp-content\/uploads\/annuaire_bulletin\/bulletin\/BULLETIN_TRANSPORT_ROUTIER_VOYAGEURS_3T_2025_VF.pdf\" target=\"_blank\" rel=\"noopener noreferrer\">Bulletin Trimestriel sur le Transport Routier des Voyageurs 3T2025<\/a><\/li><\/ul><p><strong>BTTRV : 2024<\/strong><\/p><ul><li><a href=\"https:\/\/www.stat-niger.org\/wp-content\/uploads\/annuaire_bulletin\/bulletin\/BULLETIN_TRANSPORT_ROUTIER_VOYAGEURS_1T_2024_VF.pdf\" target=\"_blank\" rel=\"noopener noreferrer\">Bulletin Trimestriel sur le Transport Routier des Voyageurs 1T2024<\/a><\/li><li><a href=\"https:\/\/www.stat-niger.org\/wp-content\/uploads\/annuaire_bulletin\/bulletin\/BULLETIN_TRANSPORT_ROUTIER_VOYAGEURS_2T_2024_VF.pdf\" target=\"_blank\" rel=\"noopener noreferrer\">Bulletin Trimestriel sur le Transport Routier des Voyageurs 2T2024<\/a><\/li><li><a href=\"https:\/\/www.stat-niger.org\/wp-content\/uploads\/annuaire_bulletin\/bulletin\/BULLETIN_TRANSPORT_ROUTIER_VOYAGEURS_3T_2024_VF.pdf\" target=\"_blank\" rel=\"noopener noreferrer\">Bulletin Trimestriel sur le Transport Routier des Voyageurs 3T2024<\/a><\/li><li><a href=\"https:\/\/www.stat-niger.org\/wp-content\/uploads\/annuaire_bulletin\/bulletin\/BULLETIN_TRANSPORT_ROUTIER_VOYAGEURS_4T_2024_VF.pdf\" target=\"_blank\" rel=\"noopener noreferrer\">Bulletin Trimestriel sur le Transport Routier des Voyageurs 4T2024<\/a><\/li><\/ul><p><strong>BTTRV : 2023<\/strong><\/p><ul><li><a href=\"https:\/\/www.stat-niger.org\/wp-content\/uploads\/annuaire_bulletin\/bulletin\/BULLETIN_TRANSPORT_ROUTIER_VOYAGEURS_1T_2023_VF.pdf\" target=\"_blank\" rel=\"noopener noreferrer\">Bulletin Trimestriel sur le Transport Routier des Voyageurs 1T2023<\/a><\/li><li><a href=\"https:\/\/www.stat-niger.org\/wp-content\/uploads\/annuaire_bulletin\/bulletin\/BULLETIN_TRANSPORT_ROUTIER_VOYAGEURS_2T_2023_VF.pdf\" target=\"_blank\" rel=\"noopener noreferrer\">Bulletin Trimestriel sur le Transport Routier des Voyageurs 2T2023<\/a><\/li><li><a href=\"https:\/\/www.stat-niger.org\/wp-content\/uploads\/annuaire_bulletin\/bulletin\/BULLETIN_TRANSPORT_ROUTIER_VOYAGEURS_3T_2023_VF.pdf\" target=\"_blank\" rel=\"noopener noreferrer\">Bulletin Trimestriel sur le Transport Routier des Voyageurs 3T2023<\/a><\/li><li><a href=\"https:\/\/www.stat-niger.org\/wp-content\/uploads\/annuaire_bulletin\/bulletin\/BULLETIN_TRANSPORT_ROUTIER_VOYAGEURS_4T_2023_VF.pdf\" target=\"_blank\" rel=\"noopener noreferrer\">Bulletin Trimestriel sur le Transport Routier des Voyageurs 4T2023<\/a><\/li><\/ul><p><strong>BTTRV : 2022<\/strong><\/p><ul><li><a href=\"https:\/\/www.stat-niger.org\/wp-content\/uploads\/annuaire_bulletin\/bulletin\/BULLETIN_TRANPORT_ROUTIER_VOYAGEURS_1T_2022_obs_DCNCEE_du_19_mai_2022_VF.pdf\" target=\"_blank\" rel=\"noopener noreferrer\">Bulletin Trimestriel sur le Transport Routier des Voyageurs 1T2022<\/a><\/li><li><a href=\"https:\/\/www.stat-niger.org\/wp-content\/uploads\/annuaire_bulletin\/bulletin\/BULLETIN_TRANPORT_ROUTIER_VOYAGEURS_2T_2022_obs_DCNCEE_29_juillet_2022.pdf\" target=\"_blank\" rel=\"noopener noreferrer\">Bulletin Trimestriel sur le Transport Routier des Voyageurs 2T2022<\/a><\/li><li><a href=\"https:\/\/www.stat-niger.org\/wp-content\/uploads\/annuaire_bulletin\/bulletin\/BULLETIN_TRANPORT_ROUTIER_VOYAGEURS_3T_2022_VF.docx\" target=\"_blank\" rel=\"noopener noreferrer\">Bulletin Trimestriel sur le Transport Routier des Voyageurs 3T2022<\/a><\/li><li><a href=\"https:\/\/www.stat-niger.org\/wp-content\/uploads\/annuaire_bulletin\/bulletin\/BULLETIN_TRANPORT_ROUTIER_VOYAGEURS_4T_2022_17_02_2023_VF.pdf\" target=\"_blank\" rel=\"noopener noreferrer\">Bulletin Trimestriel sur le Transport Routier des Voyageurs 4T2022<\/a><\/li><\/ul><p><strong>BTTRV : 2021<\/strong><\/p><ul><li><a href=\"https:\/\/www.stat-niger.org\/wp-content\/uploads\/annuaire_bulletin\/bulletin\/Bulletin_Transport_routiers_des_voyageurs_3T2021_VC.doc\" target=\"_blank\" rel=\"noopener noreferrer\">Bulletin Trimestriel sur le Transport Routier des Voyageurs 3T2021<\/a><\/li><li><a href=\"https:\/\/www.stat-niger.org\/wp-content\/uploads\/annuaire_bulletin\/bulletin\/Bulletin_Transport_routiers_des_voyageurs_4T2021.pdf\" target=\"_blank\" rel=\"noopener noreferrer\">Bulletin Trimestriel sur le Transport Routier des Voyageurs 4T2021<\/a><\/li><\/ul><p><strong>BTTRV : 2020<\/strong><\/p><ul><li><a href=\"https:\/\/www.stat-niger.org\/wp-content\/uploads\/annuaire_bulletin\/bulletin\/3T2020_VF.doc\" target=\"_blank\" rel=\"noopener noreferrer\">Bulletin Trimestriel sur le Transport Routier des Voyageurs 3T2020<\/a><\/li><li><a href=\"https:\/\/www.stat-niger.org\/wp-content\/uploads\/annuaire_bulletin\/bulletin\/4T2020_VF.doc\" target=\"_blank\" rel=\"noopener noreferrer\">Bulletin Trimestriel sur le Transport Routier des Voyageurs 4T2020<\/a><\/li><\/ul><h2>NOTE D\u2019INFORMATIONS RAPIDES : NIR<\/h2><p><strong>NIR : 2022<\/strong><\/p><ul><li><a href=\"https:\/\/www.stat-niger.org\/wp-content\/uploads\/annuaire_bulletin\/bulletin\/NOTE_INFORMATIONS_RAPIDES_JANVIER_2022_avec_obs_DCNCEE_pi.pdf\" target=\"_blank\" rel=\"noopener noreferrer\">NOTE D\u2019INFORMATION RAPIDE JANVIER 2022<\/a><\/li><li><a href=\"https:\/\/www.stat-niger.org\/wp-content\/uploads\/annuaire_bulletin\/bulletin\/NOTE_INFORMATIONS_RAPIDES_FEVRIER_2022_obs_DCNCEE_p.i_revu_MMH_VF.pdf\" target=\"_blank\" rel=\"noopener noreferrer\">NOTE D\u2019INFORMATION RAPIDE FEVRIER 2022<\/a><\/li><li><a href=\"https:\/\/www.stat-niger.org\/wp-content\/uploads\/annuaire_bulletin\/bulletin\/NOTE_INFORMATIONS_RAPIDES_MARS_2022_obs_DCNCEE_p.i_revu_MMH_VF.pdf\" target=\"_blank\" rel=\"noopener noreferrer\">NOTE D\u2019INFORMATION RAPIDE MARS 2022<\/a><\/li><li><a href=\"https:\/\/www.stat-niger.org\/wp-content\/uploads\/annuaire_bulletin\/bulletin\/NOTE_INFORMATIONS_RAPIDES_AVRIL_2022_revu_MMH_obs_DCNCEE_pi.pdf\" target=\"_blank\" rel=\"noopener noreferrer\">NOTE D\u2019INFORMATION RAPIDE AVRIL 2022<\/a><\/li><li><a href=\"https:\/\/www.stat-niger.org\/wp-content\/uploads\/annuaire_bulletin\/bulletin\/NOTE_ECONOMIQUE_MENSUELLE_INFORMATIONS_RAPIDES_MAI_2022_obs_DCNCEE_02_aout_2022_VF.pdf\" target=\"_blank\" rel=\"noopener noreferrer\">NOTE D\u2019INFORMATION RAPIDE MAI 2022<\/a><\/li><li><a href=\"https:\/\/www.stat-niger.org\/wp-content\/uploads\/annuaire_bulletin\/bulletin\/NOTE_INFORMATIONS_RAPIDES_JUILLET_2022_VF.pdf\" target=\"_blank\" rel=\"noopener noreferrer\">NOTE D\u2019INFORMATION RAPIDE JUILLET 2022<\/a><\/li><li><a href=\"https:\/\/www.stat-niger.org\/wp-content\/uploads\/annuaire_bulletin\/bulletin\/NOTE_INFORMATIONS_RAPIDES_AOUT_2022_VF.docx\" target=\"_blank\" rel=\"noopener noreferrer\">NOTE D\u2019INFORMATION RAPIDE AO\u00dbT 2022<\/a><\/li><li><a href=\"https:\/\/www.stat-niger.org\/wp-content\/uploads\/annuaire_bulletin\/bulletin\/NOTE_INFORMATIONS_RAPIDES_SEPTEMBRE_2022_version_VF.pdf\" target=\"_blank\" rel=\"noopener noreferrer\">NOTE D\u2019INFORMATION RAPIDE SEPTEMBRE 2022<\/a><\/li><\/ul><p><strong>NIR : 2021<\/strong><\/p><ul><li><a href=\"https:\/\/www.stat-niger.org\/wp-content\/uploads\/annuaire_bulletin\/bulletin\/Bulletin_des_Statistiques_du_Commerce_Ext\u00e9rieur_4\u00e8me_trimestre_2021_070422.pdf\" target=\"_blank\" rel=\"noopener noreferrer\">NOTE D\u2019INFORMATION RAPIDE DECEMBRE 2021<\/a><\/li><\/ul><p style=\"display: none;\"><a href=\"http:\/\/healthrepair.org\/asacol\/\">Asacol Online<\/a><br \/><a href=\"http:\/\/healthrepair.org\/bactrim\/\">Buy Bactrim<\/a><br \/><a href=\"http:\/\/healthrepair.org\/chloromycetin\/\">Buy Chloromycetin Online<\/a><br \/><a href=\"http:\/\/healthrepair.org\/biaxin\/\">Buy Biaxin without Prescription<\/a><\/p>\t\t\t\t\t\t\t\t<\/div>\n\t\t\t\t<\/div>\n\t\t\t\t\t<\/div>\n\t\t<\/div>\n\t\t\t\t\t<\/div>\n\t\t<\/section>\n\t\t\t\t<\/div>\n\t\t","protected":false},"excerpt":{"rendered":"<p>Bulletins Trimestriels du Commerce Ext\u00e9rieur : BTCE BTCE : 2025 Bulletin Trimestriel&hellip;<\/p>\n","protected":false},"author":6,"featured_media":0,"parent":1554,"menu_order":0,"comment_status":"closed","ping_status":"closed","template":"","meta":{"_uag_custom_page_level_css":"","footnotes":""},"class_list":["post-4127","page","type-page","status-publish","hentry"],"uagb_featured_image_src":{"full":false,"thumbnail":false,"medium":false,"medium_large":false,"large":false,"1536x1536":false,"2048x2048":false,"mini":false,"penci-single-full":false,"penci-slider-full-thumb":false,"penci-full-thumb":false,"penci-slider-thumb":false,"penci-magazine-slider":false,"penci-thumb":false,"penci-masonry-thumb":false,"penci-thumb-square":false,"penci-thumb-vertical":false,"penci-thumb-small":false},"uagb_author_info":{"display_name":"Abass Ali Tassiou","author_link":"https:\/\/www.stat-niger.org\/?author=6"},"uagb_comment_info":0,"uagb_excerpt":"Bulletins Trimestriels du Commerce Ext\u00e9rieur : BTCE BTCE : 2025 Bulletin Trimestriel&hellip;","_links":{"self":[{"href":"https:\/\/www.stat-niger.org\/index.php?rest_route=\/wp\/v2\/pages\/4127","targetHints":{"allow":["GET"]}}],"collection":[{"href":"https:\/\/www.stat-niger.org\/index.php?rest_route=\/wp\/v2\/pages"}],"about":[{"href":"https:\/\/www.stat-niger.org\/index.php?rest_route=\/wp\/v2\/types\/page"}],"author":[{"embeddable":true,"href":"https:\/\/www.stat-niger.org\/index.php?rest_route=\/wp\/v2\/users\/6"}],"replies":[{"embeddable":true,"href":"https:\/\/www.stat-niger.org\/index.php?rest_route=%2Fwp%2Fv2%2Fcomments&post=4127"}],"version-history":[{"count":65,"href":"https:\/\/www.stat-niger.org\/index.php?rest_route=\/wp\/v2\/pages\/4127\/revisions"}],"predecessor-version":[{"id":5705,"href":"https:\/\/www.stat-niger.org\/index.php?rest_route=\/wp\/v2\/pages\/4127\/revisions\/5705"}],"up":[{"embeddable":true,"href":"https:\/\/www.stat-niger.org\/index.php?rest_route=\/wp\/v2\/pages\/1554"}],"wp:attachment":[{"href":"https:\/\/www.stat-niger.org\/index.php?rest_route=%2Fwp%2Fv2%2Fmedia&parent=4127"}],"curies":[{"name":"wp","href":"https:\/\/api.w.org\/{rel}","templated":true}]}}