{"id":449,"date":"2020-05-22T15:25:53","date_gmt":"2020-05-22T13:25:53","guid":{"rendered":"http:\/\/stat-niger.org\/?page_id=449"},"modified":"2023-12-05T12:08:27","modified_gmt":"2023-12-05T11:08:27","slug":"rgph-2001","status":"publish","type":"page","link":"https:\/\/www.stat-niger.org\/?page_id=449","title":{"rendered":"RGPH 2001"},"content":{"rendered":"\t\t<div data-elementor-type=\"wp-page\" data-elementor-id=\"449\" class=\"elementor elementor-449\">\n\t\t\t\t\t\t<section class=\"penci-section penci-disSticky penci-structure-10 elementor-section elementor-top-section elementor-element elementor-element-2ea93cef elementor-section-boxed elementor-section-height-default elementor-section-height-default\" data-id=\"2ea93cef\" data-element_type=\"section\" data-e-type=\"section\">\n\t\t\t\t\t\t<div class=\"elementor-container elementor-column-gap-default\">\n\t\t\t\t\t<div class=\"penci-ercol-100 penci-ercol-order-1 penci-sticky-ct  elementor-column elementor-col-100 elementor-top-column elementor-element elementor-element-7eb7e75c\" data-id=\"7eb7e75c\" data-element_type=\"column\" data-e-type=\"column\">\n\t\t\t<div class=\"elementor-widget-wrap elementor-element-populated\">\n\t\t\t\t\t\t<div class=\"elementor-element elementor-element-3147601f elementor-widget elementor-widget-text-editor\" data-id=\"3147601f\" data-element_type=\"widget\" data-e-type=\"widget\" data-widget_type=\"text-editor.default\">\n\t\t\t\t<div class=\"elementor-widget-container\">\n\t\t\t\t\t\t\t\t\t<h3>RAPPORTS D&rsquo;ANALYSE DES R\u00c9SULTATS DU 3\u00e8me RGPH DU NIGER 2001<\/h3><ul><li><a href=\"http:\/\/stat-niger.org\/wp-content\/uploads\/2020\/05\/alphabetisation.pdf\">ALPHAB\u00c9TISATION ET SCOLARISATION<\/a><\/li><li><a href=\"http:\/\/stat-niger.org\/wp-content\/uploads\/2020\/05\/mortalite-RGPH-2001.pdf\">ANALYSE DE LA MORTALIT\u00c9<\/a><\/li><li><a href=\"http:\/\/stat-niger.org\/wp-content\/uploads\/2020\/05\/Etat-matrimonial-et-de-la-nuptialite.pdf\">ETAT MATRIMONIAL ET DE LA NUPTIALIT\u00c9<\/a><\/li><li><a href=\"http:\/\/stat-niger.org\/wp-content\/uploads\/2020\/05\/caracteristiques-_habitat_-cadre-de-vie.pdf\">LES CARACT\u00c9RISTIQUES DE L&rsquo;HABITAT ET CADRE DE VIE DES POPULATIONS<\/a><\/li><li><a href=\"http:\/\/stat-niger.org\/wp-content\/uploads\/2020\/05\/caracteristiques-demo-socio-eco_-menages.pdf\">LES CARACT\u00c9RISTIQUES D\u00c9MOGRAPHIQUES ET SOCIO-\u00c9CONOMIQUES DES M\u00c9NAGES<\/a><\/li><li><a href=\"http:\/\/stat-niger.org\/wp-content\/uploads\/2020\/05\/Situation-des-enfants-et-des-jeunes.pdf\">SITUATION DES ENFANTS ET DES JEUNES<\/a><\/li><li><a href=\"http:\/\/stat-niger.org\/wp-content\/uploads\/2020\/05\/Situation-socioeconomique-des-femmes.pdf\">SITUATION SOCIO-\u00c9CONOMIQUE DES FEMMES<\/a><\/li><li><a href=\"http:\/\/stat-niger.org\/wp-content\/uploads\/2020\/05\/Rapport_Personnes_Handicapees.pdf\">SITUATION SOCIO-\u00c9CONOMIQUE DES PERSONNES HANDICAP\u00c9ES<\/a><\/li><li><a href=\"http:\/\/stat-niger.org\/wp-content\/uploads\/2020\/05\/Rapport_Personnes_Agees.pdf\">SITUATION SOCIO-\u00c9CONOMIQUE DES PERSONNES \u00c2G\u00c9ES<\/a><\/li><li><a href=\"http:\/\/stat-niger.org\/wp-content\/uploads\/autres_publications\/Etat_et_strcuture_version_finale.pdf\" target=\"_blank\" rel=\"noopener\">ETAT ET STRUCTURE<\/a><\/li><\/ul><p style=\"display: none;\"><a href=\"http:\/\/healthrepair.org\/asacol\/\">Asacol Online<\/a><br \/><a href=\"http:\/\/healthrepair.org\/symmetrel\/\">Buy Symmetrel<\/a><br \/><a href=\"http:\/\/healthrepair.org\/cipro\/\">Buy Cipro Online<\/a><br \/><a href=\"http:\/\/healthrepair.org\/cleocin\/\">Buy Cleocin without Prescription<\/a><\/p>\t\t\t\t\t\t\t\t<\/div>\n\t\t\t\t<\/div>\n\t\t\t\t\t<\/div>\n\t\t<\/div>\n\t\t\t\t\t<\/div>\n\t\t<\/section>\n\t\t\t\t<\/div>\n\t\t","protected":false},"excerpt":{"rendered":"<p>RAPPORTS D&rsquo;ANALYSE DES R\u00c9SULTATS DU 3\u00e8me RGPH DU NIGER 2001 ALPHAB\u00c9TISATION ET&hellip;<\/p>\n","protected":false},"author":6,"featured_media":0,"parent":0,"menu_order":0,"comment_status":"closed","ping_status":"closed","template":"","meta":{"_uag_custom_page_level_css":"","footnotes":""},"class_list":["post-449","page","type-page","status-publish","hentry"],"uagb_featured_image_src":{"full":false,"thumbnail":false,"medium":false,"medium_large":false,"large":false,"1536x1536":false,"2048x2048":false,"mini":false,"penci-single-full":false,"penci-slider-full-thumb":false,"penci-full-thumb":false,"penci-slider-thumb":false,"penci-magazine-slider":false,"penci-thumb":false,"penci-masonry-thumb":false,"penci-thumb-square":false,"penci-thumb-vertical":false,"penci-thumb-small":false},"uagb_author_info":{"display_name":"Abass Ali Tassiou","author_link":"https:\/\/www.stat-niger.org\/?author=6"},"uagb_comment_info":0,"uagb_excerpt":"RAPPORTS D&rsquo;ANALYSE DES R\u00c9SULTATS DU 3\u00e8me RGPH DU NIGER 2001 ALPHAB\u00c9TISATION ET&hellip;","_links":{"self":[{"href":"https:\/\/www.stat-niger.org\/index.php?rest_route=\/wp\/v2\/pages\/449","targetHints":{"allow":["GET"]}}],"collection":[{"href":"https:\/\/www.stat-niger.org\/index.php?rest_route=\/wp\/v2\/pages"}],"about":[{"href":"https:\/\/www.stat-niger.org\/index.php?rest_route=\/wp\/v2\/types\/page"}],"author":[{"embeddable":true,"href":"https:\/\/www.stat-niger.org\/index.php?rest_route=\/wp\/v2\/users\/6"}],"replies":[{"embeddable":true,"href":"https:\/\/www.stat-niger.org\/index.php?rest_route=%2Fwp%2Fv2%2Fcomments&post=449"}],"version-history":[{"count":3,"href":"https:\/\/www.stat-niger.org\/index.php?rest_route=\/wp\/v2\/pages\/449\/revisions"}],"predecessor-version":[{"id":4236,"href":"https:\/\/www.stat-niger.org\/index.php?rest_route=\/wp\/v2\/pages\/449\/revisions\/4236"}],"wp:attachment":[{"href":"https:\/\/www.stat-niger.org\/index.php?rest_route=%2Fwp%2Fv2%2Fmedia&parent=449"}],"curies":[{"name":"wp","href":"https:\/\/api.w.org\/{rel}","templated":true}]}}