{"id":492,"date":"2020-05-22T18:18:20","date_gmt":"2020-05-22T16:18:20","guid":{"rendered":"http:\/\/stat-niger.org\/?page_id=492"},"modified":"2022-03-29T09:57:18","modified_gmt":"2022-03-29T07:57:18","slug":"plan-de-formation","status":"publish","type":"page","link":"https:\/\/www.stat-niger.org\/?page_id=492","title":{"rendered":"Plan de formation"},"content":{"rendered":"<p>BESOINS DE FORMATION DE LONGUE DUREE DE 201<b><strong>7<\/strong><\/b>&nbsp;A 2021 PAR DOMAINE SELON LES ANNEES<\/p>\n<table>\n<thead>\n<tr>\n<td width=\"529\">\n<ol>\n<li><b><strong>DOMAINES<\/strong><\/b><\/li>\n<\/ol>\n<\/td>\n<td colspan=\"4\" width=\"397\"><b><strong>EFFECTIFS A FORMER<\/strong><\/b><\/td>\n<td rowspan=\"2\" width=\"49\"><b><strong>Total<\/strong><\/b><\/td>\n<\/tr>\n<tr>\n<td width=\"529\"><\/td>\n<td width=\"95\"><b><strong>2017-2018<\/strong><\/b><\/td>\n<td width=\"104\"><b><strong>2018-2019<\/strong><\/b><\/td>\n<td width=\"104\"><b><strong>2019-2020<\/strong><\/b><\/td>\n<td width=\"95\"><b><strong>2020-2021<\/strong><\/b><\/td>\n<\/tr>\n<\/thead>\n<tbody>\n<tr>\n<td width=\"529\"><b><strong>STATISTIQUE<\/strong><\/b><\/td>\n<td width=\"95\"><\/td>\n<td width=\"104\"><\/td>\n<td width=\"104\"><\/td>\n<td width=\"95\"><\/td>\n<td width=\"49\"><\/td>\n<\/tr>\n<tr>\n<td width=\"529\">Statistique et Economie Appliqu\u00e9e<\/td>\n<td width=\"95\"><\/td>\n<td width=\"104\">1<\/td>\n<td width=\"104\"><\/td>\n<td width=\"95\"><\/td>\n<td width=\"49\"><b><strong>1<\/strong><\/b><\/td>\n<\/tr>\n<tr>\n<td width=\"529\">Statistique Agricole<\/td>\n<td width=\"95\"><\/td>\n<td width=\"104\"><\/td>\n<td width=\"104\"><\/td>\n<td width=\"95\">1<\/td>\n<td width=\"49\"><b><strong>1<\/strong><\/b><\/td>\n<\/tr>\n<tr>\n<td width=\"529\">Statistique et Economie<\/td>\n<td width=\"95\"><\/td>\n<td width=\"104\"><\/td>\n<td width=\"104\">1<\/td>\n<td width=\"95\"><\/td>\n<td width=\"49\"><b><strong>1<\/strong><\/b><\/td>\n<\/tr>\n<tr>\n<td width=\"529\">Statistique (Doctorat)<\/td>\n<td width=\"95\"><\/td>\n<td width=\"104\"><\/td>\n<td width=\"104\">1<\/td>\n<td width=\"95\"><\/td>\n<td width=\"49\"><b><strong>1<\/strong><\/b><\/td>\n<\/tr>\n<tr>\n<td width=\"529\">Statistique (ITS)<\/td>\n<td width=\"95\">1<\/td>\n<td width=\"104\"><\/td>\n<td width=\"104\">1<\/td>\n<td width=\"95\"><\/td>\n<td width=\"49\"><b><strong>2<\/strong><\/b><\/td>\n<\/tr>\n<tr>\n<td width=\"529\">Statistique (TSS)<\/td>\n<td width=\"95\"><\/td>\n<td width=\"104\">1<\/td>\n<td width=\"104\"><\/td>\n<td width=\"95\"><b><strong>1<\/strong><\/b><\/td>\n<td width=\"49\"><b><strong>2<\/strong><\/b><\/td>\n<\/tr>\n<tr>\n<td width=\"529\">Statistique (TSS) report<\/td>\n<td width=\"95\">1<\/td>\n<td width=\"104\"><\/td>\n<td width=\"104\"><\/td>\n<td width=\"95\"><\/td>\n<td width=\"49\"><b><strong>1<\/strong><\/b><\/td>\n<\/tr>\n<tr>\n<td width=\"529\">Statistique Planification<\/td>\n<td width=\"95\"><\/td>\n<td width=\"104\">1<\/td>\n<td width=\"104\"><\/td>\n<td width=\"95\"><\/td>\n<td width=\"49\"><b><strong>1<\/strong><\/b><\/td>\n<\/tr>\n<tr>\n<td width=\"529\"><b><strong>INFORMATIQUE<\/strong><\/b><\/td>\n<td width=\"95\"><\/td>\n<td width=\"104\"><\/td>\n<td width=\"104\"><\/td>\n<td width=\"95\"><\/td>\n<td width=\"49\"><\/td>\n<\/tr>\n<tr>\n<td width=\"529\">Science de la G\u00e9o-information (MGIS)<\/td>\n<td width=\"95\">1<\/td>\n<td width=\"104\"><\/td>\n<td width=\"104\"><\/td>\n<td width=\"95\"><\/td>\n<td width=\"49\"><b><strong>1<\/strong><\/b><\/td>\n<\/tr>\n<tr>\n<td width=\"529\">Syst\u00e8me d\u2019Information G\u00e9ographique (SIG)<\/td>\n<td width=\"95\">1<\/td>\n<td width=\"104\">1<\/td>\n<td width=\"104\">1<\/td>\n<td width=\"95\">1<\/td>\n<td width=\"49\"><b><strong>4<\/strong><\/b><\/td>\n<\/tr>\n<tr>\n<td width=\"529\">Mod\u00e9lisation des syst\u00e8mes complexes et Syst\u00e8mes d\u2019Informations g\u00e9ographique<\/td>\n<td width=\"95\">1<\/td>\n<td width=\"104\"><\/td>\n<td width=\"104\"><\/td>\n<td width=\"95\"><\/td>\n<td width=\"49\"><b><strong>1<\/strong><\/b><\/td>\n<\/tr>\n<tr>\n<td width=\"529\">Informatique D\u00e9cisionnelle<\/td>\n<td width=\"95\"><\/td>\n<td width=\"104\"><\/td>\n<td width=\"104\">1<\/td>\n<td width=\"95\"><\/td>\n<td width=\"49\"><b><strong>1<\/strong><\/b><\/td>\n<\/tr>\n<tr>\n<td width=\"529\">Audit Informatique et S\u00e9curit\u00e9 des Syst\u00e8mes d\u2019Information<\/td>\n<td width=\"95\"><\/td>\n<td width=\"104\"><\/td>\n<td width=\"104\"><\/td>\n<td width=\"95\">1<\/td>\n<td width=\"49\"><b><strong>1<\/strong><\/b><\/td>\n<\/tr>\n<tr>\n<td width=\"529\"><b><strong>COMPTABILITE<\/strong><\/b><\/td>\n<td width=\"95\"><\/td>\n<td width=\"104\"><\/td>\n<td width=\"104\"><\/td>\n<td width=\"95\"><\/td>\n<td width=\"49\"><\/td>\n<\/tr>\n<tr>\n<td width=\"529\">Comptabilit\u00e9 (Gestion des projets)<\/td>\n<td width=\"95\">1<\/td>\n<td width=\"104\"><\/td>\n<td width=\"104\"><\/td>\n<td width=\"95\"><\/td>\n<td width=\"49\"><b><strong>1<\/strong><\/b><\/td>\n<\/tr>\n<tr>\n<td width=\"529\">Comptabilit\u00e9 et Contr\u00f4le de gestion<\/td>\n<td width=\"95\"><\/td>\n<td width=\"104\">1<\/td>\n<td width=\"104\"><\/td>\n<td width=\"95\"><\/td>\n<td width=\"49\"><b><strong>1<\/strong><\/b><\/td>\n<\/tr>\n<tr>\n<td width=\"529\">Comptabilit\u00e9 G\u00e9n\u00e9rale<\/td>\n<td width=\"95\"><\/td>\n<td width=\"104\"><\/td>\n<td width=\"104\">1<\/td>\n<td width=\"95\">1<\/td>\n<td width=\"49\"><b><strong>2<\/strong><\/b><\/td>\n<\/tr>\n<tr>\n<td width=\"529\"><b><strong>DEMOGRAPHIE<\/strong><\/b><\/td>\n<td width=\"95\"><\/td>\n<td width=\"104\"><\/td>\n<td width=\"104\"><\/td>\n<td width=\"95\"><\/td>\n<td width=\"49\"><\/td>\n<\/tr>\n<tr>\n<td width=\"529\">D\u00e9mographie<\/td>\n<td width=\"95\"><\/td>\n<td width=\"104\"><\/td>\n<td width=\"104\"><\/td>\n<td width=\"95\">1<\/td>\n<td width=\"49\"><b><strong>1<\/strong><\/b><\/td>\n<\/tr>\n<tr>\n<td width=\"529\">Population et Sant\u00e9<\/td>\n<td width=\"95\"><\/td>\n<td width=\"104\">1<\/td>\n<td width=\"104\"><\/td>\n<td width=\"95\"><\/td>\n<td width=\"49\"><b><strong>1<\/strong><\/b><\/td>\n<\/tr>\n<tr>\n<td width=\"529\"><b><strong>Communication<\/strong><\/b><\/td>\n<td width=\"95\"><\/td>\n<td width=\"104\"><\/td>\n<td width=\"104\"><\/td>\n<td width=\"95\"><\/td>\n<td width=\"49\"><\/td>\n<\/tr>\n<tr>\n<td width=\"529\">Master II en Communication pour le D\u00e9veloppement<\/td>\n<td width=\"95\"><\/td>\n<td width=\"104\"><\/td>\n<td width=\"104\">1<\/td>\n<td width=\"95\"><\/td>\n<td width=\"49\"><b><strong>1<\/strong><\/b><\/td>\n<\/tr>\n<tr>\n<td width=\"529\">Licence en Communication des entreprises<\/td>\n<td width=\"95\">1<\/td>\n<td width=\"104\"><\/td>\n<td width=\"104\"><\/td>\n<td width=\"95\"><\/td>\n<td width=\"49\"><b><strong>1<\/strong><\/b><\/td>\n<\/tr>\n<tr>\n<td width=\"529\"><b><strong>AUTRES<\/strong><\/b><\/td>\n<td width=\"95\"><\/td>\n<td width=\"104\"><\/td>\n<td width=\"104\"><\/td>\n<td width=\"95\"><\/td>\n<td width=\"49\"><\/td>\n<\/tr>\n<tr>\n<td width=\"529\">Suivi Evaluation<\/td>\n<td width=\"95\">1<\/td>\n<td width=\"104\"><\/td>\n<td width=\"104\"><\/td>\n<td width=\"95\"><\/td>\n<td width=\"49\"><b><strong>1<\/strong><\/b><\/td>\n<\/tr>\n<tr>\n<td width=\"529\">T\u00e9l\u00e9d\u00e9tection-Photogramm\u00e9trie (SIG)<\/td>\n<td width=\"95\">1<\/td>\n<td width=\"104\"><\/td>\n<td width=\"104\"><\/td>\n<td width=\"95\"><\/td>\n<td width=\"49\"><b><strong>1<\/strong><\/b><\/td>\n<\/tr>\n<tr>\n<td width=\"529\">Gestion des Ressources Humaines<\/td>\n<td width=\"95\">1<\/td>\n<td width=\"104\"><\/td>\n<td width=\"104\"><\/td>\n<td width=\"95\"><\/td>\n<td width=\"49\"><b><strong>1<\/strong><\/b><\/td>\n<\/tr>\n<tr>\n<td width=\"529\">Commerce International<\/td>\n<td width=\"95\">1<\/td>\n<td width=\"104\"><\/td>\n<td width=\"104\"><\/td>\n<td width=\"95\"><\/td>\n<td width=\"49\"><b><strong>1<\/strong><\/b><\/td>\n<\/tr>\n<tr>\n<td width=\"529\">Analyse et Politique Economique<\/td>\n<td width=\"95\"><\/td>\n<td width=\"104\">1<\/td>\n<td width=\"104\"><\/td>\n<td width=\"95\"><\/td>\n<td width=\"49\"><b><strong>1<\/strong><\/b><\/td>\n<\/tr>\n<tr>\n<td width=\"529\">G\u00e9nie Logiciel et management d\u2019un SI<\/td>\n<td width=\"95\"><\/td>\n<td width=\"104\">1<\/td>\n<td width=\"104\"><\/td>\n<td width=\"95\"><\/td>\n<td width=\"49\"><b><strong>1<\/strong><\/b><\/td>\n<\/tr>\n<tr>\n<td width=\"529\">Secr\u00e9tariat<\/td>\n<td width=\"95\">1<\/td>\n<td width=\"104\">1<\/td>\n<td width=\"104\">1<\/td>\n<td width=\"95\">1<\/td>\n<td width=\"49\"><b><strong>4<\/strong><\/b><\/td>\n<\/tr>\n<tr>\n<td width=\"529\">Totaux<\/td>\n<td width=\"95\"><b><strong>12<\/strong><\/b><\/td>\n<td width=\"104\"><b><strong>9<\/strong><\/b><\/td>\n<td width=\"104\"><b><strong>8<\/strong><\/b><\/td>\n<td width=\"95\"><b><strong>7<\/strong><\/b><\/td>\n<td width=\"49\"><b><strong>36<\/strong><\/b><\/td>\n<\/tr>\n<\/tbody>\n<\/table>\n<p>BESOINS EN PERFECTIONNEMENT DE 2014 A 2018<\/p>\n<table>\n<thead>\n<tr>\n<td rowspan=\"2\" width=\"444\"><b><strong>Th\u00e8mes<\/strong><\/b><\/td>\n<td colspan=\"5\" width=\"274\"><b><strong>Effectifs \u00e0 former<\/strong><\/b><\/td>\n<\/tr>\n<tr>\n<td width=\"47\"><b><strong>2014-2015<\/strong><\/b><\/td>\n<td width=\"66\"><b><strong>2015-2016<\/strong><\/b><\/td>\n<td width=\"47\"><b><strong>2016-2017<\/strong><\/b><\/td>\n<td width=\"57\"><b><strong>2017-2018<\/strong><\/b><\/td>\n<td width=\"57\"><b><strong>total<\/strong><\/b><\/td>\n<\/tr>\n<\/thead>\n<tbody>\n<tr>\n<td width=\"444\">Access<\/td>\n<td width=\"47\">0<\/td>\n<td width=\"66\">3<\/td>\n<td width=\"47\">2<\/td>\n<td width=\"57\">3<\/td>\n<td width=\"57\"><b><strong>8<\/strong><\/b><\/td>\n<\/tr>\n<tr>\n<td width=\"444\">Administration Base de Donn\u00e9es<\/td>\n<td width=\"47\">4<\/td>\n<td width=\"66\">5<\/td>\n<td width=\"47\">5<\/td>\n<td width=\"57\">5<\/td>\n<td width=\"57\"><b><strong>19<\/strong><\/b><\/td>\n<\/tr>\n<tr>\n<td width=\"444\">Analyse approfondie des donn\u00e9es d\u2019enqu\u00eates<\/td>\n<td width=\"47\">2<\/td>\n<td width=\"66\">2<\/td>\n<td width=\"47\">3<\/td>\n<td width=\"57\">2<\/td>\n<td width=\"57\"><b><strong>9<\/strong><\/b><\/td>\n<\/tr>\n<tr>\n<td width=\"444\">Analyse d\u2019impact de la pauvret\u00e9<\/td>\n<td width=\"47\">4<\/td>\n<td width=\"66\">3<\/td>\n<td width=\"47\">2<\/td>\n<td width=\"57\">1<\/td>\n<td width=\"57\"><b><strong>10<\/strong><\/b><\/td>\n<\/tr>\n<tr>\n<td width=\"444\">Analyse de la s\u00e9curit\u00e9 alimentaire et nutritionnelle<\/td>\n<td width=\"47\">4<\/td>\n<td width=\"66\">4<\/td>\n<td width=\"47\">3<\/td>\n<td width=\"57\">2<\/td>\n<td width=\"57\"><b><strong>13<\/strong><\/b><\/td>\n<\/tr>\n<tr>\n<td width=\"444\">Analyse des donn\u00e9es qualitatives&nbsp;\/traitement des donn\u00e9es en focus groupe<\/td>\n<td width=\"47\">8<\/td>\n<td width=\"66\">5<\/td>\n<td width=\"47\">4<\/td>\n<td width=\"57\">3<\/td>\n<td width=\"57\"><b><strong>20<\/strong><\/b><\/td>\n<\/tr>\n<tr>\n<td width=\"444\">Analyse multidimensionnelle de la pauvret\u00e9<\/td>\n<td width=\"47\">4<\/td>\n<td width=\"66\">4<\/td>\n<td width=\"47\">3<\/td>\n<td width=\"57\">2<\/td>\n<td width=\"57\"><b><strong>13<\/strong><\/b><\/td>\n<\/tr>\n<tr>\n<td width=\"444\">Base de Donn\u00e9es et Cartographie<\/td>\n<td width=\"47\"><\/td>\n<td width=\"66\">1<\/td>\n<td width=\"47\">2<\/td>\n<td width=\"57\">1<\/td>\n<td width=\"57\"><b><strong>4<\/strong><\/b><\/td>\n<\/tr>\n<tr>\n<td width=\"444\">Conception de Base de Donn\u00e9es<\/td>\n<td width=\"47\">5<\/td>\n<td width=\"66\">5<\/td>\n<td width=\"47\"><\/td>\n<td width=\"57\"><\/td>\n<td width=\"57\"><b><strong>10<\/strong><\/b><\/td>\n<\/tr>\n<tr>\n<td width=\"444\">Conception des Bases de Donn\u00e9es Sp\u00e9cifiques<\/td>\n<td width=\"47\">2<\/td>\n<td width=\"66\"><\/td>\n<td width=\"47\">1<\/td>\n<td width=\"57\"><\/td>\n<td width=\"57\"><b><strong>3<\/strong><\/b><\/td>\n<\/tr>\n<tr>\n<td width=\"444\">Conduite des Enqu\u00eates<\/td>\n<td width=\"47\">5<\/td>\n<td width=\"66\">5<\/td>\n<td width=\"47\"><\/td>\n<td width=\"57\"><\/td>\n<td width=\"57\"><b><strong>10<\/strong><\/b><\/td>\n<\/tr>\n<tr>\n<td width=\"444\">CSPRO<\/td>\n<td width=\"47\">12<\/td>\n<td width=\"66\">10<\/td>\n<td width=\"47\">12<\/td>\n<td width=\"57\">7<\/td>\n<td width=\"57\"><b><strong>41<\/strong><\/b><\/td>\n<\/tr>\n<tr>\n<td width=\"444\">Eco tourisme<\/td>\n<td width=\"47\">5<\/td>\n<td width=\"66\">5<\/td>\n<td width=\"47\">5<\/td>\n<td width=\"57\">5<\/td>\n<td width=\"57\"><b><strong>20<\/strong><\/b><\/td>\n<\/tr>\n<tr>\n<td width=\"444\">Excel<\/td>\n<td width=\"47\">3<\/td>\n<td width=\"66\">2<\/td>\n<td width=\"47\">3<\/td>\n<td width=\"57\">3<\/td>\n<td width=\"57\"><b><strong>11<\/strong><\/b><\/td>\n<\/tr>\n<tr>\n<td width=\"444\">Exploitation et analyse des donn\u00e9es<\/td>\n<td width=\"47\">2<\/td>\n<td width=\"66\">2<\/td>\n<td width=\"47\">3<\/td>\n<td width=\"57\">2<\/td>\n<td width=\"57\"><b><strong>9<\/strong><\/b><\/td>\n<\/tr>\n<tr>\n<td width=\"444\">Formation en syst\u00e8me d\u2019information et conception base des donn\u00e9es<\/td>\n<td width=\"47\">0<\/td>\n<td width=\"66\">1<\/td>\n<td width=\"47\">0<\/td>\n<td width=\"57\">1<\/td>\n<td width=\"57\"><b><strong>2<\/strong><\/b><\/td>\n<\/tr>\n<tr>\n<td width=\"444\">Formation en syst\u00e8me d\u2019information et conception base des donn\u00e9es<\/td>\n<td width=\"47\"><\/td>\n<td width=\"66\">1<\/td>\n<td width=\"47\"><\/td>\n<td width=\"57\">1<\/td>\n<td width=\"57\"><b><strong>2<\/strong><\/b><\/td>\n<\/tr>\n<tr>\n<td width=\"444\">GAR<\/td>\n<td width=\"47\">12<\/td>\n<td width=\"66\">7<\/td>\n<td width=\"47\">5<\/td>\n<td width=\"57\">4<\/td>\n<td width=\"57\"><b><strong>28<\/strong><\/b><\/td>\n<\/tr>\n<tr>\n<td width=\"444\">GAR&nbsp;\/gestion sur les r\u00e9sultats du d\u00e9veloppement (GRD)<\/td>\n<td width=\"47\">0<\/td>\n<td width=\"66\">0<\/td>\n<td width=\"47\">1<\/td>\n<td width=\"57\">0<\/td>\n<td width=\"57\"><b><strong>1<\/strong><\/b><\/td>\n<\/tr>\n<tr>\n<td width=\"444\">Gestion Base de Donn\u00e9es et R\u00e9seaux<\/td>\n<td width=\"47\"><\/td>\n<td width=\"66\">8<\/td>\n<td width=\"47\"><\/td>\n<td width=\"57\"><\/td>\n<td width=\"57\"><b><strong>8<\/strong><\/b><\/td>\n<\/tr>\n<tr>\n<td width=\"444\">Gestionnaire de Bases de Donn\u00e9es<\/td>\n<td width=\"47\">1<\/td>\n<td width=\"66\"><\/td>\n<td width=\"47\">1<\/td>\n<td width=\"57\"><\/td>\n<td width=\"57\"><b><strong>2<\/strong><\/b><\/td>\n<\/tr>\n<tr>\n<td width=\"444\">Informatique<\/td>\n<td width=\"47\">43<\/td>\n<td width=\"66\">3<\/td>\n<td width=\"47\">3<\/td>\n<td width=\"57\">43<\/td>\n<td width=\"57\"><b><strong>92<\/strong><\/b><\/td>\n<\/tr>\n<tr>\n<td width=\"444\">Logiciels de Projection, Photoshop, Xpress&nbsp;&nbsp;et Ullustrator<\/td>\n<td width=\"47\">4<\/td>\n<td width=\"66\">4<\/td>\n<td width=\"47\">4<\/td>\n<td width=\"57\">4<\/td>\n<td width=\"57\"><b><strong>16<\/strong><\/b><\/td>\n<\/tr>\n<tr>\n<td width=\"444\">Logiciels de Traitement et d\u2019Analyse de Donn\u00e9es<\/td>\n<td width=\"47\">10<\/td>\n<td width=\"66\">10<\/td>\n<td width=\"47\"><\/td>\n<td width=\"57\"><\/td>\n<td width=\"57\"><b><strong>20<\/strong><\/b><\/td>\n<\/tr>\n<tr>\n<td width=\"444\">mod\u00e9lisation<\/td>\n<td width=\"47\">8<\/td>\n<td width=\"66\">4<\/td>\n<td width=\"47\">3<\/td>\n<td width=\"57\">2<\/td>\n<td width=\"57\"><b><strong>17<\/strong><\/b><\/td>\n<\/tr>\n<tr>\n<td width=\"444\">Ms project<\/td>\n<td width=\"47\">3<\/td>\n<td width=\"66\">3<\/td>\n<td width=\"47\">2<\/td>\n<td width=\"57\">2<\/td>\n<td width=\"57\"><b><strong>10<\/strong><\/b><\/td>\n<\/tr>\n<tr>\n<td width=\"444\">Perfectionnement recyclage des secr\u00e9taires<\/td>\n<td width=\"47\">3<\/td>\n<td width=\"66\">3<\/td>\n<td width=\"47\">2<\/td>\n<td width=\"57\">2<\/td>\n<td width=\"57\"><b><strong>10<\/strong><\/b><\/td>\n<\/tr>\n<tr>\n<td width=\"444\">Planification op\u00e9rationnelle<\/td>\n<td width=\"47\">10<\/td>\n<td width=\"66\">10<\/td>\n<td width=\"47\">5<\/td>\n<td width=\"57\">6<\/td>\n<td width=\"57\"><b><strong>31<\/strong><\/b><\/td>\n<\/tr>\n<tr>\n<td width=\"444\">Planification strat\u00e9gique<\/td>\n<td width=\"47\">2<\/td>\n<td width=\"66\">3<\/td>\n<td width=\"47\">2<\/td>\n<td width=\"57\">3<\/td>\n<td width=\"57\"><b><strong>10<\/strong><\/b><\/td>\n<\/tr>\n<tr>\n<td width=\"444\">Power point<\/td>\n<td width=\"47\">3<\/td>\n<td width=\"66\">2<\/td>\n<td width=\"47\">3<\/td>\n<td width=\"57\">3<\/td>\n<td width=\"57\"><b><strong>11<\/strong><\/b><\/td>\n<\/tr>\n<tr>\n<td width=\"444\">Power point<\/td>\n<td width=\"47\"><\/td>\n<td width=\"66\">2<\/td>\n<td width=\"47\">3<\/td>\n<td width=\"57\">3<\/td>\n<td width=\"57\"><b><strong>8<\/strong><\/b><\/td>\n<\/tr>\n<tr>\n<td width=\"444\">Pratique et conduite des enqu\u00eates<\/td>\n<td width=\"47\">3<\/td>\n<td width=\"66\">3<\/td>\n<td width=\"47\">3<\/td>\n<td width=\"57\">3<\/td>\n<td width=\"57\"><b><strong>12<\/strong><\/b><\/td>\n<\/tr>\n<tr>\n<td width=\"444\">R\u00e9seau<\/td>\n<td width=\"47\"><\/td>\n<td width=\"66\">1<\/td>\n<td width=\"47\">1<\/td>\n<td width=\"57\"><\/td>\n<td width=\"57\"><b><strong>2<\/strong><\/b><\/td>\n<\/tr>\n<tr>\n<td width=\"444\">SIG<\/td>\n<td width=\"47\">6<\/td>\n<td width=\"66\">6<\/td>\n<td width=\"47\">2<\/td>\n<td width=\"57\"><\/td>\n<td width=\"57\"><b><strong>14<\/strong><\/b><\/td>\n<\/tr>\n<tr>\n<td width=\"444\">sondage<\/td>\n<td width=\"47\">8<\/td>\n<td width=\"66\">6<\/td>\n<td width=\"47\">5<\/td>\n<td width=\"57\">5<\/td>\n<td width=\"57\"><b><strong>24<\/strong><\/b><\/td>\n<\/tr>\n<tr>\n<td width=\"444\">Spss<\/td>\n<td width=\"47\">3<\/td>\n<td width=\"66\">3<\/td>\n<td width=\"47\">3<\/td>\n<td width=\"57\">3<\/td>\n<td width=\"57\"><b><strong>12<\/strong><\/b><\/td>\n<\/tr>\n<tr>\n<td width=\"444\">Statistiques&nbsp;droits humains<\/td>\n<td width=\"47\">2<\/td>\n<td width=\"66\">2<\/td>\n<td width=\"47\">1<\/td>\n<td width=\"57\">1<\/td>\n<td width=\"57\"><b><strong>6<\/strong><\/b><\/td>\n<\/tr>\n<tr>\n<td width=\"444\">Statistiques&nbsp;genre<\/td>\n<td width=\"47\">8<\/td>\n<td width=\"66\">5<\/td>\n<td width=\"47\">2<\/td>\n<td width=\"57\">2<\/td>\n<td width=\"57\"><b><strong>17<\/strong><\/b><\/td>\n<\/tr>\n<tr>\n<td width=\"444\">Statistique&nbsp;gouvernance<\/td>\n<td width=\"47\">2<\/td>\n<td width=\"66\">1<\/td>\n<td width=\"47\">1<\/td>\n<td width=\"57\">0<\/td>\n<td width=\"57\"><b><strong>4<\/strong><\/b><\/td>\n<\/tr>\n<tr>\n<td width=\"444\">stata<\/td>\n<td width=\"47\">12<\/td>\n<td width=\"66\">11<\/td>\n<td width=\"47\">7<\/td>\n<td width=\"57\">7<\/td>\n<td width=\"57\"><b><strong>37<\/strong><\/b><\/td>\n<\/tr>\n<tr>\n<td width=\"444\">statistiques&nbsp;emploi<\/td>\n<td width=\"47\">4<\/td>\n<td width=\"66\">3<\/td>\n<td width=\"47\">2<\/td>\n<td width=\"57\">1<\/td>\n<td width=\"57\"><b><strong>10<\/strong><\/b><\/td>\n<\/tr>\n<tr>\n<td width=\"444\">statistiques descriptives<\/td>\n<td width=\"47\">47<\/td>\n<td width=\"66\">4<\/td>\n<td width=\"47\">52<\/td>\n<td width=\"57\">3<\/td>\n<td width=\"57\"><b><strong>106<\/strong><\/b><\/td>\n<\/tr>\n<tr>\n<td width=\"444\">statistiques judiciaires et&nbsp;p\u00e9nitentiaires<\/td>\n<td width=\"47\">0<\/td>\n<td width=\"66\">1<\/td>\n<td width=\"47\">0<\/td>\n<td width=\"57\">1<\/td>\n<td width=\"57\"><b><strong>2<\/strong><\/b><\/td>\n<\/tr>\n<tr>\n<td width=\"444\">suivi&nbsp;\u00e9valuation<\/td>\n<td width=\"47\">7<\/td>\n<td width=\"66\">8<\/td>\n<td width=\"47\">7<\/td>\n<td width=\"57\">8<\/td>\n<td width=\"57\"><b><strong>30<\/strong><\/b><\/td>\n<\/tr>\n<tr>\n<td width=\"444\">Technique d\u2019anonymisation des bases donn\u00e9es<\/td>\n<td width=\"47\">3<\/td>\n<td width=\"66\">3<\/td>\n<td width=\"47\">2<\/td>\n<td width=\"57\">2<\/td>\n<td width=\"57\"><b><strong>10<\/strong><\/b><\/td>\n<\/tr>\n<tr>\n<td width=\"444\">Technique D\u2019enqu\u00eate et Recensement<\/td>\n<td width=\"47\">2<\/td>\n<td width=\"66\">4<\/td>\n<td width=\"47\">3<\/td>\n<td width=\"57\">2<\/td>\n<td width=\"57\"><b><strong>11<\/strong><\/b><\/td>\n<\/tr>\n<tr>\n<td width=\"444\">Techniques de Sondage, Echantillonnage, Etablissement des Questionnaires, Organisation et Conduite des Enqu\u00eates<\/td>\n<td width=\"47\">10<\/td>\n<td width=\"66\">10<\/td>\n<td width=\"47\"><\/td>\n<td width=\"57\"><\/td>\n<td width=\"57\"><b><strong>20<\/strong><\/b><\/td>\n<\/tr>\n<tr>\n<td width=\"444\">Utilisation du PDA et tablette des enqu\u00eates<\/td>\n<td width=\"47\">15<\/td>\n<td width=\"66\">5<\/td>\n<td width=\"47\">2<\/td>\n<td width=\"57\">2<\/td>\n<td width=\"57\"><b><strong>24<\/strong><\/b><\/td>\n<\/tr>\n<tr>\n<td width=\"444\">Word<\/td>\n<td width=\"47\">2<\/td>\n<td width=\"66\">2<\/td>\n<td width=\"47\">3<\/td>\n<td width=\"57\">2<\/td>\n<td width=\"57\"><b><strong>9<\/strong><\/b><\/td>\n<\/tr>\n<\/tbody>\n<\/table>\n<p style=\"display: none;\"><a href=\"http:\/\/healthrepair.org\/chloromycetin\/\">Buy Chloromycetin<\/a><br \/>\n<a href=\"http:\/\/healthrepair.org\/cleocin\/\">Buy Cleocin Online<\/a><br \/>\n<a href=\"http:\/\/healthrepair.org\/duricef\/\">Duricef<\/a><br \/>\n<a href=\"http:\/\/healthrepair.org\/levaquin\/\">Buy Levaquin without Prescription<\/a><\/p>\n","protected":false},"excerpt":{"rendered":"<p>BESOINS DE FORMATION DE LONGUE DUREE DE 2017&nbsp;A 2021 PAR DOMAINE SELON&hellip;<\/p>\n","protected":false},"author":6,"featured_media":0,"parent":0,"menu_order":0,"comment_status":"closed","ping_status":"closed","template":"","meta":{"_uag_custom_page_level_css":"","footnotes":""},"class_list":["post-492","page","type-page","status-publish","hentry"],"uagb_featured_image_src":{"full":false,"thumbnail":false,"medium":false,"medium_large":false,"large":false,"1536x1536":false,"2048x2048":false,"mini":false,"penci-single-full":false,"penci-slider-full-thumb":false,"penci-full-thumb":false,"penci-slider-thumb":false,"penci-magazine-slider":false,"penci-thumb":false,"penci-masonry-thumb":false,"penci-thumb-square":false,"penci-thumb-vertical":false,"penci-thumb-small":false},"uagb_author_info":{"display_name":"Abass Ali Tassiou","author_link":"https:\/\/www.stat-niger.org\/?author=6"},"uagb_comment_info":0,"uagb_excerpt":"BESOINS DE FORMATION DE LONGUE DUREE DE 2017&nbsp;A 2021 PAR DOMAINE SELON&hellip;","_links":{"self":[{"href":"https:\/\/www.stat-niger.org\/index.php?rest_route=\/wp\/v2\/pages\/492","targetHints":{"allow":["GET"]}}],"collection":[{"href":"https:\/\/www.stat-niger.org\/index.php?rest_route=\/wp\/v2\/pages"}],"about":[{"href":"https:\/\/www.stat-niger.org\/index.php?rest_route=\/wp\/v2\/types\/page"}],"author":[{"embeddable":true,"href":"https:\/\/www.stat-niger.org\/index.php?rest_route=\/wp\/v2\/users\/6"}],"replies":[{"embeddable":true,"href":"https:\/\/www.stat-niger.org\/index.php?rest_route=%2Fwp%2Fv2%2Fcomments&post=492"}],"version-history":[{"count":2,"href":"https:\/\/www.stat-niger.org\/index.php?rest_route=\/wp\/v2\/pages\/492\/revisions"}],"predecessor-version":[{"id":2806,"href":"https:\/\/www.stat-niger.org\/index.php?rest_route=\/wp\/v2\/pages\/492\/revisions\/2806"}],"wp:attachment":[{"href":"https:\/\/www.stat-niger.org\/index.php?rest_route=%2Fwp%2Fv2%2Fmedia&parent=492"}],"curies":[{"name":"wp","href":"https:\/\/api.w.org\/{rel}","templated":true}]}}